{"id":9134,"date":"2022-09-30T16:33:56","date_gmt":"2022-09-30T16:33:56","guid":{"rendered":"https:\/\/www.spanishfoodguide.com\/sobre-o-guia-alimentar-espanhol\/"},"modified":"2026-03-29T06:22:50","modified_gmt":"2026-03-29T06:22:50","slug":"sobre-o-guia-alimentar-espanhol","status":"publish","type":"page","link":"https:\/\/www.spanishfoodguide.com\/pt-br\/sobre-o-guia-alimentar-espanhol\/","title":{"rendered":"Sobre o Spanish Food Guide"},"content":{"rendered":"\n<div class=\"wp-block-group has-background is-layout-constrained wp-container-core-group-is-layout-ca0eebd3 wp-block-group-is-layout-constrained\" style=\"border-radius:12px;background-color:#fff7ed;padding-top:40px;padding-right:24px;padding-bottom:40px;padding-left:24px\">\n<h2 class=\"wp-block-heading has-text-align-center\" style=\"font-size:28px\">Nossa Miss\u00e3o<\/h2>\n\n\n\n<p class=\"has-text-align-center\" style=\"font-size:18px\">O Spanish Food Guide torna a culin\u00e1ria espanhola aut\u00eantica acess\u00edvel para cozinheiros caseiros em todo o mundo. Fundado em 2020, publicamos receitas testadas, guias detalhados de ingredientes e recomenda\u00e7\u00f5es de tours gastron\u00f4micos \u2014 tudo criado por uma equipe com ra\u00edzes profundas nas tradi\u00e7\u00f5es culin\u00e1rias da Espanha.<\/p>\n<\/div>\n\n\n\n<div style=\"height:40px\" aria-hidden=\"true\" class=\"wp-block-spacer\"><\/div>\n\n\n\n<div class=\"wp-block-group has-border-color has-background is-layout-constrained wp-container-core-group-is-layout-14734b6c wp-block-group-is-layout-constrained\" style=\"border-color:#e5e7eb;border-width:1px;border-radius:12px;background-color:#ffffff;padding-top:32px;padding-right:24px;padding-bottom:32px;padding-left:24px\">\n<h2 class=\"wp-block-heading has-text-align-center\" style=\"font-size:28px\">Por que confiar no Spanish Food Guide?<\/h2>\n\n\n\n<div class=\"wp-block-columns is-layout-flex wp-container-core-columns-is-layout-d90f3ace wp-block-columns-is-layout-flex\">\n<div class=\"wp-block-column is-layout-flow wp-block-column-is-layout-flow\" style=\"padding-top:16px;padding-bottom:16px\">\n<p class=\"has-text-align-center has-text-color\" style=\"color:#ea580c;font-size:36px;font-weight:700\">90+<\/p>\n\n\n\n<p class=\"has-text-align-center has-text-color\" style=\"color:#6b7280;font-size:14px\">Receitas testadas publicadas<\/p>\n<\/div>\n\n\n\n<div class=\"wp-block-column is-layout-flow wp-block-column-is-layout-flow\" style=\"padding-top:16px;padding-bottom:16px\">\n<p class=\"has-text-align-center has-text-color\" style=\"color:#ea580c;font-size:36px;font-weight:700\">9<\/p>\n\n\n\n<p class=\"has-text-align-center has-text-color\" style=\"color:#6b7280;font-size:14px\">Idiomas dispon\u00edveis<\/p>\n<\/div>\n\n\n\n<div class=\"wp-block-column is-layout-flow wp-block-column-is-layout-flow\" style=\"padding-top:16px;padding-bottom:16px\">\n<p class=\"has-text-align-center has-text-color\" style=\"color:#ea580c;font-size:36px;font-weight:700\">5+<\/p>\n\n\n\n<p class=\"has-text-align-center has-text-color\" style=\"color:#6b7280;font-size:14px\">Anos de culin\u00e1ria espanhola<\/p>\n<\/div>\n\n\n\n<div class=\"wp-block-column is-layout-flow wp-block-column-is-layout-flow\" style=\"padding-top:16px;padding-bottom:16px\">\n<p class=\"has-text-align-center has-text-color\" style=\"color:#ea580c;font-size:36px;font-weight:700\">17<\/p>\n\n\n\n<p class=\"has-text-align-center has-text-color\" style=\"color:#6b7280;font-size:14px\">Regi\u00f5es espanholas exploradas<\/p>\n<\/div>\n<\/div>\n<\/div>\n\n\n\n<div style=\"height:40px\" aria-hidden=\"true\" class=\"wp-block-spacer\"><\/div>\n\n\n\n<h2 class=\"wp-block-heading has-text-align-center\" style=\"font-size:28px\">Nossa Equipe<\/h2>\n\n\n\n<p class=\"has-text-align-center has-text-color\" style=\"color:#6b7280\">Cada receita \u00e9 desenvolvida, testada e revisada por nossa equipe de profissionais culin\u00e1rios com experi\u00eancia direta na cultura gastron\u00f4mica espanhola.<\/p>\n\n\n\n<div style=\"height:24px\" aria-hidden=\"true\" class=\"wp-block-spacer\"><\/div>\n\n\n\n<div class=\"wp-block-group has-border-color has-background is-layout-constrained wp-container-core-group-is-layout-14734b6c wp-block-group-is-layout-constrained\" style=\"border-color:#e5e7eb;border-width:1px;border-radius:12px;background-color:#ffffff;padding-top:32px;padding-right:24px;padding-bottom:32px;padding-left:24px\">\n<div class=\"wp-block-columns is-layout-flex wp-container-core-columns-is-layout-9d6595d7 wp-block-columns-is-layout-flex\">\n<div class=\"wp-block-column is-layout-flow wp-block-column-is-layout-flow\" style=\"flex-basis:30%\">\n<figure class=\"wp-block-image aligncenter size-medium is-style-rounded\"><img decoding=\"async\" src=\"https:\/\/www.spanishfoodguide.com\/wp-content\/uploads\/2021\/01\/Tim_Kroeger_Founder.jpg\" alt=\"Tim Kroeger - Fundador &amp; Especialista em Viagens Gastron\u00f4micas pela Espanha\" title=\"\"><\/figure>\n<\/div>\n\n\n\n<div class=\"wp-block-column is-layout-flow wp-block-column-is-layout-flow\" style=\"flex-basis:70%\">\n<h3 class=\"wp-block-heading has-text-color\" style=\"color:#ea580c;font-size:22px\">Tim Kroeger<\/h3>\n\n\n\n<p class=\"has-text-color\" style=\"color:#6b7280;font-size:14px;font-weight:600\"><p style=\"color:#6b7280;font-size:14px;font-weight:600\">Fundador &amp; Especialista em Viagens Gastron\u00f4micas pela Espanha<\/p><\/p>\n\n\n\n<p>Tim Kroeger \u00e9 o fundador do Spanish Food Guide e explorou a cultura gastron\u00f4mica da Espanha em suas diversas regi\u00f5es, dos bares de pintxos do Pa\u00eds Basco \u00e0s rotas de tapas da Andaluzia. Ele fundou o Spanish Food Guide em 2020 para tornar receitas espanholas aut\u00eanticas acess\u00edveis a cozinheiros caseiros em todo o mundo.<\/p>\n\n\n\n<p>Tim seleciona pessoalmente as recomenda\u00e7\u00f5es de tours gastron\u00f4micos do site com base em experi\u00eancia pr\u00f3pria e supervisiona a dire\u00e7\u00e3o editorial de todo o conte\u00fado publicado. Ele tamb\u00e9m \u00e9 o fundador do Universal Traveller e especialista em viagens de bem-estar de luxo com sede em Bangkok.<\/p>\n<\/div>\n<\/div>\n<\/div>\n\n\n\n<div style=\"height:24px\" aria-hidden=\"true\" class=\"wp-block-spacer\"><\/div>\n\n\n\n<div class=\"wp-block-group has-border-color has-background is-layout-constrained wp-container-core-group-is-layout-14734b6c wp-block-group-is-layout-constrained\" style=\"border-color:#e5e7eb;border-width:1px;border-radius:12px;background-color:#ffffff;padding-top:32px;padding-right:24px;padding-bottom:32px;padding-left:24px\">\n<div class=\"wp-block-columns is-layout-flex wp-container-core-columns-is-layout-9d6595d7 wp-block-columns-is-layout-flex\">\n<div class=\"wp-block-column is-layout-flow wp-block-column-is-layout-flow\" style=\"flex-basis:30%\">\n<figure class=\"wp-block-image aligncenter size-medium is-style-rounded\"><img decoding=\"async\" src=\"https:\/\/www.spanishfoodguide.com\/wp-content\/uploads\/2021\/01\/Maria_Mora_Food_Journalist.jpg\" alt=\"Maria A. Mora - Jornalista Gastron\u00f4mica &amp; Editora de Receitas | Graduada em Jornalismo\" title=\"\"><\/figure>\n<\/div>\n\n\n\n<div class=\"wp-block-column is-layout-flow wp-block-column-is-layout-flow\" style=\"flex-basis:70%\">\n<h3 class=\"wp-block-heading has-text-color\" style=\"color:#ea580c;font-size:22px\">Maria A. Mora<\/h3>\n\n\n\n<p class=\"has-text-color\" style=\"color:#6b7280;font-size:14px;font-weight:600\"><p style=\"color:#6b7280;font-size:14px;font-weight:600\">Jornalista Gastron\u00f4mica &amp; Editora de Receitas | Graduada em Jornalismo<\/p><\/p>\n\n\n\n<p>Maria A. Mora \u00e9 jornalista gastron\u00f4mica com gradua\u00e7\u00e3o em jornalismo, especializada em tradi\u00e7\u00f5es culin\u00e1rias espanholas, ingredientes regionais e t\u00e9cnicas de cozinha caseira. Ela \u00e9 editora de receitas do Spanish Food Guide, verificando a precis\u00e3o e autenticidade cultural de todo o conte\u00fado publicado.<\/p>\n\n\n\n<p>A experi\u00eancia de Maria garante que cada receita no site reflita m\u00e9todos de cozimento e perfis de sabor genuinamente espanh\u00f3is, baseando-se em seu amplo conhecimento da culin\u00e1ria regional da Gal\u00edcia \u00e0s Ilhas Can\u00e1rias.<\/p>\n<\/div>\n<\/div>\n<\/div>\n\n\n\n<div style=\"height:24px\" aria-hidden=\"true\" class=\"wp-block-spacer\"><\/div>\n\n\n\n<div class=\"wp-block-group has-border-color has-background is-layout-constrained wp-container-core-group-is-layout-14734b6c wp-block-group-is-layout-constrained\" style=\"border-color:#e5e7eb;border-width:1px;border-radius:12px;background-color:#ffffff;padding-top:32px;padding-right:24px;padding-bottom:32px;padding-left:24px\">\n<div class=\"wp-block-columns is-layout-flex wp-container-core-columns-is-layout-9d6595d7 wp-block-columns-is-layout-flex\">\n<div class=\"wp-block-column is-layout-flow wp-block-column-is-layout-flow\" style=\"flex-basis:30%\">\n<figure class=\"wp-block-image aligncenter size-medium is-style-rounded\"><img decoding=\"async\" src=\"https:\/\/www.spanishfoodguide.com\/wp-content\/uploads\/2021\/01\/Universal-Traveller-Food-Expert-Pauline-Joie.jpg\" alt=\"Pauline Joie - Escritora Culin\u00e1ria &amp; Desenvolvedora de Receitas | Graduada em Turismo\" title=\"\"><\/figure>\n<\/div>\n\n\n\n<div class=\"wp-block-column is-layout-flow wp-block-column-is-layout-flow\" style=\"flex-basis:70%\">\n<h3 class=\"wp-block-heading has-text-color\" style=\"color:#ea580c;font-size:22px\">Pauline Joie<\/h3>\n\n\n\n<p class=\"has-text-color\" style=\"color:#6b7280;font-size:14px;font-weight:600\"><p style=\"color:#6b7280;font-size:14px;font-weight:600\">Escritora Culin\u00e1ria &amp; Desenvolvedora de Receitas | Graduada em Turismo<\/p><\/p>\n\n\n\n<p>Pauline Joie \u00e9 escritora culin\u00e1ria e desenvolvedora de receitas com gradua\u00e7\u00e3o em Turismo. Ela desenvolve e testa receitas para o Spanish Food Guide, com foco em tornar pratos tradicionais espanh\u00f3is acess\u00edveis para cozinheiros caseiros internacionais.<\/p>\n\n\n\n<p>Pauline traz uma perspectiva global para a culin\u00e1ria espanhola, adaptando t\u00e9cnicas tradicionais para cozinhas ao redor do mundo enquanto preserva os sabores aut\u00eanticos que tornam cada prato especial.<\/p>\n<\/div>\n<\/div>\n<\/div>\n\n\n\n<div style=\"height:40px\" aria-hidden=\"true\" class=\"wp-block-spacer\"><\/div>\n\n\n\n<div class=\"wp-block-group has-background is-layout-constrained wp-container-core-group-is-layout-14734b6c wp-block-group-is-layout-constrained\" style=\"border-left-color:#ea580c;border-left-width:4px;border-radius:12px;background-color:#fff7ed;padding-top:32px;padding-right:24px;padding-bottom:32px;padding-left:24px\">\n\n<h2 class=\"wp-block-heading\" style=\"font-size:24px\">Nossos Padr\u00f5es Editoriais<\/h2>\n\n\n<p>Mantemos cada conte\u00fado no Spanish Food Guide em altos padr\u00f5es editoriais. Veja como trabalhamos:<\/p>\n\n\n<p><strong>Desenvolvimento &amp; Teste de Receitas.<\/strong> Cada receita \u00e9 desenvolvida por nossa equipe culin\u00e1ria, testada na cozinha e verificada por nossa editora antes da publica\u00e7\u00e3o. Inclu\u00edmos medidas precisas, instru\u00e7\u00f5es passo a passo claras e dicas baseadas em experi\u00eancia real de cozinha.<\/p>\n\n\n<p><strong>Autenticidade Cultural.<\/strong> Nossa equipe tem experi\u00eancia direta com a cultura gastron\u00f4mica espanhola em m\u00faltiplas regi\u00f5es. Consultamos fontes tradicionais e conhecimento culin\u00e1rio local para garantir que nosso conte\u00fado represente com precis\u00e3o a diversidade da culin\u00e1ria espanhola.<\/p>\n\n\n<p><strong>Recomenda\u00e7\u00f5es de Tours Gastron\u00f4micos.<\/strong> Nossos guias de tours gastron\u00f4micos s\u00e3o baseados em pesquisa de primeira m\u00e3o e visitas pessoais. Avaliamos os tours por qualidade, custo-benef\u00edcio e autenticidade antes de recomend\u00e1-los aos nossos leitores.<\/p>\n\n\n<p><strong>Transpar\u00eancia.<\/strong> Alguns links no Spanish Food Guide s\u00e3o links de afiliados, o que significa que podemos receber uma pequena comiss\u00e3o se voc\u00ea reservar atrav\u00e9s deles. Isso nunca influencia nossas recomenda\u00e7\u00f5es. Consulte nosso <a href=\"\/pt-br\/affiliate-disclaimer\/\">Aviso de Afilia\u00e7\u00e3o<\/a> para mais detalhes.<\/p>\n\n<\/div>\n\n\n\n<div style=\"height:40px\" aria-hidden=\"true\" class=\"wp-block-spacer\"><\/div>\n\n\n\n<div class=\"wp-block-group has-border-color has-background is-layout-constrained wp-container-core-group-is-layout-14734b6c wp-block-group-is-layout-constrained\" style=\"border-color:#bbf7d0;border-width:1px;border-radius:12px;background-color:#f0fdf4;padding-top:32px;padding-right:24px;padding-bottom:32px;padding-left:24px\">\n\n<h2 class=\"wp-block-heading has-text-align-center\" style=\"font-size:24px\">Entre em Contato<\/h2>\n\n\n<p class=\"has-text-align-center\">Tem uma pergunta sobre uma receita, quer sugerir um tema ou est\u00e1 interessado em trabalhar conosco? Adorar\u00edamos ouvir de voc\u00ea.<\/p>\n\n\n<div class=\"wp-block-buttons is-content-justification-center is-layout-flex wp-container-core-buttons-is-layout-16018d1d wp-block-buttons-is-layout-flex\">\n\n<div class=\"wp-block-button\"><a class=\"wp-block-button__link has-vivid-green-cyan-background-color has-background wp-element-button\" href=\"\/pt-br\/contacto\/\" style=\"border-radius:8px\">Contate-nos<\/a><\/div>\n\n\n<div class=\"wp-block-button is-style-outline is-style-outline--1\"><a class=\"wp-block-button__link wp-element-button\" href=\"\/pt-br\/work-with-us\/\" style=\"border-radius:8px\">Trabalhe conosco<\/a><\/div>\n\n<\/div>\n\n<\/div>\n","protected":false},"excerpt":{"rendered":"<p>Nossa Miss\u00e3o O Spanish Food Guide torna a culin\u00e1ria espanhola aut\u00eantica acess\u00edvel para cozinheiros caseiros em todo o mundo. Fundado em 2020, publicamos receitas testadas, guias detalhados de ingredientes e recomenda\u00e7\u00f5es de tours gastron\u00f4micos \u2014 tudo criado por uma equipe com ra\u00edzes profundas nas tradi\u00e7\u00f5es culin\u00e1rias da Espanha. Por que confiar no Spanish Food Guide?&#8230;<\/p>\n","protected":false},"author":1,"featured_media":0,"parent":0,"menu_order":0,"comment_status":"closed","ping_status":"closed","template":"","meta":{"_acf_changed":false,"disable-jtr":false,"_kad_post_transparent":"","_kad_post_title":"","_kad_post_layout":"","_kad_post_sidebar_id":"","_kad_post_content_style":"","_kad_post_vertical_padding":"","_kad_post_feature":"","_kad_post_feature_position":"","_kad_post_header":false,"_kad_post_footer":false,"_kad_post_classname":"","footnotes":""},"class_list":["post-9134","page","type-page","status-publish","hentry"],"acf":[],"_links":{"self":[{"href":"https:\/\/www.spanishfoodguide.com\/pt-br\/wp-json\/wp\/v2\/pages\/9134","targetHints":{"allow":["GET"]}}],"collection":[{"href":"https:\/\/www.spanishfoodguide.com\/pt-br\/wp-json\/wp\/v2\/pages"}],"about":[{"href":"https:\/\/www.spanishfoodguide.com\/pt-br\/wp-json\/wp\/v2\/types\/page"}],"author":[{"embeddable":true,"href":"https:\/\/www.spanishfoodguide.com\/pt-br\/wp-json\/wp\/v2\/users\/1"}],"replies":[{"embeddable":true,"href":"https:\/\/www.spanishfoodguide.com\/pt-br\/wp-json\/wp\/v2\/comments?post=9134"}],"version-history":[{"count":8,"href":"https:\/\/www.spanishfoodguide.com\/pt-br\/wp-json\/wp\/v2\/pages\/9134\/revisions"}],"predecessor-version":[{"id":11691,"href":"https:\/\/www.spanishfoodguide.com\/pt-br\/wp-json\/wp\/v2\/pages\/9134\/revisions\/11691"}],"wp:attachment":[{"href":"https:\/\/www.spanishfoodguide.com\/pt-br\/wp-json\/wp\/v2\/media?parent=9134"}],"curies":[{"name":"wp","href":"https:\/\/api.w.org\/{rel}","templated":true}]}}