{"id":9097,"date":"2022-09-30T16:33:10","date_gmt":"2022-09-30T16:33:10","guid":{"rendered":"https:\/\/www.spanishfoodguide.com\/contacte-me\/"},"modified":"2026-03-28T14:42:22","modified_gmt":"2026-03-28T14:42:22","slug":"contacte-me","status":"publish","type":"page","link":"https:\/\/www.spanishfoodguide.com\/pt-br\/contacte-me\/","title":{"rendered":"Contacte-me"},"content":{"rendered":"\n<div class=\"wp-block-group quick-answer is-layout-flow wp-block-group-is-layout-flow\" style=\"border-left-color:#65b32e;border-left-width:4px;padding-top:1rem;padding-right:1.5rem;padding-bottom:1rem;padding-left:1.5rem\">\n<p style=\"font-style:normal;font-weight:700\">&#x26a1; Resposta R\u00e1pida<\/p>\n\n\n\n<p>Este artigo explora <strong>Contacte-me<\/strong> e oferece insights sobre a cultura gastron\u00f4mica espanhola, tradi\u00e7\u00f5es e experi\u00eancias culin\u00e1rias aut\u00eanticas.<\/p>\n<\/div>\n\n\n\n<h2 class=\"has-text-align-center wp-block-heading\"><strong>PERGUNTAS? FEEDBACK? RECLAMA\u00c7\u00d5ES?<\/strong><\/h2>\n\n<p>Obrigado pela sua visita ao meu s\u00edtio web e pelo seu interesse na comida e receitas espanholas.<\/p>\n\n<p>Por favor, sinta-se \u00e0 vontade para me enviar uma mensagem. Estou igualmente grato pelas cr\u00edticas construtivas e pelos pontos de melhoria.<\/p>\n\n<p>Quando nos encontramos no mesmo lugar neste pequeno mundo, adoraria conhec\u00ea-lo, tomar uma bebida e conversar um pouco.<\/p>\n\n<p><strong><a href=\"mailto:tim@spanishfoodguide.com\" target=\"_blank\" rel=\"noreferrer noopener\">tim@spanishfoodguide.com<\/a><\/strong><\/p>\n","protected":false},"excerpt":{"rendered":"<p>&#x26a1; Resposta R\u00e1pida Este artigo explora Contacte-me e oferece insights sobre a cultura gastron\u00f4mica espanhola, tradi\u00e7\u00f5es e experi\u00eancias culin\u00e1rias aut\u00eanticas. PERGUNTAS? FEEDBACK? RECLAMA\u00c7\u00d5ES? Obrigado pela sua visita ao meu s\u00edtio web e pelo seu interesse na comida e receitas espanholas. Por favor, sinta-se \u00e0 vontade para me enviar uma mensagem. Estou igualmente grato pelas cr\u00edticas&#8230;<\/p>\n","protected":false},"author":1,"featured_media":0,"parent":0,"menu_order":0,"comment_status":"closed","ping_status":"closed","template":"","meta":{"_acf_changed":false,"disable-jtr":false,"_kad_post_transparent":"","_kad_post_title":"","_kad_post_layout":"","_kad_post_sidebar_id":"","_kad_post_content_style":"","_kad_post_vertical_padding":"","_kad_post_feature":"","_kad_post_feature_position":"","_kad_post_header":false,"_kad_post_footer":false,"_kad_post_classname":"","footnotes":""},"class_list":["post-9097","page","type-page","status-publish","hentry"],"acf":[],"_links":{"self":[{"href":"https:\/\/www.spanishfoodguide.com\/pt-br\/wp-json\/wp\/v2\/pages\/9097","targetHints":{"allow":["GET"]}}],"collection":[{"href":"https:\/\/www.spanishfoodguide.com\/pt-br\/wp-json\/wp\/v2\/pages"}],"about":[{"href":"https:\/\/www.spanishfoodguide.com\/pt-br\/wp-json\/wp\/v2\/types\/page"}],"author":[{"embeddable":true,"href":"https:\/\/www.spanishfoodguide.com\/pt-br\/wp-json\/wp\/v2\/users\/1"}],"replies":[{"embeddable":true,"href":"https:\/\/www.spanishfoodguide.com\/pt-br\/wp-json\/wp\/v2\/comments?post=9097"}],"version-history":[{"count":2,"href":"https:\/\/www.spanishfoodguide.com\/pt-br\/wp-json\/wp\/v2\/pages\/9097\/revisions"}],"predecessor-version":[{"id":11588,"href":"https:\/\/www.spanishfoodguide.com\/pt-br\/wp-json\/wp\/v2\/pages\/9097\/revisions\/11588"}],"wp:attachment":[{"href":"https:\/\/www.spanishfoodguide.com\/pt-br\/wp-json\/wp\/v2\/media?parent=9097"}],"curies":[{"name":"wp","href":"https:\/\/api.w.org\/{rel}","templated":true}]}}