{"id":10162,"date":"2025-08-31T09:12:40","date_gmt":"2025-08-31T09:12:40","guid":{"rendered":"https:\/\/www.spanishfoodguide.com\/wycieczki-kulinarne-po-hiszpanii\/"},"modified":"2026-03-28T14:55:46","modified_gmt":"2026-03-28T14:55:46","slug":"wycieczki-kulinarne-po-hiszpanii","status":"publish","type":"page","link":"https:\/\/www.spanishfoodguide.com\/pl\/wycieczki-kulinarne-po-hiszpanii\/","title":{"rendered":"Wycieczki kulinarne po Hiszpanii"},"content":{"rendered":"\n<p>Wybierasz si\u0119 na zas\u0142u\u017cone wakacje do Hiszpanii lub chcesz pozna\u0107 r\u00f3\u017cne oblicza tego europejskiego klejnotu?  <\/p>\n\n<p>Jednym z r\u00f3\u017cnych sposob\u00f3w, aby dowiedzie\u0107 si\u0119 wi\u0119cej o kulturze tego kraju, jest zanurzenie si\u0119 we wspania\u0142ym \u015bwiecie hiszpa\u0144skiej kuchni. Pr\u00f3buj\u0105c opisa\u0107 j\u0105 w dw\u00f3ch s\u0142owach, musia\u0142bym powiedzie\u0107, \u017ce kuchnia jest prosta i serdeczna.   <\/p>\n\n<p>Je\u015bli chodzi o pr\u00f3bowanie hiszpa\u0144skiej kuchni, bardzo \u0142atwo jest zosta\u0107 przyt\u0142oczonym ogromn\u0105 ilo\u015bci\u0105 smacznych potraw, kt\u00f3rych trzeba spr\u00f3bowa\u0107 i tradycyjnych sk\u0142adnik\u00f3w, z kt\u00f3rymi trzeba si\u0119 zapozna\u0107.  <\/p>\n\n<p>Ka\u017cdy region ma swoj\u0105 w\u0142asn\u0105 histori\u0119, kt\u00f3r\u0105 mo\u017ce podzieli\u0107 si\u0119 poprzez jedzenie, a ka\u017cdy k\u0119s jest w\u0142asn\u0105 wypraw\u0105.<\/p>\n\n<p>Dlatego jednym z najskuteczniejszych sposob\u00f3w na dobre wprowadzenie do kuchni hiszpa\u0144skiej jest do\u0142\u0105czenie do wycieczki kulinarnej po Hiszpanii podczas wizyty. Niezale\u017cnie od odwiedzanego regionu, jego kultura kulinarna jest naprawd\u0119 czym\u015b, co chcesz odkry\u0107.   <\/p>\n\n<figure class=\"wp-block-image size-full\"><img loading=\"lazy\" decoding=\"async\" width=\"800\" height=\"427\" src=\"https:\/\/www.spanishfoodguide.com\/wp-content\/uploads\/2021\/08\/Spanish-Gazpacho-Tapas.jpg\" alt=\"\" class=\"wp-image-4213\" title=\"\" srcset=\"https:\/\/www.spanishfoodguide.com\/wp-content\/uploads\/2021\/08\/Spanish-Gazpacho-Tapas.jpg 800w, https:\/\/www.spanishfoodguide.com\/wp-content\/uploads\/2021\/08\/Spanish-Gazpacho-Tapas-300x160.jpg 300w, https:\/\/www.spanishfoodguide.com\/wp-content\/uploads\/2021\/08\/Spanish-Gazpacho-Tapas-768x410.jpg 768w, https:\/\/www.spanishfoodguide.com\/wp-content\/uploads\/2021\/08\/Spanish-Gazpacho-Tapas-735x392.jpg 735w, https:\/\/www.spanishfoodguide.com\/wp-content\/uploads\/2021\/08\/Spanish-Gazpacho-Tapas-335x179.jpg 335w, https:\/\/www.spanishfoodguide.com\/wp-content\/uploads\/2021\/08\/Spanish-Gazpacho-Tapas-347x185.jpg 347w, https:\/\/www.spanishfoodguide.com\/wp-content\/uploads\/2021\/08\/Spanish-Gazpacho-Tapas-520x278.jpg 520w, https:\/\/www.spanishfoodguide.com\/wp-content\/uploads\/2021\/08\/Spanish-Gazpacho-Tapas-640x342.jpg 640w\" sizes=\"auto, (max-width: 800px) 100vw, 800px\" \/><figcaption>\u00a9Sarsmis via Canva.com<\/figcaption><\/figure>\n\n<p>Najlepsze hiszpa\u0144skie wycieczki kulinarne pozwol\u0105 ci spr\u00f3bowa\u0107 wielu najbardziej kultowych skarb\u00f3w gastronomicznych, kt\u00f3re historycznie \u0142\u0105czy\u0142y Hiszpani\u0119 z reszt\u0105 \u015bwiata.<\/p>\n\n<p>Niekt\u00f3re z ulubionych potraw, kt\u00f3re z pewno\u015bci\u0105 b\u0119d\u0105 cz\u0119\u015bci\u0105 hiszpa\u0144skich wycieczek kulinarnych, obejmuj\u0105 tradycyjne <a aria-label=\"Spanish tapas (opens in a new tab)\" rel=\"noreferrer noopener\" href=\"https:\/\/www.spanishfoodguide.com\/recipes\/best-spanish-tapas-food-recipes\/\" target=\"_blank\" class=\"rank-math-link\">hiszpa\u0144skie tapas<\/a>, pocieszaj\u0105ce <a aria-label=\"Spanish breakfasts (opens in a new tab)\" rel=\"noreferrer noopener\" href=\"https:\/\/www.spanishfoodguide.com\/breakfast\/typical-spanish-breakfast-foods-and-recipes\/\" target=\"_blank\" class=\"rank-math-link\">hiszpa\u0144skie \u015bniadania<\/a>, <a aria-label=\"Spanish summer wine (opens in a new tab)\" rel=\"noreferrer noopener\" href=\"https:\/\/www.spanishfoodguide.com\/drinks\/easy-tinto-de-verano-recipe-spanish-summer-wine\/\" target=\"_blank\" class=\"rank-math-link\">hiszpa\u0144skie letnie wino<\/a>, s\u0142odkie <a aria-label=\"Spanish desserts (opens in a new tab)\" rel=\"noreferrer noopener\" href=\"https:\/\/www.spanishfoodguide.com\/dessert\/traditional-spanish-desserts-spanish-dessert-recipes\/\" target=\"_blank\" class=\"rank-math-link\">hiszpa\u0144skie desery,<\/a> a nawet <a aria-label=\"Spanish vegetarian dishes (opens in a new tab)\" rel=\"noreferrer noopener\" href=\"https:\/\/www.spanishfoodguide.com\/recipes\/easy-spanish-vegetarian-recipes-vegetarian-tapas\/\" target=\"_blank\" class=\"rank-math-link\">hiszpa\u0144skie dania wegetaria\u0144skie<\/a>!<\/p>\n\n<p>Pozw\u00f3l, aby do\u015bwiadczeni lokalni przewodnicy zabrali Ci\u0119 do klasycznych ulubionych miejsc w okolicy i ukrytych pere\u0142ek.  <\/p>\n\n<p>Niezale\u017cnie od tego, czy zwiedzasz Malag\u0119, Madryt, Barcelon\u0119, czy te\u017c inne miejsca, do Twojej dyspozycji b\u0119dzie zapalony smakosz, szef kuchni lub barman.<\/p>\n\n<div class=\"wp-block-group quick-answer is-layout-flow wp-block-group-is-layout-flow\" style=\"border-left-color:#65b32e;border-left-width:4px;padding-top:1rem;padding-right:1.5rem;padding-bottom:1rem;padding-left:1.5rem\">\n<p style=\"font-style:normal;font-weight:700\">&#x26a1; Szybka Odpowied\u017a<\/p>\n\n\n\n<p>Ten przewodnik przedstawia najlepsze wycieczki kulinarne, wybrane pod k\u0105tem jako\u015bci, stosunku jako\u015bci do ceny i autentycznych do\u015bwiadcze\u0144.<\/p>\n<\/div>\n\n\n\n<div id=\"ez-toc-container\" class=\"ez-toc-v2_0_82_2 counter-hierarchy ez-toc-counter ez-toc-grey ez-toc-container-direction\">\n<div class=\"ez-toc-title-container\">\n<p class=\"ez-toc-title\" style=\"cursor:inherit\">Table of Contents<\/p>\n<span class=\"ez-toc-title-toggle\"><a href=\"#\" class=\"ez-toc-pull-right ez-toc-btn ez-toc-btn-xs ez-toc-btn-default ez-toc-toggle\" aria-label=\"Prze\u0142\u0105cznik Spisu Tre\u015bci\"><span class=\"ez-toc-js-icon-con\"><span class=\"\"><span class=\"eztoc-hide\" style=\"display:none;\">Toggle<\/span><span class=\"ez-toc-icon-toggle-span\"><svg style=\"fill: #999;color:#999\" xmlns=\"http:\/\/www.w3.org\/2000\/svg\" class=\"list-377408\" width=\"20px\" height=\"20px\" viewBox=\"0 0 24 24\" fill=\"none\"><path d=\"M6 6H4v2h2V6zm14 0H8v2h12V6zM4 11h2v2H4v-2zm16 0H8v2h12v-2zM4 16h2v2H4v-2zm16 0H8v2h12v-2z\" fill=\"currentColor\"><\/path><\/svg><svg style=\"fill: #999;color:#999\" class=\"arrow-unsorted-368013\" xmlns=\"http:\/\/www.w3.org\/2000\/svg\" width=\"10px\" height=\"10px\" viewBox=\"0 0 24 24\" version=\"1.2\" baseProfile=\"tiny\"><path d=\"M18.2 9.3l-6.2-6.3-6.2 6.3c-.2.2-.3.4-.3.7s.1.5.3.7c.2.2.4.3.7.3h11c.3 0 .5-.1.7-.3.2-.2.3-.5.3-.7s-.1-.5-.3-.7zM5.8 14.7l6.2 6.3 6.2-6.3c.2-.2.3-.5.3-.7s-.1-.5-.3-.7c-.2-.2-.4-.3-.7-.3h-11c-.3 0-.5.1-.7.3-.2.2-.3.5-.3.7s.1.5.3.7z\"\/><\/svg><\/span><\/span><\/span><\/a><\/span><\/div>\n<nav><ul class='ez-toc-list ez-toc-list-level-1 eztoc-toggle-hide-by-default' ><li class='ez-toc-page-1 ez-toc-heading-level-2'><a class=\"ez-toc-link ez-toc-heading-1\" href=\"https:\/\/www.spanishfoodguide.com\/pl\/wycieczki-kulinarne-po-hiszpanii\/#Najlepsze_wycieczki_kulinarne_w_Hiszpanii\" >Najlepsze wycieczki kulinarne w Hiszpanii<\/a><ul class='ez-toc-list-level-3' ><li class='ez-toc-heading-level-3'><a class=\"ez-toc-link ez-toc-heading-2\" href=\"https:\/\/www.spanishfoodguide.com\/pl\/wycieczki-kulinarne-po-hiszpanii\/#1_Wycieczki_kulinarne_w_Maladze\" >1. Wycieczki kulinarne w Maladze<\/a><\/li><li class='ez-toc-page-1 ez-toc-heading-level-3'><a class=\"ez-toc-link ez-toc-heading-3\" href=\"https:\/\/www.spanishfoodguide.com\/pl\/wycieczki-kulinarne-po-hiszpanii\/#2_Wycieczki_kulinarne_po_Madrycie\" >2. Wycieczki kulinarne po Madrycie<\/a><\/li><li class='ez-toc-page-1 ez-toc-heading-level-3'><a class=\"ez-toc-link ez-toc-heading-4\" href=\"https:\/\/www.spanishfoodguide.com\/pl\/wycieczki-kulinarne-po-hiszpanii\/#3_Wycieczki_kulinarne_po_Barcelonie\" >3. Wycieczki kulinarne po Barcelonie<\/a><\/li><\/ul><\/li><\/ul><\/nav><\/div>\n<h2 class=\"has-text-align-center wp-block-heading\"><span class=\"ez-toc-section\" id=\"Najlepsze_wycieczki_kulinarne_w_Hiszpanii\"><\/span>Najlepsze wycieczki kulinarne w Hiszpanii<span class=\"ez-toc-section-end\"><\/span><\/h2>\n\n<h3 class=\"wp-block-heading\"><span class=\"ez-toc-section\" id=\"1_Wycieczki_kulinarne_w_Maladze\"><\/span>1. Wycieczki kulinarne w Maladze<span class=\"ez-toc-section-end\"><\/span><\/h3>\n\n<p>Malaga to nadmorskie miasto po\u0142o\u017cone w po\u0142udniowym regionie Andaluzji. Dla wielu jest znana jako stolica wspania\u0142ego wybrze\u017ca Costa del Sol.   <\/p>\n\n<p>Opr\u00f3cz tego, \u017ce jest miejscem narodzin Pabla Picassa, miasto Malaga jest r\u00f3wnie\u017c znane z tego, \u017ce jest domem dla kuchni andaluzyjskiej.<\/p>\n\n<p><strong>Sprawd\u017a <a aria-label=\"Best Food Tours in Malaga (opens in a new tab)\" rel=\"noreferrer noopener\" href=\"https:\/\/www.spanishfoodguide.com\/pl\/wycieczki-kulinarne-po-hiszpanii\/najlepsze-wycieczki-kulinarne-po-maladze\/\" target=\"_blank\" class=\"rank-math-link\">najlepsze wycieczki kulinarne w Maladze<\/a>.<\/strong><\/p>\n\n<h3 class=\"wp-block-heading\"><span class=\"ez-toc-section\" id=\"2_Wycieczki_kulinarne_po_Madrycie\"><\/span>2. Wycieczki kulinarne po Madrycie<span class=\"ez-toc-section-end\"><\/span><\/h3>\n\n<p>Madryt, stolica Hiszpanii, jest kwitn\u0105c\u0105 metropoli\u0105 w sercu P\u00f3\u0142wyspu Iberyjskiego. Jest odwiedzany przez wielu ze wzgl\u0119du na bogat\u0105 sztuk\u0119 i kultur\u0119.   <\/p>\n\n<p>To du\u017ce miasto jest uwa\u017cane za tygiel wszystkich r\u00f3\u017cnych kuchni regionalnych w Hiszpanii.<\/p>\n\n<p><strong>Sprawd\u017a <a aria-label=\"Best Food Tours in Madrid (opens in a new tab)\" href=\"https:\/\/www.spanishfoodguide.com\/pl\/wycieczki-kulinarne-po-hiszpanii\/10-najlepszych-wycieczek-kulinarnych-po-madrycie\/\" target=\"_blank\" rel=\"noreferrer noopener\" class=\"rank-math-link\">najlepsze wycieczki kulinarne w Madrycie<\/a>.<\/strong><\/p>\n\n<h3 class=\"wp-block-heading\"><span class=\"ez-toc-section\" id=\"3_Wycieczki_kulinarne_po_Barcelonie\"><\/span>3. Wycieczki kulinarne po Barcelonie<span class=\"ez-toc-section-end\"><\/span><\/h3>\n\n<p>Barcelona jest stolic\u0105 Katalonii, wsp\u00f3lnoty autonomicznej w Hiszpanii. Znajduje si\u0119 w p\u00f3\u0142nocno-wschodniej cz\u0119\u015bci kraju i jest odwiedzana g\u0142\u00f3wnie ze wzgl\u0119du na swoj\u0105 siln\u0105 kultur\u0119 i dziedzictwo.   <\/p>\n\n<p>Ca\u0142e miasto by\u0142o placem zabaw Antoniego Gaudiego, a teraz jest \u015bwiatow\u0105 galeri\u0105 jego arcydzie\u0142.<\/p>\n\n<p><strong>Sprawd\u017a <a href=\"https:\/\/www.spanishfoodguide.com\/pl\/wycieczki-kulinarne-po-hiszpanii\/najlepsze-wycieczki-kulinarne-po-barcelonie\/\" target=\"_blank\" aria-label=\"best food tours in Barcelona (opens in a new tab)\" rel=\"noreferrer noopener\" class=\"rank-math-link\">najlepsze wycieczki kulinarne w Barcelonie<\/a>.<\/strong><\/p>\n","protected":false},"excerpt":{"rendered":"<p>Wybierasz si\u0119 na zas\u0142u\u017cone wakacje do Hiszpanii lub chcesz pozna\u0107 r\u00f3\u017cne oblicza tego europejskiego klejnotu? Jednym z r\u00f3\u017cnych sposob\u00f3w, aby dowiedzie\u0107 si\u0119 wi\u0119cej o kulturze tego kraju, jest zanurzenie si\u0119 we wspania\u0142ym \u015bwiecie hiszpa\u0144skiej kuchni. Pr\u00f3buj\u0105c opisa\u0107 j\u0105 w dw\u00f3ch s\u0142owach, musia\u0142bym powiedzie\u0107, \u017ce kuchnia jest prosta i serdeczna. Je\u015bli chodzi o pr\u00f3bowanie hiszpa\u0144skiej kuchni,&#8230;<\/p>\n","protected":false},"author":2,"featured_media":10599,"parent":0,"menu_order":0,"comment_status":"closed","ping_status":"closed","template":"","meta":{"_acf_changed":false,"disable-jtr":false,"_kad_post_transparent":"","_kad_post_title":"","_kad_post_layout":"","_kad_post_sidebar_id":"","_kad_post_content_style":"","_kad_post_vertical_padding":"","_kad_post_feature":"","_kad_post_feature_position":"","_kad_post_header":false,"_kad_post_footer":false,"_kad_post_classname":"","footnotes":""},"class_list":["post-10162","page","type-page","status-publish","has-post-thumbnail","hentry"],"acf":[],"_links":{"self":[{"href":"https:\/\/www.spanishfoodguide.com\/pl\/wp-json\/wp\/v2\/pages\/10162","targetHints":{"allow":["GET"]}}],"collection":[{"href":"https:\/\/www.spanishfoodguide.com\/pl\/wp-json\/wp\/v2\/pages"}],"about":[{"href":"https:\/\/www.spanishfoodguide.com\/pl\/wp-json\/wp\/v2\/types\/page"}],"author":[{"embeddable":true,"href":"https:\/\/www.spanishfoodguide.com\/pl\/wp-json\/wp\/v2\/users\/2"}],"replies":[{"embeddable":true,"href":"https:\/\/www.spanishfoodguide.com\/pl\/wp-json\/wp\/v2\/comments?post=10162"}],"version-history":[{"count":2,"href":"https:\/\/www.spanishfoodguide.com\/pl\/wp-json\/wp\/v2\/pages\/10162\/revisions"}],"predecessor-version":[{"id":11678,"href":"https:\/\/www.spanishfoodguide.com\/pl\/wp-json\/wp\/v2\/pages\/10162\/revisions\/11678"}],"wp:featuredmedia":[{"embeddable":true,"href":"https:\/\/www.spanishfoodguide.com\/pl\/wp-json\/wp\/v2\/media\/10599"}],"wp:attachment":[{"href":"https:\/\/www.spanishfoodguide.com\/pl\/wp-json\/wp\/v2\/media?parent=10162"}],"curies":[{"name":"wp","href":"https:\/\/api.w.org\/{rel}","templated":true}]}}