{"id":10138,"date":"2025-08-31T09:12:03","date_gmt":"2025-08-31T09:12:03","guid":{"rendered":"https:\/\/www.spanishfoodguide.com\/skontaktuj-sie-ze-mna\/"},"modified":"2025-08-31T09:12:16","modified_gmt":"2025-08-31T09:12:16","slug":"skontaktuj-sie-ze-mna","status":"publish","type":"page","link":"https:\/\/www.spanishfoodguide.com\/pl\/skontaktuj-sie-ze-mna\/","title":{"rendered":"Skontaktuj si\u0119 ze mn\u0105"},"content":{"rendered":"\n<h2 class=\"has-text-align-center wp-block-heading\"><strong>PYTANIA? OPINIE? REKLAMACJE?  <\/strong><\/h2>\n\n<p>Dzi\u0119kuj\u0119 za odwiedzenie mojej strony i zainteresowanie hiszpa\u0144skim jedzeniem i przepisami.<\/p>\n\n<p>Zach\u0119cam do wys\u0142ania mi wiadomo\u015bci. Jestem r\u00f3wnie\u017c wdzi\u0119czny za konstruktywn\u0105 krytyk\u0119 i wskaz\u00f3wki dotycz\u0105ce ulepsze\u0144. <\/p>\n\n<p>Kiedy znajdziemy si\u0119 w tym samym miejscu na tym ma\u0142ym \u015bwiecie, z przyjemno\u015bci\u0105 spotkam si\u0119 z Tob\u0105, napijemy si\u0119 drinka i porozmawiamy.<\/p>\n\n<p><strong><a href=\"mailto:tim@spanishfoodguide.com\" target=\"_blank\" rel=\"noreferrer noopener\">tim@spanishfoodguide.com<\/a><\/strong><\/p>\n","protected":false},"excerpt":{"rendered":"<p>PYTANIA? OPINIE? REKLAMACJE? Dzi\u0119kuj\u0119 za odwiedzenie mojej strony i zainteresowanie hiszpa\u0144skim jedzeniem i przepisami. Zach\u0119cam do wys\u0142ania mi wiadomo\u015bci. Jestem r\u00f3wnie\u017c wdzi\u0119czny za konstruktywn\u0105 krytyk\u0119 i wskaz\u00f3wki dotycz\u0105ce ulepsze\u0144. Kiedy znajdziemy si\u0119 w tym samym miejscu na tym ma\u0142ym \u015bwiecie, z przyjemno\u015bci\u0105 spotkam si\u0119 z Tob\u0105, napijemy si\u0119 drinka i porozmawiamy. tim@spanishfoodguide.com<\/p>\n","protected":false},"author":1,"featured_media":0,"parent":0,"menu_order":0,"comment_status":"closed","ping_status":"closed","template":"","meta":{"_acf_changed":false,"disable-jtr":false,"_kad_post_transparent":"","_kad_post_title":"","_kad_post_layout":"","_kad_post_sidebar_id":"","_kad_post_content_style":"","_kad_post_vertical_padding":"","_kad_post_feature":"","_kad_post_feature_position":"","_kad_post_header":false,"_kad_post_footer":false,"_kad_post_classname":"","footnotes":""},"class_list":["post-10138","page","type-page","status-publish","hentry"],"acf":[],"_links":{"self":[{"href":"https:\/\/www.spanishfoodguide.com\/pl\/wp-json\/wp\/v2\/pages\/10138","targetHints":{"allow":["GET"]}}],"collection":[{"href":"https:\/\/www.spanishfoodguide.com\/pl\/wp-json\/wp\/v2\/pages"}],"about":[{"href":"https:\/\/www.spanishfoodguide.com\/pl\/wp-json\/wp\/v2\/types\/page"}],"author":[{"embeddable":true,"href":"https:\/\/www.spanishfoodguide.com\/pl\/wp-json\/wp\/v2\/users\/1"}],"replies":[{"embeddable":true,"href":"https:\/\/www.spanishfoodguide.com\/pl\/wp-json\/wp\/v2\/comments?post=10138"}],"version-history":[{"count":1,"href":"https:\/\/www.spanishfoodguide.com\/pl\/wp-json\/wp\/v2\/pages\/10138\/revisions"}],"predecessor-version":[{"id":10139,"href":"https:\/\/www.spanishfoodguide.com\/pl\/wp-json\/wp\/v2\/pages\/10138\/revisions\/10139"}],"wp:attachment":[{"href":"https:\/\/www.spanishfoodguide.com\/pl\/wp-json\/wp\/v2\/media?parent=10138"}],"curies":[{"name":"wp","href":"https:\/\/api.w.org\/{rel}","templated":true}]}}