{"id":10133,"date":"2025-08-31T09:11:54","date_gmt":"2025-08-31T09:11:54","guid":{"rendered":"https:\/\/www.spanishfoodguide.com\/oswiadczenie-o-przynaleznosci\/"},"modified":"2026-03-28T14:55:58","modified_gmt":"2026-03-28T14:55:58","slug":"oswiadczenie-o-przynaleznosci","status":"publish","type":"page","link":"https:\/\/www.spanishfoodguide.com\/pl\/oswiadczenie-o-przynaleznosci\/","title":{"rendered":"O\u015bwiadczenie o przynale\u017cno\u015bci"},"content":{"rendered":"\n<div class=\"wp-block-group quick-answer is-layout-flow wp-block-group-is-layout-flow\" style=\"border-left-color:#65b32e;border-left-width:4px;padding-top:1rem;padding-right:1.5rem;padding-bottom:1rem;padding-left:1.5rem\">\n<p style=\"font-style:normal;font-weight:700\">&#x26a1; Szybka Odpowied\u017a<\/p>\n\n\n\n<p>Ten artyku\u0142 odkrywa <strong>O\u015bwiadczenie o przynale\u017cno\u015bci<\/strong> i oferuje wgl\u0105d w hiszpa\u0144sk\u0105 kultur\u0119 kulinarn\u0105, tradycje i autentyczne do\u015bwiadczenia kulinarne.<\/p>\n<\/div>\n\n\n\n\n\n<p>Niekt\u00f3re produkty\/us\u0142ugi i linki do produkt\u00f3w\/us\u0142ug s\u0105 linkami afiliacyjnymi, a ja mog\u0119 zarobi\u0107 prowizj\u0119 za jakiekolwiek zakupy, kt\u00f3rych dokonasz. Od czasu do czasu otrzymuj\u0119 wynagrodzenie za wyra\u017cenie szczerej opinii na temat produkt\u00f3w i\/lub us\u0142ug. Nie b\u0119dzie to wi\u0105za\u0142o si\u0119 z dodatkowymi kosztami dla Ciebie.  <\/p>\n\n<p>Wspominam o tych produktach i us\u0142ugach dla Ciebie, poniewa\u017c wierz\u0119 w nie i chc\u0119 pom\u00f3c Ci poprawi\u0107 swoje \u017cycie. Polecam tylko produkty lub us\u0142ugi, kt\u00f3re w moim odczuciu dostarczaj\u0105 Ci warto\u015bci. Oczywi\u015bcie z pe\u0142nym ujawnieniem, Universal Traveller jest firm\u0105 nastawion\u0105 na zysk, co oznacza, \u017ce zarabiam na tej stronie.<\/p>\n\n<p>Aby u\u0142atwi\u0107 to nam obojgu, nale\u017cy za\u0142o\u017cy\u0107, \u017ce wszelkie linki prowadz\u0105ce do produkt\u00f3w lub us\u0142ug s\u0105 linkami partnerskimi i \u017ce otrzymam prowizj\u0119 od zakupu.<\/p>\n\n<p>Dok\u0142adamy wszelkich stara\u0144, aby linki afiliacyjne by\u0142y ujawniane zgodnie z przepisami FTC.<\/p>\n\n<p>Jako Amazon Associate zarabiam na kwalifikuj\u0105cych si\u0119 zakupach.<\/p>\n\n<p>Ten blog przyjmuje formy reklamy pieni\u0119\u017cnej, sponsoringu, p\u0142atnych wstawek lub innych form wynagrodzenia.<\/p>\n\n<p>Ten blog przestrzega standard\u00f3w marketingu s\u0142ownego. Wierzymy w szczero\u015b\u0107 relacji, opinii i to\u017csamo\u015bci. Otrzymane wynagrodzenie mo\u017ce mie\u0107 wp\u0142yw na tre\u015bci reklamowe, tematy lub posty zamieszczane na tym blogu. Tre\u015bci te, powierzchnia reklamowa lub post b\u0119d\u0105 wyra\u017anie oznaczone jako tre\u015bci p\u0142atne lub sponsorowane.   <\/p>\n\n<p>W\u0142a\u015bciciele tego bloga otrzymuj\u0105 wynagrodzenie za przedstawianie opinii na temat produkt\u00f3w, us\u0142ug, stron internetowych i r\u00f3\u017cnych innych temat\u00f3w. Nawet je\u015bli w\u0142a\u015bciciel(e) tego bloga otrzymuje(j\u0105) wynagrodzenie za nasze posty lub reklamy, zawsze przedstawiamy nasze szczere opinie, wnioski, przekonania lub do\u015bwiadczenia na te tematy lub produkty. Pogl\u0105dy i opinie wyra\u017cone na tym blogu s\u0105 wy\u0142\u0105cznie autorstwa bloger\u00f3w. Wszelkie o\u015bwiadczenia dotycz\u0105ce produktu, statystyki, cytaty lub inne reprezentacje dotycz\u0105ce produktu lub us\u0142ugi powinny by\u0107 zweryfikowane z producentem, dostawc\u0105 lub stron\u0105, kt\u00f3rej dotycz\u0105.   <\/p>\n\n<p><a href=\"https:\/\/www.spanishfoodguide.com\/privacy-policy\/\" target=\"_blank\" rel=\"noreferrer noopener\">Polityka prywatno\u015bci<\/a><\/p>\n","protected":false},"excerpt":{"rendered":"<p>&#x26a1; Szybka Odpowied\u017a Ten artyku\u0142 odkrywa O\u015bwiadczenie o przynale\u017cno\u015bci i oferuje wgl\u0105d w hiszpa\u0144sk\u0105 kultur\u0119 kulinarn\u0105, tradycje i autentyczne do\u015bwiadczenia kulinarne. Niekt\u00f3re produkty\/us\u0142ugi i linki do produkt\u00f3w\/us\u0142ug s\u0105 linkami afiliacyjnymi, a ja mog\u0119 zarobi\u0107 prowizj\u0119 za jakiekolwiek zakupy, kt\u00f3rych dokonasz. Od czasu do czasu otrzymuj\u0119 wynagrodzenie za wyra\u017cenie szczerej opinii na temat produkt\u00f3w i\/lub us\u0142ug&#8230;.<\/p>\n","protected":false},"author":1,"featured_media":0,"parent":0,"menu_order":0,"comment_status":"closed","ping_status":"closed","template":"","meta":{"_acf_changed":false,"disable-jtr":false,"_kad_post_transparent":"","_kad_post_title":"","_kad_post_layout":"","_kad_post_sidebar_id":"","_kad_post_content_style":"","_kad_post_vertical_padding":"","_kad_post_feature":"","_kad_post_feature_position":"","_kad_post_header":false,"_kad_post_footer":false,"_kad_post_classname":"","footnotes":""},"class_list":["post-10133","page","type-page","status-publish","hentry"],"acf":[],"_links":{"self":[{"href":"https:\/\/www.spanishfoodguide.com\/pl\/wp-json\/wp\/v2\/pages\/10133","targetHints":{"allow":["GET"]}}],"collection":[{"href":"https:\/\/www.spanishfoodguide.com\/pl\/wp-json\/wp\/v2\/pages"}],"about":[{"href":"https:\/\/www.spanishfoodguide.com\/pl\/wp-json\/wp\/v2\/types\/page"}],"author":[{"embeddable":true,"href":"https:\/\/www.spanishfoodguide.com\/pl\/wp-json\/wp\/v2\/users\/1"}],"replies":[{"embeddable":true,"href":"https:\/\/www.spanishfoodguide.com\/pl\/wp-json\/wp\/v2\/comments?post=10133"}],"version-history":[{"count":2,"href":"https:\/\/www.spanishfoodguide.com\/pl\/wp-json\/wp\/v2\/pages\/10133\/revisions"}],"predecessor-version":[{"id":11682,"href":"https:\/\/www.spanishfoodguide.com\/pl\/wp-json\/wp\/v2\/pages\/10133\/revisions\/11682"}],"wp:attachment":[{"href":"https:\/\/www.spanishfoodguide.com\/pl\/wp-json\/wp\/v2\/media?parent=10133"}],"curies":[{"name":"wp","href":"https:\/\/api.w.org\/{rel}","templated":true}]}}