{"id":10130,"date":"2025-08-31T09:11:49","date_gmt":"2025-08-31T09:11:49","guid":{"rendered":"https:\/\/www.spanishfoodguide.com\/o-spanish-food-guide\/"},"modified":"2026-03-29T06:22:23","modified_gmt":"2026-03-29T06:22:23","slug":"o-spanish-food-guide","status":"publish","type":"page","link":"https:\/\/www.spanishfoodguide.com\/pl\/o-spanish-food-guide\/","title":{"rendered":"O Spanish Food Guide"},"content":{"rendered":"\n<div class=\"wp-block-group has-background is-layout-constrained wp-container-core-group-is-layout-ca0eebd3 wp-block-group-is-layout-constrained\" style=\"border-radius:12px;background-color:#fff7ed;padding-top:40px;padding-right:24px;padding-bottom:40px;padding-left:24px\">\n<h2 class=\"wp-block-heading has-text-align-center\" style=\"font-size:28px\">Nasza Misja<\/h2>\n\n\n\n<p class=\"has-text-align-center\" style=\"font-size:18px\">Spanish Food Guide sprawia, \u017ce autentyczna kuchnia hiszpa\u0144ska jest dost\u0119pna dla domowych kucharzy na ca\u0142ym \u015bwiecie. Za\u0142o\u017cony w 2020 roku, publikujemy sprawdzone przepisy, szczeg\u00f3\u0142owe przewodniki po sk\u0142adnikach i starannie wybrane rekomendacje wycieczek kulinarnych \u2014 wszystko tworzone przez zesp\u00f3\u0142 z g\u0142\u0119bokimi korzeniami w hiszpa\u0144skich tradycjach kulinarnych.<\/p>\n<\/div>\n\n\n\n<div style=\"height:40px\" aria-hidden=\"true\" class=\"wp-block-spacer\"><\/div>\n\n\n\n<div class=\"wp-block-group has-border-color has-background is-layout-constrained wp-container-core-group-is-layout-14734b6c wp-block-group-is-layout-constrained\" style=\"border-color:#e5e7eb;border-width:1px;border-radius:12px;background-color:#ffffff;padding-top:32px;padding-right:24px;padding-bottom:32px;padding-left:24px\">\n<h2 class=\"wp-block-heading has-text-align-center\" style=\"font-size:28px\">Dlaczego warto zaufa\u0107 Spanish Food Guide?<\/h2>\n\n\n\n<div class=\"wp-block-columns is-layout-flex wp-container-core-columns-is-layout-d90f3ace wp-block-columns-is-layout-flex\">\n<div class=\"wp-block-column is-layout-flow wp-block-column-is-layout-flow\" style=\"padding-top:16px;padding-bottom:16px\">\n<p class=\"has-text-align-center has-text-color\" style=\"color:#ea580c;font-size:36px;font-weight:700\">90+<\/p>\n\n\n\n<p class=\"has-text-align-center has-text-color\" style=\"color:#6b7280;font-size:14px\">Przetestowanych przepis\u00f3w<\/p>\n<\/div>\n\n\n\n<div class=\"wp-block-column is-layout-flow wp-block-column-is-layout-flow\" style=\"padding-top:16px;padding-bottom:16px\">\n<p class=\"has-text-align-center has-text-color\" style=\"color:#ea580c;font-size:36px;font-weight:700\">9<\/p>\n\n\n\n<p class=\"has-text-align-center has-text-color\" style=\"color:#6b7280;font-size:14px\">Dost\u0119pnych j\u0119zyk\u00f3w<\/p>\n<\/div>\n\n\n\n<div class=\"wp-block-column is-layout-flow wp-block-column-is-layout-flow\" style=\"padding-top:16px;padding-bottom:16px\">\n<p class=\"has-text-align-center has-text-color\" style=\"color:#ea580c;font-size:36px;font-weight:700\">5+<\/p>\n\n\n\n<p class=\"has-text-align-center has-text-color\" style=\"color:#6b7280;font-size:14px\">Lat kuchni hiszpa\u0144skiej<\/p>\n<\/div>\n\n\n\n<div class=\"wp-block-column is-layout-flow wp-block-column-is-layout-flow\" style=\"padding-top:16px;padding-bottom:16px\">\n<p class=\"has-text-align-center has-text-color\" style=\"color:#ea580c;font-size:36px;font-weight:700\">17<\/p>\n\n\n\n<p class=\"has-text-align-center has-text-color\" style=\"color:#6b7280;font-size:14px\">Zbadanych region\u00f3w Hiszpanii<\/p>\n<\/div>\n<\/div>\n<\/div>\n\n\n\n<div style=\"height:40px\" aria-hidden=\"true\" class=\"wp-block-spacer\"><\/div>\n\n\n\n<h2 class=\"wp-block-heading has-text-align-center\" style=\"font-size:28px\">Nasz Zesp\u00f3\u0142<\/h2>\n\n\n\n<p class=\"has-text-align-center has-text-color\" style=\"color:#6b7280\">Ka\u017cdy przepis jest opracowywany, testowany i weryfikowany przez nasz zesp\u00f3\u0142 profesjonalist\u00f3w kulinarnych z bezpo\u015brednim do\u015bwiadczeniem w hiszpa\u0144skiej kulturze kulinarnej.<\/p>\n\n\n\n<div style=\"height:24px\" aria-hidden=\"true\" class=\"wp-block-spacer\"><\/div>\n\n\n\n<div class=\"wp-block-group has-border-color has-background is-layout-constrained wp-container-core-group-is-layout-14734b6c wp-block-group-is-layout-constrained\" style=\"border-color:#e5e7eb;border-width:1px;border-radius:12px;background-color:#ffffff;padding-top:32px;padding-right:24px;padding-bottom:32px;padding-left:24px\">\n<div class=\"wp-block-columns is-layout-flex wp-container-core-columns-is-layout-9d6595d7 wp-block-columns-is-layout-flex\">\n<div class=\"wp-block-column is-layout-flow wp-block-column-is-layout-flow\" style=\"flex-basis:30%\">\n<figure class=\"wp-block-image aligncenter size-medium is-style-rounded\"><img decoding=\"async\" src=\"https:\/\/www.spanishfoodguide.com\/wp-content\/uploads\/2021\/01\/Tim_Kroeger_Founder.jpg\" alt=\"Tim Kroeger - Za\u0142o\u017cyciel &amp; Specjalista ds. Podr\u00f3\u017cy Kulinarnych po Hiszpanii\" title=\"\"><\/figure>\n<\/div>\n\n\n\n<div class=\"wp-block-column is-layout-flow wp-block-column-is-layout-flow\" style=\"flex-basis:70%\">\n<h3 class=\"wp-block-heading has-text-color\" style=\"color:#ea580c;font-size:22px\">Tim Kroeger<\/h3>\n\n\n\n<p class=\"has-text-color\" style=\"color:#6b7280;font-size:14px;font-weight:600\"><p style=\"color:#6b7280;font-size:14px;font-weight:600\">Za\u0142o\u017cyciel &amp; Specjalista ds. Podr\u00f3\u017cy Kulinarnych po Hiszpanii<\/p><\/p>\n\n\n\n<p>Tim Kroeger jest za\u0142o\u017cycielem Spanish Food Guide i poznawa\u0142 kultur\u0119 kulinarn\u0105 Hiszpanii w jej r\u00f3\u017cnorodnych regionach \u2014 od bar\u00f3w pintxos w Kraju Bask\u00f3w po trasy tapas w Andaluzji. Za\u0142o\u017cy\u0142 Spanish Food Guide w 2020 roku, aby uczyni\u0107 autentyczne hiszpa\u0144skie przepisy dost\u0119pnymi dla domowych kucharzy na ca\u0142ym \u015bwiecie.<\/p>\n\n\n\n<p>Tim osobi\u015bcie dobiera rekomendacje wycieczek kulinarnych na stronie, opieraj\u0105c si\u0119 na w\u0142asnym do\u015bwiadczeniu, i nadzoruje kierunek redakcyjny wszystkich publikowanych tre\u015bci. Jest r\u00f3wnie\u017c za\u0142o\u017cycielem Universal Traveller i specjalist\u0105 od luksusowych podr\u00f3\u017cy wellness z siedzib\u0105 w Bangkoku.<\/p>\n<\/div>\n<\/div>\n<\/div>\n\n\n\n<div style=\"height:24px\" aria-hidden=\"true\" class=\"wp-block-spacer\"><\/div>\n\n\n\n<div class=\"wp-block-group has-border-color has-background is-layout-constrained wp-container-core-group-is-layout-14734b6c wp-block-group-is-layout-constrained\" style=\"border-color:#e5e7eb;border-width:1px;border-radius:12px;background-color:#ffffff;padding-top:32px;padding-right:24px;padding-bottom:32px;padding-left:24px\">\n<div class=\"wp-block-columns is-layout-flex wp-container-core-columns-is-layout-9d6595d7 wp-block-columns-is-layout-flex\">\n<div class=\"wp-block-column is-layout-flow wp-block-column-is-layout-flow\" style=\"flex-basis:30%\">\n<figure class=\"wp-block-image aligncenter size-medium is-style-rounded\"><img decoding=\"async\" src=\"https:\/\/www.spanishfoodguide.com\/wp-content\/uploads\/2021\/01\/Maria_Mora_Food_Journalist.jpg\" alt=\"Maria A. Mora - Dziennikarka Kulinarna &amp; Redaktorka Przepis\u00f3w | Dyplom z Dziennikarstwa\" title=\"\"><\/figure>\n<\/div>\n\n\n\n<div class=\"wp-block-column is-layout-flow wp-block-column-is-layout-flow\" style=\"flex-basis:70%\">\n<h3 class=\"wp-block-heading has-text-color\" style=\"color:#ea580c;font-size:22px\">Maria A. Mora<\/h3>\n\n\n\n<p class=\"has-text-color\" style=\"color:#6b7280;font-size:14px;font-weight:600\"><p style=\"color:#6b7280;font-size:14px;font-weight:600\">Dziennikarka Kulinarna &amp; Redaktorka Przepis\u00f3w | Dyplom z Dziennikarstwa<\/p><\/p>\n\n\n\n<p>Maria A. Mora jest dziennikark\u0105 kulinarn\u0105 z dyplomem z dziennikarstwa, specjalizuj\u0105c\u0105 si\u0119 w hiszpa\u0144skich tradycjach kulinarnych, regionalnych sk\u0142adnikach i technikach gotowania domowego. Jest redaktork\u0105 przepis\u00f3w w Spanish Food Guide, weryfikuj\u0105c dok\u0142adno\u015b\u0107 i kulturow\u0105 autentyczno\u015b\u0107 wszystkich publikowanych tre\u015bci.<\/p>\n\n\n\n<p>Do\u015bwiadczenie Marii gwarantuje, \u017ce ka\u017cdy przepis na stronie odzwierciedla prawdziwe hiszpa\u0144skie metody gotowania i profile smakowe, czerpi\u0105c z jej rozleg\u0142ej wiedzy o kuchni regionalnej od Galicji po Wyspy Kanaryjskie.<\/p>\n<\/div>\n<\/div>\n<\/div>\n\n\n\n<div style=\"height:24px\" aria-hidden=\"true\" class=\"wp-block-spacer\"><\/div>\n\n\n\n<div class=\"wp-block-group has-border-color has-background is-layout-constrained wp-container-core-group-is-layout-14734b6c wp-block-group-is-layout-constrained\" style=\"border-color:#e5e7eb;border-width:1px;border-radius:12px;background-color:#ffffff;padding-top:32px;padding-right:24px;padding-bottom:32px;padding-left:24px\">\n<div class=\"wp-block-columns is-layout-flex wp-container-core-columns-is-layout-9d6595d7 wp-block-columns-is-layout-flex\">\n<div class=\"wp-block-column is-layout-flow wp-block-column-is-layout-flow\" style=\"flex-basis:30%\">\n<figure class=\"wp-block-image aligncenter size-medium is-style-rounded\"><img decoding=\"async\" src=\"https:\/\/www.spanishfoodguide.com\/wp-content\/uploads\/2021\/01\/Universal-Traveller-Food-Expert-Pauline-Joie.jpg\" alt=\"Pauline Joie - Pisarka Kulinarna &amp; Tw\u00f3rczyni Przepis\u00f3w | Dyplom z Turystyki\" title=\"\"><\/figure>\n<\/div>\n\n\n\n<div class=\"wp-block-column is-layout-flow wp-block-column-is-layout-flow\" style=\"flex-basis:70%\">\n<h3 class=\"wp-block-heading has-text-color\" style=\"color:#ea580c;font-size:22px\">Pauline Joie<\/h3>\n\n\n\n<p class=\"has-text-color\" style=\"color:#6b7280;font-size:14px;font-weight:600\"><p style=\"color:#6b7280;font-size:14px;font-weight:600\">Pisarka Kulinarna &amp; Tw\u00f3rczyni Przepis\u00f3w | Dyplom z Turystyki<\/p><\/p>\n\n\n\n<p>Pauline Joie jest pisark\u0105 kulinarn\u0105 i tw\u00f3rczyni\u0105 przepis\u00f3w z dyplomem z Turystyki. Opracowuje i testuje przepisy dla Spanish Food Guide, koncentruj\u0105c si\u0119 na tym, aby tradycyjne hiszpa\u0144skie dania by\u0142y przyst\u0119pne dla mi\u0119dzynarodowych domowych kucharzy.<\/p>\n\n\n\n<p>Pauline wnosi globaln\u0105 perspektyw\u0119 do kuchni hiszpa\u0144skiej, dostosowuj\u0105c tradycyjne techniki do kuchni na ca\u0142ym \u015bwiecie, jednocze\u015bnie zachowuj\u0105c autentyczne smaki, kt\u00f3re czyni\u0105 ka\u017cde danie wyj\u0105tkowym.<\/p>\n<\/div>\n<\/div>\n<\/div>\n\n\n\n<div style=\"height:40px\" aria-hidden=\"true\" class=\"wp-block-spacer\"><\/div>\n\n\n\n<div class=\"wp-block-group has-background is-layout-constrained wp-container-core-group-is-layout-14734b6c wp-block-group-is-layout-constrained\" style=\"border-left-color:#ea580c;border-left-width:4px;border-radius:12px;background-color:#fff7ed;padding-top:32px;padding-right:24px;padding-bottom:32px;padding-left:24px\">\n\n<h2 class=\"wp-block-heading\" style=\"font-size:24px\">Nasze Standardy Redakcyjne<\/h2>\n\n\n<p>Utrzymujemy ka\u017cd\u0105 tre\u015b\u0107 na Spanish Food Guide na wysokim poziomie redakcyjnym. Oto jak pracujemy:<\/p>\n\n\n<p><strong>Opracowanie &amp; Testowanie Przepis\u00f3w.<\/strong> Ka\u017cdy przepis jest opracowywany przez nasz zesp\u00f3\u0142 kulinarny, testowany w kuchni i weryfikowany przez nasz\u0105 redaktork\u0119 przed publikacj\u0105. Stosujemy precyzyjne miary, jasne instrukcje krok po kroku i wskaz\u00f3wki oparte na prawdziwym do\u015bwiadczeniu kulinarnym.<\/p>\n\n\n<p><strong>Autentyczno\u015b\u0107 Kulturowa.<\/strong> Nasz zesp\u00f3\u0142 ma bezpo\u015brednie do\u015bwiadczenie z hiszpa\u0144sk\u0105 kultur\u0105 kulinarn\u0105 w wielu regionach. Konsultujemy si\u0119 z tradycyjnymi \u017ar\u00f3d\u0142ami i lokaln\u0105 wiedz\u0105 kulinarn\u0105, aby zapewni\u0107, \u017ce nasze tre\u015bci dok\u0142adnie odzwierciedlaj\u0105 r\u00f3\u017cnorodno\u015b\u0107 kuchni hiszpa\u0144skiej.<\/p>\n\n\n<p><strong>Rekomendacje Wycieczek Kulinarnych.<\/strong> Nasze przewodniki po wycieczkach kulinarnych opieraj\u0105 si\u0119 na badaniach z pierwszej r\u0119ki i osobistych wizytach. Oceniamy wycieczki pod k\u0105tem jako\u015bci, op\u0142acalno\u015bci i autentyczno\u015bci, zanim polecimy je naszym czytelnikom.<\/p>\n\n\n<p><strong>Transparentno\u015b\u0107.<\/strong> Niekt\u00f3re linki na Spanish Food Guide s\u0105 linkami afiliacyjnymi, co oznacza, \u017ce mo\u017cemy otrzyma\u0107 niewielk\u0105 prowizj\u0119, je\u015bli zarezerwujesz za ich po\u015brednictwem. To nigdy nie wp\u0142ywa na nasze rekomendacje. Zobacz nasz <a href=\"\/pl\/affiliate-disclaimer\/\">Zastrze\u017cenie Afiliacyjne<\/a>, aby uzyska\u0107 pe\u0142ne informacje.<\/p>\n\n<\/div>\n\n\n\n<div style=\"height:40px\" aria-hidden=\"true\" class=\"wp-block-spacer\"><\/div>\n\n\n\n<div class=\"wp-block-group has-border-color has-background is-layout-constrained wp-container-core-group-is-layout-14734b6c wp-block-group-is-layout-constrained\" style=\"border-color:#bbf7d0;border-width:1px;border-radius:12px;background-color:#f0fdf4;padding-top:32px;padding-right:24px;padding-bottom:32px;padding-left:24px\">\n\n<h2 class=\"wp-block-heading has-text-align-center\" style=\"font-size:24px\">Skontaktuj si\u0119<\/h2>\n\n\n<p class=\"has-text-align-center\">Masz pytanie dotycz\u0105ce przepisu, chcesz zasugerowa\u0107 temat lub jeste\u015b zainteresowany wsp\u00f3\u0142prac\u0105? Ch\u0119tnie od Ciebie us\u0142yszymy.<\/p>\n\n\n<div class=\"wp-block-buttons is-content-justification-center is-layout-flex wp-container-core-buttons-is-layout-16018d1d wp-block-buttons-is-layout-flex\">\n\n<div class=\"wp-block-button\"><a class=\"wp-block-button__link has-vivid-green-cyan-background-color has-background wp-element-button\" href=\"\/pl\/contacto\/\" style=\"border-radius:8px\">Skontaktuj si\u0119<\/a><\/div>\n\n\n<div class=\"wp-block-button is-style-outline is-style-outline--1\"><a class=\"wp-block-button__link wp-element-button\" href=\"\/pl\/work-with-us\/\" style=\"border-radius:8px\">Wsp\u00f3\u0142pracuj z nami<\/a><\/div>\n\n<\/div>\n\n<\/div>\n","protected":false},"excerpt":{"rendered":"<p>Nasza Misja Spanish Food Guide sprawia, \u017ce autentyczna kuchnia hiszpa\u0144ska jest dost\u0119pna dla domowych kucharzy na ca\u0142ym \u015bwiecie. Za\u0142o\u017cony w 2020 roku, publikujemy sprawdzone przepisy, szczeg\u00f3\u0142owe przewodniki po sk\u0142adnikach i starannie wybrane rekomendacje wycieczek kulinarnych \u2014 wszystko tworzone przez zesp\u00f3\u0142 z g\u0142\u0119bokimi korzeniami w hiszpa\u0144skich tradycjach kulinarnych. Dlaczego warto zaufa\u0107 Spanish Food Guide? 90+ Przetestowanych&#8230;<\/p>\n","protected":false},"author":1,"featured_media":0,"parent":0,"menu_order":0,"comment_status":"closed","ping_status":"closed","template":"","meta":{"_acf_changed":false,"disable-jtr":false,"_kad_post_transparent":"","_kad_post_title":"","_kad_post_layout":"","_kad_post_sidebar_id":"","_kad_post_content_style":"","_kad_post_vertical_padding":"","_kad_post_feature":"","_kad_post_feature_position":"","_kad_post_header":false,"_kad_post_footer":false,"_kad_post_classname":"","footnotes":""},"class_list":["post-10130","page","type-page","status-publish","hentry"],"acf":[],"_links":{"self":[{"href":"https:\/\/www.spanishfoodguide.com\/pl\/wp-json\/wp\/v2\/pages\/10130","targetHints":{"allow":["GET"]}}],"collection":[{"href":"https:\/\/www.spanishfoodguide.com\/pl\/wp-json\/wp\/v2\/pages"}],"about":[{"href":"https:\/\/www.spanishfoodguide.com\/pl\/wp-json\/wp\/v2\/types\/page"}],"author":[{"embeddable":true,"href":"https:\/\/www.spanishfoodguide.com\/pl\/wp-json\/wp\/v2\/users\/1"}],"replies":[{"embeddable":true,"href":"https:\/\/www.spanishfoodguide.com\/pl\/wp-json\/wp\/v2\/comments?post=10130"}],"version-history":[{"count":4,"href":"https:\/\/www.spanishfoodguide.com\/pl\/wp-json\/wp\/v2\/pages\/10130\/revisions"}],"predecessor-version":[{"id":11688,"href":"https:\/\/www.spanishfoodguide.com\/pl\/wp-json\/wp\/v2\/pages\/10130\/revisions\/11688"}],"wp:attachment":[{"href":"https:\/\/www.spanishfoodguide.com\/pl\/wp-json\/wp\/v2\/media?parent=10130"}],"curies":[{"name":"wp","href":"https:\/\/api.w.org\/{rel}","templated":true}]}}