{"id":4890,"date":"2021-12-23T16:13:47","date_gmt":"2021-12-23T16:13:47","guid":{"rendered":"https:\/\/www.spanishfoodguide.com\/tour-gastronomici-in-spagna\/"},"modified":"2026-03-28T14:02:30","modified_gmt":"2026-03-28T14:02:30","slug":"tour-gastronomici-in-spagna","status":"publish","type":"page","link":"https:\/\/www.spanishfoodguide.com\/it\/tour-gastronomici-in-spagna\/","title":{"rendered":"Tour gastronomici in Spagna"},"content":{"rendered":"\n<p>Stai andando a fare una meritata vacanza in Spagna, o vuoi esplorare le diverse sfaccettature di questo gioiello europeo?  <\/p>\n\n<p>Uno dei vari modi per conoscere meglio la cultura del paese \u00e8 immergersi nel meraviglioso mondo della cucina spagnola. Cercando di descriverlo in due parole, dovrei dire che la cucina \u00e8 semplice e calorosa.  <\/p>\n\n<p>Quando si tratta di assaggiare la cucina spagnola, \u00e8 molto facile farsi sopraffare dalla quantit\u00e0 di piatti gustosi che devi provare e dagli ingredienti tradizionali con cui devi familiarizzare.  <\/p>\n\n<p>Ogni regione ha la sua storia da condividere attraverso il cibo, e ogni boccone \u00e8 una spedizione a s\u00e9 stante.<\/p>\n\n<p>Ecco perch\u00e9 uno dei modi pi\u00f9 efficaci per avere una buona introduzione alla cucina spagnola \u00e8 unirsi a un tour gastronomico in Spagna durante la tua visita. Qualunque sia la regione che visiterai, la sua cultura gastronomica \u00e8 davvero da esplorare.  <\/p>\n\n<figure class=\"wp-block-image size-full\"><img loading=\"lazy\" decoding=\"async\" width=\"800\" height=\"427\" src=\"https:\/\/www.spanishfoodguide.com\/wp-content\/uploads\/2021\/08\/Spanish-Gazpacho-Tapas.jpg\" alt=\"\" class=\"wp-image-4213\" title=\"\" srcset=\"https:\/\/www.spanishfoodguide.com\/wp-content\/uploads\/2021\/08\/Spanish-Gazpacho-Tapas.jpg 800w, https:\/\/www.spanishfoodguide.com\/wp-content\/uploads\/2021\/08\/Spanish-Gazpacho-Tapas-300x160.jpg 300w, https:\/\/www.spanishfoodguide.com\/wp-content\/uploads\/2021\/08\/Spanish-Gazpacho-Tapas-768x410.jpg 768w, https:\/\/www.spanishfoodguide.com\/wp-content\/uploads\/2021\/08\/Spanish-Gazpacho-Tapas-735x392.jpg 735w, https:\/\/www.spanishfoodguide.com\/wp-content\/uploads\/2021\/08\/Spanish-Gazpacho-Tapas-335x179.jpg 335w, https:\/\/www.spanishfoodguide.com\/wp-content\/uploads\/2021\/08\/Spanish-Gazpacho-Tapas-347x185.jpg 347w, https:\/\/www.spanishfoodguide.com\/wp-content\/uploads\/2021\/08\/Spanish-Gazpacho-Tapas-520x278.jpg 520w, https:\/\/www.spanishfoodguide.com\/wp-content\/uploads\/2021\/08\/Spanish-Gazpacho-Tapas-640x342.jpg 640w\" sizes=\"auto, (max-width: 800px) 100vw, 800px\" \/><figcaption>\u00a9Sarsmis via Canva.com<\/figcaption><\/figure>\n<p>I migliori tour gastronomici della Spagna ti faranno provare molti dei tesori gastronomici pi\u00f9 iconici che storicamente hanno collegato la Spagna al resto del mondo.<\/p>\n\n<p>Alcuni dei cibi molto amati che faranno sicuramente parte dei tour gastronomici in Spagna includono le tradizionali <a aria-label=\"Spanish tapas (opens in a new tab)\" rel=\"noreferrer noopener\" href=\"https:\/\/www.spanishfoodguide.com\/it\/ricette\/tapas-spagnole-ricette\/\" target=\"_blank\" class=\"rank-math-link\">tapas spagnole<\/a>, le confortevoli <a aria-label=\"Spanish breakfasts (opens in a new tab)\" rel=\"noreferrer noopener\" href=\"https:\/\/www.spanishfoodguide.com\/it\/colazione-spagnola\/8-migliori-cibi-spagnoli-per-la-colazione-ricette\/\" target=\"_blank\" class=\"rank-math-link\">colazioni spagnole<\/a>, il <a aria-label=\"Spanish summer wine (opens in a new tab)\" rel=\"noreferrer noopener\" href=\"https:\/\/www.spanishfoodguide.com\/it\/bevande-spagnole\/ricetta-facile-del-tinto-de-verano\/\" target=\"_blank\" class=\"rank-math-link\">vino estivo spagnolo<\/a>, i dolci <a aria-label=\"Spanish desserts (opens in a new tab)\" rel=\"noreferrer noopener\" href=\"https:\/\/www.spanishfoodguide.com\/it\/dessert-spagnolo\/20-dolci-tradizionali-spagnoli-ricette-di-dolci-spagnoli\/\" target=\"_blank\" class=\"rank-math-link\">dessert spagnoli<\/a> e persino i <a aria-label=\"Spanish vegetarian dishes (opens in a new tab)\" rel=\"noreferrer noopener\" href=\"https:\/\/www.spanishfoodguide.com\/it\/ricette\/ricette-vegetariane-spagnole-facili-tapas-vegetariane\/\" target=\"_blank\" class=\"rank-math-link\">piatti vegetariani spagnoli<\/a>!<\/p>\n\n<p>Lascia che le esperte guide locali ti portino alla scoperta dei classici preferiti e delle gemme nascoste del quartiere.  <\/p>\n\n<p>Che tu stia esplorando Malaga, Madrid, Barcellona o altro, un appassionato buongustaio, uno chef o un barista saranno al tuo servizio.<\/p>\n\n<div class=\"wp-block-group quick-answer is-layout-flow wp-block-group-is-layout-flow\" style=\"border-left-color:#65b32e;border-left-width:4px;padding-top:1rem;padding-right:1.5rem;padding-bottom:1rem;padding-left:1.5rem\">\n<p style=\"font-style:normal;font-weight:700\">&#x26a1; Risposta Rapida<\/p>\n\n\n\n<p>Questa guida presenta i migliori tour gastronomici, selezionati per qualit\u00e0, rapporto qualit\u00e0-prezzo ed esperienze autentiche.<\/p>\n<\/div>\n\n\n\n<div id=\"ez-toc-container\" class=\"ez-toc-v2_0_82_2 counter-hierarchy ez-toc-counter ez-toc-grey ez-toc-container-direction\">\n<div class=\"ez-toc-title-container\">\n<p class=\"ez-toc-title\" style=\"cursor:inherit\">Table of Contents<\/p>\n<span class=\"ez-toc-title-toggle\"><a href=\"#\" class=\"ez-toc-pull-right ez-toc-btn ez-toc-btn-xs ez-toc-btn-default ez-toc-toggle\" aria-label=\"Toggle Table of Content\"><span class=\"ez-toc-js-icon-con\"><span class=\"\"><span class=\"eztoc-hide\" style=\"display:none;\">Toggle<\/span><span class=\"ez-toc-icon-toggle-span\"><svg style=\"fill: #999;color:#999\" xmlns=\"http:\/\/www.w3.org\/2000\/svg\" class=\"list-377408\" width=\"20px\" height=\"20px\" viewBox=\"0 0 24 24\" fill=\"none\"><path d=\"M6 6H4v2h2V6zm14 0H8v2h12V6zM4 11h2v2H4v-2zm16 0H8v2h12v-2zM4 16h2v2H4v-2zm16 0H8v2h12v-2z\" fill=\"currentColor\"><\/path><\/svg><svg style=\"fill: #999;color:#999\" class=\"arrow-unsorted-368013\" xmlns=\"http:\/\/www.w3.org\/2000\/svg\" width=\"10px\" height=\"10px\" viewBox=\"0 0 24 24\" version=\"1.2\" baseProfile=\"tiny\"><path d=\"M18.2 9.3l-6.2-6.3-6.2 6.3c-.2.2-.3.4-.3.7s.1.5.3.7c.2.2.4.3.7.3h11c.3 0 .5-.1.7-.3.2-.2.3-.5.3-.7s-.1-.5-.3-.7zM5.8 14.7l6.2 6.3 6.2-6.3c.2-.2.3-.5.3-.7s-.1-.5-.3-.7c-.2-.2-.4-.3-.7-.3h-11c-.3 0-.5.1-.7.3-.2.2-.3.5-.3.7s.1.5.3.7z\"\/><\/svg><\/span><\/span><\/span><\/a><\/span><\/div>\n<nav><ul class='ez-toc-list ez-toc-list-level-1 eztoc-toggle-hide-by-default' ><li class='ez-toc-page-1 ez-toc-heading-level-2'><a class=\"ez-toc-link ez-toc-heading-1\" href=\"https:\/\/www.spanishfoodguide.com\/it\/tour-gastronomici-in-spagna\/#I_migliori_tour_gastronomici_in_Spagna\" >I migliori tour gastronomici in Spagna<\/a><ul class='ez-toc-list-level-3' ><li class='ez-toc-heading-level-3'><a class=\"ez-toc-link ez-toc-heading-2\" href=\"https:\/\/www.spanishfoodguide.com\/it\/tour-gastronomici-in-spagna\/#1_Tour_gastronomici_a_Malaga\" >1. Tour gastronomici a Malaga<\/a><\/li><li class='ez-toc-page-1 ez-toc-heading-level-3'><a class=\"ez-toc-link ez-toc-heading-3\" href=\"https:\/\/www.spanishfoodguide.com\/it\/tour-gastronomici-in-spagna\/#2_Tour_gastronomici_a_Madrid\" >2. Tour gastronomici a Madrid<\/a><\/li><li class='ez-toc-page-1 ez-toc-heading-level-3'><a class=\"ez-toc-link ez-toc-heading-4\" href=\"https:\/\/www.spanishfoodguide.com\/it\/tour-gastronomici-in-spagna\/#3_Tour_gastronomici_a_Barcellona\" >3. Tour gastronomici a Barcellona<\/a><\/li><\/ul><\/li><\/ul><\/nav><\/div>\n<h2 class=\"has-text-align-center wp-block-heading\"><span class=\"ez-toc-section\" id=\"I_migliori_tour_gastronomici_in_Spagna\"><\/span>I migliori tour gastronomici in Spagna<span class=\"ez-toc-section-end\"><\/span><\/h2>\n\n<h3 class=\"wp-block-heading\"><span class=\"ez-toc-section\" id=\"1_Tour_gastronomici_a_Malaga\"><\/span>1. Tour gastronomici a Malaga<span class=\"ez-toc-section-end\"><\/span><\/h3>\n\n<p>Malaga \u00e8 una citt\u00e0 di mare situata nella regione meridionale dell&#8217;Andalusia. \u00c8 conosciuta da molti come la capitale della splendida Costa del Sol.  <\/p>\n\n<p>Oltre ad essere il luogo di nascita di Pablo Picasso, la citt\u00e0 di Malaga \u00e8 anche nota per essere la patria della cucina andalusa.<\/p>\n\n<p><strong>Scopri i <a aria-label=\"Best Food Tours in Malaga (opens in a new tab)\" rel=\"noreferrer noopener\" href=\"https:\/\/www.spanishfoodguide.com\/it\/tour-gastronomici-in-spagna\/i-migliori-tour-gastronomici-di-malaga\/\" target=\"_blank\" class=\"rank-math-link\">migliori tour gastronomici di Malaga<\/a>.<\/strong><\/p>\n\n<h3 class=\"wp-block-heading\"><span class=\"ez-toc-section\" id=\"2_Tour_gastronomici_a_Madrid\"><\/span>2. Tour gastronomici a Madrid<span class=\"ez-toc-section-end\"><\/span><\/h3>\n\n<p>Madrid, la capitale della Spagna, \u00e8 una fiorente metropoli nel cuore della penisola iberica. \u00c8 visitata da molti per la sua ricca arte e cultura.  <\/p>\n\n<p>Questa grande citt\u00e0 \u00e8 considerata un crogiolo di tutte le diverse cucine regionali della Spagna.<\/p>\n\n<p><strong>Scopri i <a aria-label=\"Best Food Tours in Madrid (opens in a new tab)\" href=\"https:\/\/www.spanishfoodguide.com\/it\/tour-gastronomici-in-spagna\/10-migliori-tour-gastronomici-di-madrid\/\" target=\"_blank\" rel=\"noreferrer noopener\" class=\"rank-math-link\">migliori tour gastronomici di Madrid<\/a>.<\/strong><\/p>\n\n<h3 class=\"wp-block-heading\"><span class=\"ez-toc-section\" id=\"3_Tour_gastronomici_a_Barcellona\"><\/span>3. Tour gastronomici a Barcellona<span class=\"ez-toc-section-end\"><\/span><\/h3>\n\n<p>Barcellona \u00e8 la capitale della Catalogna, una comunit\u00e0 autonoma della Spagna. Si trova nella parte nord-est del paese e viene visitata principalmente per la sua forte cultura e il suo patrimonio.  <\/p>\n\n<p>Tutta la citt\u00e0 era il campo da gioco di Antoni Gaudi e ora \u00e8 la galleria mondiale dei suoi capolavori.<\/p>\n\n<p><strong>Scopri i <a href=\"https:\/\/www.spanishfoodguide.com\/it\/tour-gastronomici-in-spagna\/i-migliori-tour-gastronomici-di-barcellona\/\" target=\"_blank\" aria-label=\"best food tours in Barcelona (opens in a new tab)\" rel=\"noreferrer noopener\" class=\"rank-math-link\">migliori tour gastronomici di Barcellona<\/a>.<\/strong><\/p>\n","protected":false},"excerpt":{"rendered":"<p>Stai andando a fare una meritata vacanza in Spagna, o vuoi esplorare le diverse sfaccettature di questo gioiello europeo? Uno dei vari modi per conoscere meglio la cultura del paese \u00e8 immergersi nel meraviglioso mondo della cucina spagnola. Cercando di descriverlo in due parole, dovrei dire che la cucina \u00e8 semplice e calorosa. Quando si&#8230;<\/p>\n","protected":false},"author":2,"featured_media":4891,"parent":0,"menu_order":0,"comment_status":"closed","ping_status":"closed","template":"","meta":{"_acf_changed":false,"disable-jtr":false,"_kad_post_transparent":"","_kad_post_title":"","_kad_post_layout":"","_kad_post_sidebar_id":"","_kad_post_content_style":"","_kad_post_vertical_padding":"","_kad_post_feature":"","_kad_post_feature_position":"","_kad_post_header":false,"_kad_post_footer":false,"_kad_post_classname":"","footnotes":""},"class_list":["post-4890","page","type-page","status-publish","has-post-thumbnail","hentry"],"acf":[],"_links":{"self":[{"href":"https:\/\/www.spanishfoodguide.com\/it\/wp-json\/wp\/v2\/pages\/4890","targetHints":{"allow":["GET"]}}],"collection":[{"href":"https:\/\/www.spanishfoodguide.com\/it\/wp-json\/wp\/v2\/pages"}],"about":[{"href":"https:\/\/www.spanishfoodguide.com\/it\/wp-json\/wp\/v2\/types\/page"}],"author":[{"embeddable":true,"href":"https:\/\/www.spanishfoodguide.com\/it\/wp-json\/wp\/v2\/users\/2"}],"replies":[{"embeddable":true,"href":"https:\/\/www.spanishfoodguide.com\/it\/wp-json\/wp\/v2\/comments?post=4890"}],"version-history":[{"count":6,"href":"https:\/\/www.spanishfoodguide.com\/it\/wp-json\/wp\/v2\/pages\/4890\/revisions"}],"predecessor-version":[{"id":11304,"href":"https:\/\/www.spanishfoodguide.com\/it\/wp-json\/wp\/v2\/pages\/4890\/revisions\/11304"}],"wp:featuredmedia":[{"embeddable":true,"href":"https:\/\/www.spanishfoodguide.com\/it\/wp-json\/wp\/v2\/media\/4891"}],"wp:attachment":[{"href":"https:\/\/www.spanishfoodguide.com\/it\/wp-json\/wp\/v2\/media?parent=4890"}],"curies":[{"name":"wp","href":"https:\/\/api.w.org\/{rel}","templated":true}]}}