{"id":4884,"date":"2021-12-23T16:13:44","date_gmt":"2021-12-23T16:13:44","guid":{"rendered":"https:\/\/www.spanishfoodguide.com\/i-migliori-tour-gastronomici-di-malaga\/"},"modified":"2026-03-28T14:02:32","modified_gmt":"2026-03-28T14:02:32","slug":"i-migliori-tour-gastronomici-di-malaga","status":"publish","type":"page","link":"https:\/\/www.spanishfoodguide.com\/it\/tour-gastronomici-in-spagna\/i-migliori-tour-gastronomici-di-malaga\/","title":{"rendered":"I migliori tour gastronomici di Malaga"},"content":{"rendered":"\n<p><strong><span style=\"color:#ff6600\" class=\"has-inline-color\">Conosci la citt\u00e0 storica attraverso la sua deliziosa cucina prenotando questi tour gastronomici di Malaga, compresi i tour di tapas a Malaga, che ti danno un assaggio degli spuntini tipici della Spagna.<\/span><\/strong><\/p>\n\n<p>La scena gastronomica di Malaga \u00e8 varia. La Spagna \u00e8 ben nota per le sue deliziose tapas.  <\/p>\n\n<p>I tour di tapas a Malaga sono difficili da resistere, dato che salterai da un bar di tapas all&#8217;altro e consumerai dell&#8217;ottimo vino spagnolo insieme agli spuntini.<\/p>\n\n<p>Sono anche una delle <a href=\"https:\/\/www.universal-traveller.com\/malaga-city-guide-best-things-to-do-in-malaga-spain\" target=\"_blank\" aria-label=\"best things to do in Malaga (opens in a new tab)\" rel=\"noreferrer noopener\" class=\"rank-math-link\">migliori cose da fare a Malaga<\/a>!<\/p>\n\n<p>Unisciti a uno di questi migliori tour gastronomici di Malaga per vivere la citt\u00e0 al suo massimo!<\/p>\n\n<div class=\"wp-block-group quick-answer is-layout-flow wp-block-group-is-layout-flow\" style=\"border-left-color:#65b32e;border-left-width:4px;padding-top:1rem;padding-right:1.5rem;padding-bottom:1rem;padding-left:1.5rem\">\n<p style=\"font-style:normal;font-weight:700\">&#x26a1; Risposta Rapida<\/p>\n\n\n\n<p>Questa guida presenta i migliori tour gastronomici, selezionati per qualit\u00e0, rapporto qualit\u00e0-prezzo ed esperienze autentiche.<\/p>\n<\/div>\n\n\n\n<div id=\"ez-toc-container\" class=\"ez-toc-v2_0_82_2 counter-hierarchy ez-toc-counter ez-toc-grey ez-toc-container-direction\">\n<div class=\"ez-toc-title-container\">\n<p class=\"ez-toc-title\" style=\"cursor:inherit\">Table of Contents<\/p>\n<span class=\"ez-toc-title-toggle\"><a href=\"#\" class=\"ez-toc-pull-right ez-toc-btn ez-toc-btn-xs ez-toc-btn-default ez-toc-toggle\" aria-label=\"Toggle Table of Content\"><span class=\"ez-toc-js-icon-con\"><span class=\"\"><span class=\"eztoc-hide\" style=\"display:none;\">Toggle<\/span><span class=\"ez-toc-icon-toggle-span\"><svg style=\"fill: #999;color:#999\" xmlns=\"http:\/\/www.w3.org\/2000\/svg\" class=\"list-377408\" width=\"20px\" height=\"20px\" viewBox=\"0 0 24 24\" fill=\"none\"><path d=\"M6 6H4v2h2V6zm14 0H8v2h12V6zM4 11h2v2H4v-2zm16 0H8v2h12v-2zM4 16h2v2H4v-2zm16 0H8v2h12v-2z\" fill=\"currentColor\"><\/path><\/svg><svg style=\"fill: #999;color:#999\" class=\"arrow-unsorted-368013\" xmlns=\"http:\/\/www.w3.org\/2000\/svg\" width=\"10px\" height=\"10px\" viewBox=\"0 0 24 24\" version=\"1.2\" baseProfile=\"tiny\"><path d=\"M18.2 9.3l-6.2-6.3-6.2 6.3c-.2.2-.3.4-.3.7s.1.5.3.7c.2.2.4.3.7.3h11c.3 0 .5-.1.7-.3.2-.2.3-.5.3-.7s-.1-.5-.3-.7zM5.8 14.7l6.2 6.3 6.2-6.3c.2-.2.3-.5.3-.7s-.1-.5-.3-.7c-.2-.2-.4-.3-.7-.3h-11c-.3 0-.5.1-.7.3-.2.2-.3.5-.3.7s.1.5.3.7z\"\/><\/svg><\/span><\/span><\/span><\/a><\/span><\/div>\n<nav><ul class='ez-toc-list ez-toc-list-level-1 eztoc-toggle-hide-by-default' ><li class='ez-toc-page-1 ez-toc-heading-level-2'><a class=\"ez-toc-link ez-toc-heading-1\" href=\"https:\/\/www.spanishfoodguide.com\/it\/tour-gastronomici-in-spagna\/i-migliori-tour-gastronomici-di-malaga\/#1_Tour_gastronomico_di_Malaga\" >1. Tour gastronomico di Malaga<\/a><\/li><li class='ez-toc-page-1 ez-toc-heading-level-2'><a class=\"ez-toc-link ez-toc-heading-2\" href=\"https:\/\/www.spanishfoodguide.com\/it\/tour-gastronomici-in-spagna\/i-migliori-tour-gastronomici-di-malaga\/#2_Tour_gastronomico_di_Malaga_al_mercato_di_Atarazanas\" >2. Tour gastronomico di Malaga al mercato di Atarazanas<\/a><\/li><li class='ez-toc-page-1 ez-toc-heading-level-2'><a class=\"ez-toc-link ez-toc-heading-3\" href=\"https:\/\/www.spanishfoodguide.com\/it\/tour-gastronomici-in-spagna\/i-migliori-tour-gastronomici-di-malaga\/#3_Malaga_Tapas_Crawl\" >3. Malaga Tapas Crawl<\/a><\/li><li class='ez-toc-page-1 ez-toc-heading-level-2'><a class=\"ez-toc-link ez-toc-heading-4\" href=\"https:\/\/www.spanishfoodguide.com\/it\/tour-gastronomici-in-spagna\/i-migliori-tour-gastronomici-di-malaga\/#4_Tour_a_piedi_di_3_ore_di_cibo_a_Malaga\" >4. Tour a piedi di 3 ore di cibo a Malaga<\/a><\/li><li class='ez-toc-page-1 ez-toc-heading-level-2'><a class=\"ez-toc-link ez-toc-heading-5\" href=\"https:\/\/www.spanishfoodguide.com\/it\/tour-gastronomici-in-spagna\/i-migliori-tour-gastronomici-di-malaga\/#5_Tour_gastronomico_a_piedi_del_Gusto_di_Spagna_a_Malaga\" >5. Tour gastronomico a piedi del Gusto di Spagna a Malaga<\/a><\/li><li class='ez-toc-page-1 ez-toc-heading-level-2'><a class=\"ez-toc-link ez-toc-heading-6\" href=\"https:\/\/www.spanishfoodguide.com\/it\/tour-gastronomici-in-spagna\/i-migliori-tour-gastronomici-di-malaga\/#6_Tour_guidato_di_cibo_e_vino_locale_di_Malaga\" >6. Tour guidato di cibo e vino locale di Malaga<\/a><\/li><li class='ez-toc-page-1 ez-toc-heading-level-2'><a class=\"ez-toc-link ez-toc-heading-7\" href=\"https:\/\/www.spanishfoodguide.com\/it\/tour-gastronomici-in-spagna\/i-migliori-tour-gastronomici-di-malaga\/#7_Tour_di_degustazione_di_tapas_di_Malaga\" >7. Tour di degustazione di tapas di Malaga<\/a><\/li><\/ul><\/nav><\/div>\n<h2 class=\"wp-block-heading\"><span class=\"ez-toc-section\" id=\"1_Tour_gastronomico_di_Malaga\"><\/span>1. Tour gastronomico di Malaga<span class=\"ez-toc-section-end\"><\/span><\/h2>\n\n<p>Il centro di Malaga \u00e8 pronto per essere scoperto da te! Goditi questo <a aria-label=\" (opens in a new tab)\" class=\"rank-math-link\" href=\"https:\/\/www.getyourguide.com\/mlaga-l402\/malaga-food-tour-t382919\/?partner_id=RJQ408Z&amp;utm_medium=online_publisher&amp;utm_source=universal_traveller&amp;placement=content-top\" target=\"_blank\" rel=\"noreferrer noopener nofollow\">tour gastronomico di Malaga<\/a>, che ti porta in quattro ristoranti noti per le loro specialit\u00e0 di piatti locali.<\/p>\n\n<p>Venite affamati, perch\u00e9 potrete gustare diverse specialit\u00e0 spagnole, dagli antipasti salati ai dolci.<\/p>\n\n<p>Molti degli articoli che potrai gustare in questo tour gastronomico di tre ore e mezza sono semplicemente le migliori tapas spagnole. Vieni a conoscere i classici come la Tortilla de Patatas, il Chorizo de Bellota e le Croquetas Caseras.<\/p>\n\n<p>\u00c8 anche la tua occasione per bere il pi\u00f9 amato vino spagnolo insieme ad altre bevande come la sangria, il <a href=\"https:\/\/www.spanishfoodguide.com\/it\/bevande-spagnole\/ricetta-facile-del-tinto-de-verano\/\" target=\"_blank\" aria-label=\"tinto de verano (opens in a new tab)\" rel=\"noreferrer noopener\" class=\"rank-math-link\">tinto de verano<\/a> e la birra.<\/p>\n\n<p><strong>Incluso:<\/strong><\/p>\n\n<ul class=\"wp-block-list\"><li>Cibo e bevande inclusi<\/li><li>Tour a piedi<\/li><\/ul>\n\n<p class=\"has-text-align-center\"><strong><a aria-label=\"Click here for more photos, reviews and\/ or to book the tour. (opens in a new tab)\" class=\"rank-math-link\" href=\"https:\/\/www.getyourguide.com\/mlaga-l402\/malaga-food-tour-t382919\/?partner_id=RJQ408Z&amp;utm_medium=online_publisher&amp;utm_source=universal_traveller&amp;placement=content-top\" target=\"_blank\" rel=\"noreferrer noopener nofollow\">Clicca qui per altre foto, recensioni e\/o per prenotare il tour.<\/a><\/strong><\/p>\n\n<h2 class=\"wp-block-heading\"><span class=\"ez-toc-section\" id=\"2_Tour_gastronomico_di_Malaga_al_mercato_di_Atarazanas\"><\/span>2. Tour gastronomico di Malaga al mercato di Atarazanas<span class=\"ez-toc-section-end\"><\/span><\/h2>\n\n<figure class=\"wp-block-image size-full\"><img loading=\"lazy\" decoding=\"async\" width=\"750\" height=\"359\" src=\"https:\/\/www.spanishfoodguide.com\/wp-content\/uploads\/2020\/08\/Best-Malaga-Food-Tours1.jpg\" alt=\"I migliori tour gastronomici di Malaga\" class=\"wp-image-1371\" title=\"\" srcset=\"https:\/\/www.spanishfoodguide.com\/wp-content\/uploads\/2020\/08\/Best-Malaga-Food-Tours1.jpg 750w, https:\/\/www.spanishfoodguide.com\/wp-content\/uploads\/2020\/08\/Best-Malaga-Food-Tours1-300x144.jpg 300w\" sizes=\"auto, (max-width: 750px) 100vw, 750px\" \/><figcaption>\u00a9 Spanish Food Guide di Tim Kroeger<\/figcaption><\/figure>\n\n<p>Se vuoi un&#8217;ultima indulgenza gastronomica, partecipa a un <a aria-label=\" (opens in a new tab)\" class=\"rank-math-link\" href=\"https:\/\/www.getyourguide.com\/mlaga-l402\/malaga-foodie-tour-of-atarazanas-market-t373095\/?partner_id=RJQ408Z&amp;utm_medium=online_publisher&amp;utm_source=universal_traveller&amp;placement=content-top\" target=\"_blank\" rel=\"noreferrer noopener nofollow\">Malaga Foodie Tour<\/a>. In questa attivit\u00e0, potrai visitare la pi\u00f9 antica cantina di Malaga, il mercato centrale di Atarazanas e i tradizionali ultramarini.<\/p>\n\n<p>Il Mercato Centrale di Atarazanas \u00e8 una vera delizia non solo per il tuo stomaco ma anche per i tuoi occhi. L&#8217;edificio dove si trova il mercato era una volta un cantiere navale di origine araba.  <\/p>\n\n<p>Visitando un tradizionale negozio di alimentari ultramarino, ci sono alcuni antipasti indulgenti da assaggiare, come il <a aria-label=\"Jamon Iberico (opens in a new tab)\" class=\"rank-math-link\" rel=\"noreferrer noopener\" href=\"https:\/\/www.spanishfoodguide.com\/it\/ingredienti-spagnoli\/prosciutto-spagnolo-tutto-su-jamon-serrano-e-jamon-iberico\/\" target=\"_blank\">Jamon Iberico<\/a>, accompagnato da un bicchiere di vino spagnolo o vermouth.  <\/p>\n\n<p><strong>Incluso:<\/strong><\/p>\n\n<ul class=\"wp-block-list\"><li>Antipasti (prosciutto iberico, salchich\u00f3n, morcilla, formaggio manchego e olive)<\/li><li>Vino o vermouth<\/li><li>Degustazione di olio d&#8217;oliva<\/li><\/ul>\n\n<p><strong><a aria-label=\"Click here for more photos, reviews and\/ or to book the tour. (opens in a new tab)\" class=\"rank-math-link\" href=\"https:\/\/www.getyourguide.com\/mlaga-l402\/malaga-foodie-tour-of-atarazanas-market-t373095\/?partner_id=RJQ408Z&amp;utm_medium=online_publisher&amp;utm_source=universal_traveller&amp;placement=content-top\" target=\"_blank\" rel=\"noreferrer noopener nofollow\">Clicca qui per altre foto, recensioni e\/o per prenotare il tour.<\/a><\/strong><\/p>\n\n<h2 class=\"wp-block-heading\"><span class=\"ez-toc-section\" id=\"3_Malaga_Tapas_Crawl\"><\/span>3. Malaga Tapas Crawl<span class=\"ez-toc-section-end\"><\/span><\/h2>\n\n<figure class=\"wp-block-image size-full\"><img loading=\"lazy\" decoding=\"async\" width=\"750\" height=\"750\" src=\"https:\/\/www.spanishfoodguide.com\/wp-content\/uploads\/2020\/05\/Gambas-al-Ajillo-Recipe-Spanish-Garlic-Shrimp1.jpg\" alt=\"Gambas al Ajillo in una piccola ciotola.\" class=\"wp-image-314\" title=\"\" srcset=\"https:\/\/www.spanishfoodguide.com\/wp-content\/uploads\/2020\/05\/Gambas-al-Ajillo-Recipe-Spanish-Garlic-Shrimp1.jpg 750w, https:\/\/www.spanishfoodguide.com\/wp-content\/uploads\/2020\/05\/Gambas-al-Ajillo-Recipe-Spanish-Garlic-Shrimp1-300x300.jpg 300w, https:\/\/www.spanishfoodguide.com\/wp-content\/uploads\/2020\/05\/Gambas-al-Ajillo-Recipe-Spanish-Garlic-Shrimp1-150x150.jpg 150w, https:\/\/www.spanishfoodguide.com\/wp-content\/uploads\/2020\/05\/Gambas-al-Ajillo-Recipe-Spanish-Garlic-Shrimp1-100x100.jpg 100w, https:\/\/www.spanishfoodguide.com\/wp-content\/uploads\/2020\/05\/Gambas-al-Ajillo-Recipe-Spanish-Garlic-Shrimp1-200x200.jpg 200w, https:\/\/www.spanishfoodguide.com\/wp-content\/uploads\/2020\/05\/Gambas-al-Ajillo-Recipe-Spanish-Garlic-Shrimp1-320x320.jpg 320w, https:\/\/www.spanishfoodguide.com\/wp-content\/uploads\/2020\/05\/Gambas-al-Ajillo-Recipe-Spanish-Garlic-Shrimp1-480x480.jpg 480w, https:\/\/www.spanishfoodguide.com\/wp-content\/uploads\/2020\/05\/Gambas-al-Ajillo-Recipe-Spanish-Garlic-Shrimp1-720x720.jpg 720w, https:\/\/www.spanishfoodguide.com\/wp-content\/uploads\/2020\/05\/Gambas-al-Ajillo-Recipe-Spanish-Garlic-Shrimp1-735x735.jpg 735w\" sizes=\"auto, (max-width: 750px) 100vw, 750px\" \/><figcaption>\u00a9 Spanish Food Guide di Tim Kroeger<\/figcaption><\/figure>\n\n<p>Lascia che la tua guida locale esperta ti porti nei posti migliori per assaggiare tutte le migliori <a aria-label=\"Spanish cold tapas (opens in a new tab)\" rel=\"noreferrer noopener\" href=\"https:\/\/www.spanishfoodguide.com\/it\/ricette\/ricette-di-tapas-fredde-spagnole\/\" target=\"_blank\" class=\"rank-math-link\">tapas fredde spagnole<\/a> insieme ad altre offerte di tapas in questo <a href=\"https:\/\/www.getyourguide.com\/mlaga-l402\/malaga-tapas-crawl-t345196\/?partner_id=RJQ408Z&amp;utm_medium=online_publisher&amp;utm_source=universal_traveller&amp;placement=content-top\" target=\"_blank\" aria-label=\"ultimate Malaga Tapas Crawl (opens in a new tab)\" rel=\"noreferrer noopener nofollow\" class=\"rank-math-link\">ultimo giro di tapas di Malaga<\/a>.<\/p>\n\n<p>Per tre ore, il tuo appetito sar\u00e0 riempito con le amate tapas dell&#8217;Andalusia mentre passi da un bar di tapas all&#8217;altro. Ci saranno cinque bar locali nel tuo itinerario e circa dieci o dodici variet\u00e0 diverse di tapas spagnole nel tuo menu di degustazione.<\/p>\n\n<p>Prenotare uno dei tour di tapas a Malaga \u00e8 un modo eccellente per conoscere meglio la cultura alimentare della citt\u00e0 e la sua ricca storia.<\/p>\n\n<p><strong>Incluso:<\/strong><\/p>\n\n<ul class=\"wp-block-list\"><li>10-12 porzioni di tapas<\/li><li>Guida locale<\/li><li>4-5 bevande<\/li><li>Dessert<\/li><\/ul>\n\n<p><strong><a aria-label=\"Click here for more photos, reviews and\/ or to book the tour. (opens in a new tab)\" class=\"rank-math-link\" href=\"https:\/\/www.getyourguide.com\/mlaga-l402\/malaga-tapas-crawl-t345196\/?partner_id=RJQ408Z&amp;utm_medium=online_publisher&amp;utm_source=universal_traveller&amp;placement=content-top\" target=\"_blank\" rel=\"noreferrer noopener nofollow\">Clicca qui per altre foto, recensioni e\/o per prenotare il tour.<\/a><\/strong><\/p>\n\n<h2 class=\"wp-block-heading\"><span class=\"ez-toc-section\" id=\"4_Tour_a_piedi_di_3_ore_di_cibo_a_Malaga\"><\/span>4. Tour a piedi di 3 ore di cibo a Malaga<span class=\"ez-toc-section-end\"><\/span><\/h2>\n\n<p>Le ore spese per il buon cibo sono ore ben spese! Partecipa a questo <a aria-label=\" (opens in a new tab)\" class=\"rank-math-link\" href=\"https:\/\/www.getyourguide.com\/mlaga-l402\/malaga-3-hours-gourmet-walking-tour-t33779\/?partner_id=RJQ408Z&amp;utm_medium=online_publisher&amp;utm_source=universal_traveller&amp;placement=content-top\" target=\"_blank\" rel=\"noreferrer noopener nofollow\">tour a piedi di 3 ore per il cibo di Malaga<\/a>, che ti porta nei luoghi pi\u00f9 autentici per mangiare in citt\u00e0.<\/p>\n\n<p>Esplorate il mercato locale di Malaga e date un&#8217;occhiata alla vita quotidiana &#8211; e agli acquisti &#8211; dei residenti.  <\/p>\n\n<p>Che ne dici di mangiare cioccolato a colazione? Sarai entusiasta di sapere che la tradizionale <a href=\"https:\/\/www.spanishfoodguide.com\/it\/colazione-spagnola\/8-migliori-cibi-spagnoli-per-la-colazione-ricette\/\" target=\"_blank\" aria-label=\"Spanish breakfast (opens in a new tab)\" rel=\"noreferrer noopener\" class=\"rank-math-link\">colazione spagnola<\/a> a base di cioccolato e churros fa parte del tuo tour gastronomico di Malaga.<\/p>\n\n<p>In seguito, lascia che la tua guida locale esperta ti porti in giro per i luoghi storici del quartiere. La Fortezza moresca e l&#8217;Anfiteatro romano sono tra i punti di riferimento che visiterai.<\/p>\n\n<p><strong>Incluso:<\/strong><\/p>\n\n<ul class=\"wp-block-list\"><li>Tour a piedi con una guida turistica autorizzata<\/li><li>Colazione con cioccolato tradizionale e churros (tipica colazione spagnola)<\/li><li>Degustazioni alle bancarelle del mercato<\/li><li>Degustazione di prosciutto iberico e formaggio Manchego della migliore qualit\u00e0<\/li><li>Frutta fresca di stagione<\/li><li>Tipico gelato locale fatto di turr\u00f3n (mandorle tostate, cannella e miele)<\/li><\/ul>\n\n<p><strong><a aria-label=\"Click here for more photos, reviews and\/ or to book the tour. (opens in a new tab)\" class=\"rank-math-link\" href=\"https:\/\/www.getyourguide.com\/mlaga-l402\/malaga-3-hours-gourmet-walking-tour-t33779\/?partner_id=RJQ408Z&amp;utm_medium=online_publisher&amp;utm_source=universal_traveller&amp;placement=content-top\" target=\"_blank\" rel=\"noreferrer noopener nofollow\">Clicca qui per altre foto, recensioni e\/o per prenotare il tour.<\/a><\/strong><\/p>\n\n<h2 class=\"wp-block-heading\"><span class=\"ez-toc-section\" id=\"5_Tour_gastronomico_a_piedi_del_Gusto_di_Spagna_a_Malaga\"><\/span>5. Tour gastronomico a piedi del Gusto di Spagna a Malaga<span class=\"ez-toc-section-end\"><\/span><\/h2>\n\n<figure class=\"wp-block-image size-full\"><img loading=\"lazy\" decoding=\"async\" width=\"750\" height=\"1569\" src=\"https:\/\/www.spanishfoodguide.com\/wp-content\/uploads\/2020\/08\/Best-Malaga-Food-Tours3.jpg\" alt=\"I migliori tour gastronomici di Malaga\" class=\"wp-image-1377\" title=\"\" srcset=\"https:\/\/www.spanishfoodguide.com\/wp-content\/uploads\/2020\/08\/Best-Malaga-Food-Tours3.jpg 750w, https:\/\/www.spanishfoodguide.com\/wp-content\/uploads\/2020\/08\/Best-Malaga-Food-Tours3-143x300.jpg 143w, https:\/\/www.spanishfoodguide.com\/wp-content\/uploads\/2020\/08\/Best-Malaga-Food-Tours3-489x1024.jpg 489w, https:\/\/www.spanishfoodguide.com\/wp-content\/uploads\/2020\/08\/Best-Malaga-Food-Tours3-734x1536.jpg 734w\" sizes=\"auto, (max-width: 750px) 100vw, 750px\" \/><figcaption>\u00a9 Spanish Food Guide di Tim Kroeger<\/figcaption><\/figure>\n\n<p>Questo <a href=\"https:\/\/www.getyourguide.com\/mlaga-l402\/malaga-taste-of-spain-walking-food-tour-t364680\/?partner_id=RJQ408Z&amp;utm_medium=online_publisher&amp;utm_source=universal_traveller&amp;placement=content-top\" target=\"_blank\" aria-label=\" (opens in a new tab)\" rel=\"noreferrer noopener nofollow\" class=\"rank-math-link\">tour gastronomico a piedi Malaga Taste-of-Spain <\/a>\u00e8 tra i migliori tour gastronomici di Malaga che puoi prenotare.<\/p>\n\n<p>Non solo potrai assaggiare i cibi tradizionali di ogni famiglia di Malaga, ma potrai anche vedere i punti di riferimento iconici della citt\u00e0.<\/p>\n\n<p>Preparati ad assaggiare alcune delle pi\u00f9 autentiche tapas spagnole che potrai mai mangiare. Se la tua dieta non include la carne, non preoccuparti perch\u00e9 ci sono molte <a aria-label=\"Spanish vegetarian tapas (opens in a new tab)\" href=\"https:\/\/www.spanishfoodguide.com\/it\/ricette\/ricette-vegetariane-spagnole-facili-tapas-vegetariane\/\" target=\"_blank\" rel=\"noreferrer noopener\" class=\"rank-math-link\">tapas vegetariane spagnole<\/a> che puoi provare a Malaga.<\/p>\n\n<p>La cucina e la cultura spagnola e malaghegna sono profondamente legate, quindi \u00e8 impossibile esplorare una e non l&#8217;altra.<\/p>\n\n<p><strong>Incluso:<\/strong><\/p>\n\n<ul class=\"wp-block-list\"><li>Pranzo completo<\/li><li>14 diverse tapas<\/li><li>Bevande<\/li><\/ul>\n\n<p><strong><a aria-label=\"Click here for more photos, reviews and\/ or to book the tour. (opens in a new tab)\" class=\"rank-math-link\" href=\"https:\/\/www.getyourguide.com\/mlaga-l402\/malaga-taste-of-spain-walking-food-tour-t364680\/?partner_id=RJQ408Z&amp;utm_medium=online_publisher&amp;utm_source=universal_traveller&amp;placement=content-top\" target=\"_blank\" rel=\"noreferrer noopener nofollow\">Clicca qui per altre foto, recensioni e\/o per prenotare il tour.<\/a><\/strong><\/p>\n\n<h2 class=\"wp-block-heading\"><span class=\"ez-toc-section\" id=\"6_Tour_guidato_di_cibo_e_vino_locale_di_Malaga\"><\/span>6. Tour guidato di cibo e vino locale di Malaga<span class=\"ez-toc-section-end\"><\/span><\/h2>\n\n<figure class=\"wp-block-image size-full\"><img loading=\"lazy\" decoding=\"async\" width=\"750\" height=\"750\" src=\"https:\/\/www.spanishfoodguide.com\/wp-content\/uploads\/2020\/08\/Best-Malaga-Food-Tours-01.jpg\" alt=\"I migliori tour gastronomici di Malaga-01\" class=\"wp-image-1368\" title=\"\" srcset=\"https:\/\/www.spanishfoodguide.com\/wp-content\/uploads\/2020\/08\/Best-Malaga-Food-Tours-01.jpg 750w, https:\/\/www.spanishfoodguide.com\/wp-content\/uploads\/2020\/08\/Best-Malaga-Food-Tours-01-300x300.jpg 300w, https:\/\/www.spanishfoodguide.com\/wp-content\/uploads\/2020\/08\/Best-Malaga-Food-Tours-01-150x150.jpg 150w, https:\/\/www.spanishfoodguide.com\/wp-content\/uploads\/2020\/08\/Best-Malaga-Food-Tours-01-100x100.jpg 100w\" sizes=\"auto, (max-width: 750px) 100vw, 750px\" \/><figcaption>\u00a9 Spanish Food Guide di Tim Kroeger<\/figcaption><\/figure>\n\n<p>I tour di tapas a Malaga sono extra speciali di notte! Prendi questo <a aria-label=\" (opens in a new tab)\" class=\"rank-math-link\" href=\"https:\/\/www.getyourguide.com\/mlaga-l402\/malaga-local-food-and-wine-guided-tour-t364675\/?partner_id=RJQ408Z&amp;utm_medium=online_publisher&amp;utm_source=universal_traveller&amp;placement=content-top\" target=\"_blank\" rel=\"noreferrer noopener nofollow\">tour guidato di cibo e vino locale di Malaga<\/a>, che inizia subito dopo il tramonto.<\/p>\n\n<p>Incontra la tua guida turistica esperta e vedi l&#8217;intera citt\u00e0 illuminarsi per la sera. Salta da un bar e ristorante all&#8217;altro per assaggiare alcuni dei migliori e autentici cibi spagnoli.<\/p>\n\n<p>Cosa si sposa bene con la cucina tradizionale spagnola? Buone bevande e vino locali, naturalmente. Assaggia solo le migliori miscele in questo tour gastronomico di tre ore.<\/p>\n\n<p><strong>Incluso:<\/strong><\/p>\n\n<ul class=\"wp-block-list\"><li>Cibo e bevande<\/li><\/ul>\n\n<p><strong><a aria-label=\"Click here for more photos, reviews and\/ or to book the tour. (opens in a new tab)\" class=\"rank-math-link\" href=\"https:\/\/www.getyourguide.com\/mlaga-l402\/malaga-local-food-and-wine-guided-tour-t364675\/?partner_id=RJQ408Z&amp;utm_medium=online_publisher&amp;utm_source=universal_traveller&amp;placement=content-top\" target=\"_blank\" rel=\"noreferrer noopener nofollow\">Clicca qui per altre foto, recensioni e\/o per prenotare il tour.<\/a><\/strong><\/p>\n\n<h2 class=\"wp-block-heading\"><span class=\"ez-toc-section\" id=\"7_Tour_di_degustazione_di_tapas_di_Malaga\"><\/span>7. Tour di degustazione di tapas di Malaga<span class=\"ez-toc-section-end\"><\/span><\/h2>\n\n<figure class=\"wp-block-image size-full\"><img loading=\"lazy\" decoding=\"async\" width=\"750\" height=\"1569\" src=\"https:\/\/www.spanishfoodguide.com\/wp-content\/uploads\/2020\/08\/Best-Malaga-Food-Tours2.jpg\" alt=\"I migliori tour gastronomici di Malaga-01\" class=\"wp-image-1374\" title=\"\" srcset=\"https:\/\/www.spanishfoodguide.com\/wp-content\/uploads\/2020\/08\/Best-Malaga-Food-Tours2.jpg 750w, https:\/\/www.spanishfoodguide.com\/wp-content\/uploads\/2020\/08\/Best-Malaga-Food-Tours2-143x300.jpg 143w, https:\/\/www.spanishfoodguide.com\/wp-content\/uploads\/2020\/08\/Best-Malaga-Food-Tours2-489x1024.jpg 489w, https:\/\/www.spanishfoodguide.com\/wp-content\/uploads\/2020\/08\/Best-Malaga-Food-Tours2-734x1536.jpg 734w\" sizes=\"auto, (max-width: 750px) 100vw, 750px\" \/><figcaption>\u00a9 Spanish Food Guide di Tim Kroeger<\/figcaption><\/figure>\n\n<p>Questo <a href=\"https:\/\/www.getyourguide.com\/mlaga-l402\/malaga-tapas-tour-t56013\/?partner_id=RJQ408Z&amp;utm_medium=online_publisher&amp;utm_source=universal_traveller&amp;placement=content-top\" target=\"_blank\" aria-label=\" (opens in a new tab)\" rel=\"noreferrer noopener nofollow\" class=\"rank-math-link\">tour di degustazione di tapas di Malaga<\/a> \u00e8 uno dei tour gastronomici di Malaga da prenotare se desideri qualcosa lontano dalla solita folla di turisti.<\/p>\n\n<p>Per tre ore e mezza, il tuo piccolo gruppo sar\u00e0 guidato da una guida esperta che ti porter\u00e0 al Mercado Central de Atarazanas e oltre.<\/p>\n\n<p>Sette tapas da quattro fermate di tapas ti aspettano mentre esplori la Citt\u00e0 Vecchia. Mentre assapori alcuni dei migliori spuntini che Malaga ha da offrire, scopri di pi\u00f9 sulla storia della citt\u00e0.<\/p>\n\n<p><strong><strong>Incluso<\/strong>:<\/strong><\/p>\n\n<ul class=\"wp-block-list\"><li>Visita al mercato di Atarazanas<\/li><li>7 degustazioni<\/li><li>4 bevande (vino rosso o bianco, birra o bibita)<\/li><li>Degustazione di prosciutto iberico<\/li><\/ul>\n\n<p><strong><a aria-label=\"Click here for more photos, reviews and\/ or to book the tour. (opens in a new tab)\" class=\"rank-math-link\" href=\"https:\/\/www.getyourguide.com\/mlaga-l402\/malaga-tapas-tour-t56013\/?partner_id=RJQ408Z&amp;utm_medium=online_publisher&amp;utm_source=universal_traveller&amp;placement=content-top\" target=\"_blank\" rel=\"noreferrer noopener nofollow\">Clicca qui per altre foto, recensioni e\/o per prenotare il tour.<\/a><\/strong><\/p>\n","protected":false},"excerpt":{"rendered":"<p>Conosci la citt\u00e0 storica attraverso la sua deliziosa cucina prenotando questi tour gastronomici di Malaga, compresi i tour di tapas a Malaga, che ti danno un assaggio degli spuntini tipici della Spagna. La scena gastronomica di Malaga \u00e8 varia. La Spagna \u00e8 ben nota per le sue deliziose tapas. I tour di tapas a Malaga&#8230;<\/p>\n","protected":false},"author":1,"featured_media":4752,"parent":4890,"menu_order":0,"comment_status":"closed","ping_status":"closed","template":"","meta":{"_acf_changed":false,"disable-jtr":false,"_kad_post_transparent":"","_kad_post_title":"","_kad_post_layout":"","_kad_post_sidebar_id":"","_kad_post_content_style":"","_kad_post_vertical_padding":"","_kad_post_feature":"","_kad_post_feature_position":"","_kad_post_header":false,"_kad_post_footer":false,"_kad_post_classname":"","footnotes":""},"class_list":["post-4884","page","type-page","status-publish","has-post-thumbnail","hentry"],"acf":[],"_links":{"self":[{"href":"https:\/\/www.spanishfoodguide.com\/it\/wp-json\/wp\/v2\/pages\/4884","targetHints":{"allow":["GET"]}}],"collection":[{"href":"https:\/\/www.spanishfoodguide.com\/it\/wp-json\/wp\/v2\/pages"}],"about":[{"href":"https:\/\/www.spanishfoodguide.com\/it\/wp-json\/wp\/v2\/types\/page"}],"author":[{"embeddable":true,"href":"https:\/\/www.spanishfoodguide.com\/it\/wp-json\/wp\/v2\/users\/1"}],"replies":[{"embeddable":true,"href":"https:\/\/www.spanishfoodguide.com\/it\/wp-json\/wp\/v2\/comments?post=4884"}],"version-history":[{"count":9,"href":"https:\/\/www.spanishfoodguide.com\/it\/wp-json\/wp\/v2\/pages\/4884\/revisions"}],"predecessor-version":[{"id":11305,"href":"https:\/\/www.spanishfoodguide.com\/it\/wp-json\/wp\/v2\/pages\/4884\/revisions\/11305"}],"up":[{"embeddable":true,"href":"https:\/\/www.spanishfoodguide.com\/it\/wp-json\/wp\/v2\/pages\/4890"}],"wp:featuredmedia":[{"embeddable":true,"href":"https:\/\/www.spanishfoodguide.com\/it\/wp-json\/wp\/v2\/media\/4752"}],"wp:attachment":[{"href":"https:\/\/www.spanishfoodguide.com\/it\/wp-json\/wp\/v2\/media?parent=4884"}],"curies":[{"name":"wp","href":"https:\/\/api.w.org\/{rel}","templated":true}]}}