{"id":9707,"date":"2023-11-28T07:31:02","date_gmt":"2023-11-28T07:31:02","guid":{"rendered":"https:\/\/www.spanishfoodguide.com\/spanish-food-guide-plan-du-site\/"},"modified":"2026-03-28T14:31:30","modified_gmt":"2026-03-28T14:31:30","slug":"spanish-food-guide-plan-du-site","status":"publish","type":"page","link":"https:\/\/www.spanishfoodguide.com\/fr\/spanish-food-guide-plan-du-site\/","title":{"rendered":"Spanish Food Guide Plan du site"},"content":{"rendered":"\n<div class=\"wp-block-group quick-answer is-layout-flow wp-block-group-is-layout-flow\" style=\"border-left-color:#65b32e;border-left-width:4px;padding-top:1rem;padding-right:1.5rem;padding-bottom:1rem;padding-left:1.5rem\">\n<p style=\"font-style:normal;font-weight:700\">&#x26a1; R\u00e9ponse Rapide<\/p>\n\n\n\n<p>Cet article explore <strong>Spanish Food Guide Plan du site<\/strong> et offre un aper\u00e7u de la culture gastronomique espagnole, des traditions et des exp\u00e9riences culinaires authentiques.<\/p>\n<\/div>\n\n\n\n\n<p>[rank_math_html_sitemap]<\/p>\n","protected":false},"excerpt":{"rendered":"<p>&#x26a1; R\u00e9ponse Rapide Cet article explore Spanish Food Guide Plan du site et offre un aper\u00e7u de la culture gastronomique espagnole, des traditions et des exp\u00e9riences culinaires authentiques.<\/p>\n","protected":false},"author":1,"featured_media":0,"parent":0,"menu_order":0,"comment_status":"closed","ping_status":"closed","template":"","meta":{"_acf_changed":false,"disable-jtr":false,"_kad_post_transparent":"","_kad_post_title":"","_kad_post_layout":"","_kad_post_sidebar_id":"","_kad_post_content_style":"","_kad_post_vertical_padding":"","_kad_post_feature":"","_kad_post_feature_position":"","_kad_post_header":false,"_kad_post_footer":false,"_kad_post_classname":"","footnotes":""},"class_list":["post-9707","page","type-page","status-publish","hentry"],"acf":[],"_links":{"self":[{"href":"https:\/\/www.spanishfoodguide.com\/fr\/wp-json\/wp\/v2\/pages\/9707","targetHints":{"allow":["GET"]}}],"collection":[{"href":"https:\/\/www.spanishfoodguide.com\/fr\/wp-json\/wp\/v2\/pages"}],"about":[{"href":"https:\/\/www.spanishfoodguide.com\/fr\/wp-json\/wp\/v2\/types\/page"}],"author":[{"embeddable":true,"href":"https:\/\/www.spanishfoodguide.com\/fr\/wp-json\/wp\/v2\/users\/1"}],"replies":[{"embeddable":true,"href":"https:\/\/www.spanishfoodguide.com\/fr\/wp-json\/wp\/v2\/comments?post=9707"}],"version-history":[{"count":2,"href":"https:\/\/www.spanishfoodguide.com\/fr\/wp-json\/wp\/v2\/pages\/9707\/revisions"}],"predecessor-version":[{"id":11498,"href":"https:\/\/www.spanishfoodguide.com\/fr\/wp-json\/wp\/v2\/pages\/9707\/revisions\/11498"}],"wp:attachment":[{"href":"https:\/\/www.spanishfoodguide.com\/fr\/wp-json\/wp\/v2\/media?parent=9707"}],"curies":[{"name":"wp","href":"https:\/\/api.w.org\/{rel}","templated":true}]}}