{"id":8374,"date":"2022-09-30T10:57:51","date_gmt":"2022-09-30T10:57:51","guid":{"rendered":"https:\/\/www.spanishfoodguide.com\/voyages-gastronomiques-en-espagne\/"},"modified":"2026-03-28T14:31:50","modified_gmt":"2026-03-28T14:31:50","slug":"voyages-gastronomiques-en-espagne","status":"publish","type":"page","link":"https:\/\/www.spanishfoodguide.com\/fr\/voyages-gastronomiques-en-espagne\/","title":{"rendered":"Voyages gastronomiques en Espagne"},"content":{"rendered":"\n<p>Tu vas passer des vacances bien m\u00e9rit\u00e9es en Espagne, ou tu veux explorer les diff\u00e9rentes facettes de ce joyau europ\u00e9en ?  <\/p>\n\n<p>L&rsquo;une des diff\u00e9rentes fa\u00e7ons d&rsquo;en savoir plus sur la culture du pays est de plonger dans le monde merveilleux de la cuisine espagnole. En essayant de la d\u00e9crire en deux mots, je devrais dire que la cuisine est simple et r\u00e9confortante.  <\/p>\n\n<p>Quand il s&rsquo;agit de go\u00fbter \u00e0 la cuisine espagnole, il est tr\u00e8s facile d&rsquo;\u00eatre submerg\u00e9 par la quantit\u00e9 de plats savoureux que tu dois essayer et les ingr\u00e9dients traditionnels avec lesquels tu dois te familiariser.  <\/p>\n\n<p>Chaque r\u00e9gion a sa propre histoire \u00e0 partager \u00e0 travers la nourriture, et chaque bouch\u00e9e est une exp\u00e9dition \u00e0 part enti\u00e8re.<\/p>\n\n<p>C&rsquo;est pourquoi l&rsquo;un des moyens les plus efficaces d&rsquo;avoir une bonne introduction \u00e0 la cuisine espagnole est de participer \u00e0 un circuit gastronomique en Espagne pendant ta visite. Quelle que soit la r\u00e9gion que tu visites, sa culture alimentaire est vraiment quelque chose que tu veux explorer.  <\/p>\n\n<figure class=\"wp-block-image size-full\"><img loading=\"lazy\" decoding=\"async\" width=\"800\" height=\"427\" src=\"https:\/\/www.spanishfoodguide.com\/wp-content\/uploads\/2021\/08\/Spanish-Gazpacho-Tapas.jpg\" alt=\"\" class=\"wp-image-4213\" title=\"\" srcset=\"https:\/\/www.spanishfoodguide.com\/wp-content\/uploads\/2021\/08\/Spanish-Gazpacho-Tapas.jpg 800w, https:\/\/www.spanishfoodguide.com\/wp-content\/uploads\/2021\/08\/Spanish-Gazpacho-Tapas-300x160.jpg 300w, https:\/\/www.spanishfoodguide.com\/wp-content\/uploads\/2021\/08\/Spanish-Gazpacho-Tapas-768x410.jpg 768w, https:\/\/www.spanishfoodguide.com\/wp-content\/uploads\/2021\/08\/Spanish-Gazpacho-Tapas-735x392.jpg 735w, https:\/\/www.spanishfoodguide.com\/wp-content\/uploads\/2021\/08\/Spanish-Gazpacho-Tapas-335x179.jpg 335w, https:\/\/www.spanishfoodguide.com\/wp-content\/uploads\/2021\/08\/Spanish-Gazpacho-Tapas-347x185.jpg 347w, https:\/\/www.spanishfoodguide.com\/wp-content\/uploads\/2021\/08\/Spanish-Gazpacho-Tapas-520x278.jpg 520w, https:\/\/www.spanishfoodguide.com\/wp-content\/uploads\/2021\/08\/Spanish-Gazpacho-Tapas-640x342.jpg 640w\" sizes=\"auto, (max-width: 800px) 100vw, 800px\" \/><figcaption>\u00a9Sarsmis via Canva.com<\/figcaption><\/figure>\n<p>Les meilleures visites guid\u00e9es gastronomiques d&rsquo;Espagne te feront essayer plusieurs des tr\u00e9sors gastronomiques les plus embl\u00e9matiques qui ont historiquement reli\u00e9 l&rsquo;Espagne au reste du monde.<\/p>\n\n<p>Certains des aliments les plus appr\u00e9ci\u00e9s qui feront s\u00fbrement partie des circuits alimentaires en Espagne sont les <a aria-label=\"Spanish tapas (opens in a new tab)\" rel=\"noreferrer noopener\" href=\"https:\/\/www.spanishfoodguide.com\/fr\/recettes-espagnoles\/18-meilleurs-plats-et-recettes-de-tapas-espagnoles\/\" target=\"_blank\" class=\"rank-math-link\">tapas espagnoles<\/a> traditionnelles, les <a aria-label=\"Spanish breakfasts (opens in a new tab)\" rel=\"noreferrer noopener\" href=\"https:\/\/www.spanishfoodguide.com\/fr\/petit-dejeuner-espagnol\/8-meilleurs-aliments-espagnols-pour-le-petit-dejeuner-recettes\/\" target=\"_blank\" class=\"rank-math-link\">petits d\u00e9jeuners espagnols<\/a> r\u00e9confortants, le <a aria-label=\"Spanish summer wine (opens in a new tab)\" rel=\"noreferrer noopener\" href=\"https:\/\/www.spanishfoodguide.com\/fr\/boissons-espagnoles\/recette-facile-de-tinto-de-verano-vin-dete-espagnol\/\" target=\"_blank\" class=\"rank-math-link\">vin d&rsquo;\u00e9t\u00e9 espagnol<\/a>, les <a aria-label=\"Spanish desserts (opens in a new tab)\" rel=\"noreferrer noopener\" href=\"https:\/\/www.spanishfoodguide.com\/fr\/dessert-espagnol\/20-desserts-espagnols-traditionnels-recettes-de-desserts-espagnols\/\" target=\"_blank\" class=\"rank-math-link\">desserts espagnols<\/a> sucr\u00e9s et m\u00eame les <a aria-label=\"Spanish vegetarian dishes (opens in a new tab)\" rel=\"noreferrer noopener\" href=\"https:\/\/www.spanishfoodguide.com\/fr\/recettes-espagnoles\/recettes-vegetariennes-espagnoles-faciles-tapas-vegetariennes\/\" target=\"_blank\" class=\"rank-math-link\">plats v\u00e9g\u00e9tariens espagnols<\/a>!<\/p>\n\n<p>Laisse les guides locaux exp\u00e9riment\u00e9s t&#8217;emmener dans les favoris classiques et les joyaux cach\u00e9s du quartier.  <\/p>\n\n<p>Que tu explores Malaga, Madrid, Barcelone ou plus loin, un r\u00e9sident passionn\u00e9 de gastronomie, un chef ou un barman sera \u00e0 ton service.<\/p>\n\n<div class=\"wp-block-group quick-answer is-layout-flow wp-block-group-is-layout-flow\" style=\"border-left-color:#65b32e;border-left-width:4px;padding-top:1rem;padding-right:1.5rem;padding-bottom:1rem;padding-left:1.5rem\">\n<p style=\"font-style:normal;font-weight:700\">&#x26a1; R\u00e9ponse Rapide<\/p>\n\n\n\n<p>Ce guide pr\u00e9sente les meilleurs tours gastronomiques, s\u00e9lectionn\u00e9s pour la qualit\u00e9, le rapport qualit\u00e9-prix et les exp\u00e9riences authentiques.<\/p>\n<\/div>\n\n\n\n<div id=\"ez-toc-container\" class=\"ez-toc-v2_0_82_2 counter-hierarchy ez-toc-counter ez-toc-grey ez-toc-container-direction\">\n<div class=\"ez-toc-title-container\">\n<p class=\"ez-toc-title\" style=\"cursor:inherit\">Table of Contents<\/p>\n<span class=\"ez-toc-title-toggle\"><a href=\"#\" class=\"ez-toc-pull-right ez-toc-btn ez-toc-btn-xs ez-toc-btn-default ez-toc-toggle\" aria-label=\"Toggle Table of Content\"><span class=\"ez-toc-js-icon-con\"><span class=\"\"><span class=\"eztoc-hide\" style=\"display:none;\">Toggle<\/span><span class=\"ez-toc-icon-toggle-span\"><svg style=\"fill: #999;color:#999\" xmlns=\"http:\/\/www.w3.org\/2000\/svg\" class=\"list-377408\" width=\"20px\" height=\"20px\" viewBox=\"0 0 24 24\" fill=\"none\"><path d=\"M6 6H4v2h2V6zm14 0H8v2h12V6zM4 11h2v2H4v-2zm16 0H8v2h12v-2zM4 16h2v2H4v-2zm16 0H8v2h12v-2z\" fill=\"currentColor\"><\/path><\/svg><svg style=\"fill: #999;color:#999\" class=\"arrow-unsorted-368013\" xmlns=\"http:\/\/www.w3.org\/2000\/svg\" width=\"10px\" height=\"10px\" viewBox=\"0 0 24 24\" version=\"1.2\" baseProfile=\"tiny\"><path d=\"M18.2 9.3l-6.2-6.3-6.2 6.3c-.2.2-.3.4-.3.7s.1.5.3.7c.2.2.4.3.7.3h11c.3 0 .5-.1.7-.3.2-.2.3-.5.3-.7s-.1-.5-.3-.7zM5.8 14.7l6.2 6.3 6.2-6.3c.2-.2.3-.5.3-.7s-.1-.5-.3-.7c-.2-.2-.4-.3-.7-.3h-11c-.3 0-.5.1-.7.3-.2.2-.3.5-.3.7s.1.5.3.7z\"\/><\/svg><\/span><\/span><\/span><\/a><\/span><\/div>\n<nav><ul class='ez-toc-list ez-toc-list-level-1 eztoc-toggle-hide-by-default' ><li class='ez-toc-page-1 ez-toc-heading-level-2'><a class=\"ez-toc-link ez-toc-heading-1\" href=\"https:\/\/www.spanishfoodguide.com\/fr\/voyages-gastronomiques-en-espagne\/#Les_meilleurs_circuits_gastronomiques_dEspagne\" >Les meilleurs circuits gastronomiques d&rsquo;Espagne<\/a><ul class='ez-toc-list-level-3' ><li class='ez-toc-heading-level-3'><a class=\"ez-toc-link ez-toc-heading-2\" href=\"https:\/\/www.spanishfoodguide.com\/fr\/voyages-gastronomiques-en-espagne\/#1_Visites_gastronomiques_a_Malaga\" >1. Visites gastronomiques \u00e0 Malaga<\/a><\/li><li class='ez-toc-page-1 ez-toc-heading-level-3'><a class=\"ez-toc-link ez-toc-heading-3\" href=\"https:\/\/www.spanishfoodguide.com\/fr\/voyages-gastronomiques-en-espagne\/#2_Visites_gastronomiques_a_Madrid\" >2. Visites gastronomiques \u00e0 Madrid<\/a><\/li><li class='ez-toc-page-1 ez-toc-heading-level-3'><a class=\"ez-toc-link ez-toc-heading-4\" href=\"https:\/\/www.spanishfoodguide.com\/fr\/voyages-gastronomiques-en-espagne\/#3_Visites_gastronomiques_a_Barcelone\" >3. Visites gastronomiques \u00e0 Barcelone<\/a><\/li><\/ul><\/li><\/ul><\/nav><\/div>\n<h2 class=\"has-text-align-center wp-block-heading\"><span class=\"ez-toc-section\" id=\"Les_meilleurs_circuits_gastronomiques_dEspagne\"><\/span>Les meilleurs circuits gastronomiques d&rsquo;Espagne<span class=\"ez-toc-section-end\"><\/span><\/h2>\n\n<h3 class=\"wp-block-heading\"><span class=\"ez-toc-section\" id=\"1_Visites_gastronomiques_a_Malaga\"><\/span>1. Visites gastronomiques \u00e0 Malaga<span class=\"ez-toc-section-end\"><\/span><\/h3>\n\n<p>Malaga est une ville baln\u00e9aire situ\u00e9e dans la r\u00e9gion sud de l&rsquo;Andalousie. Beaucoup la connaissent comme la capitale de la superbe Costa del Sol.  <\/p>\n\n<p>En plus d&rsquo;\u00eatre le lieu de naissance de Pablo Picasso, la ville de Malaga est aussi connue pour \u00eatre un foyer nourricier de la cuisine andalouse.<\/p>\n\n<p><strong>D\u00e9couvre les <a aria-label=\"Best Food Tours in Malaga (opens in a new tab)\" rel=\"noreferrer noopener\" href=\"https:\/\/www.spanishfoodguide.com\/fr\/voyages-gastronomiques-en-espagne\/les-meilleures-visites-gastronomiques-de-malaga\/\" target=\"_blank\" class=\"rank-math-link\">meilleures visites gastronomiques de Malaga<\/a>.<\/strong><\/p>\n\n<h3 class=\"wp-block-heading\"><span class=\"ez-toc-section\" id=\"2_Visites_gastronomiques_a_Madrid\"><\/span>2. Visites gastronomiques \u00e0 Madrid<span class=\"ez-toc-section-end\"><\/span><\/h3>\n\n<p>La ville de Madrid, la capitale de l&rsquo;Espagne, est une m\u00e9tropole prosp\u00e8re au c\u0153ur de la p\u00e9ninsule ib\u00e9rique. Elle est visit\u00e9e par de nombreuses personnes pour la richesse de son art et de sa culture.  <\/p>\n\n<p>Cette grande ville est consid\u00e9r\u00e9e comme un creuset de toutes les diff\u00e9rentes cuisines r\u00e9gionales d&rsquo;Espagne.<\/p>\n\n<p><strong>D\u00e9couvre les <a aria-label=\"Best Food Tours in Madrid (opens in a new tab)\" href=\"https:\/\/www.spanishfoodguide.com\/fr\/voyages-gastronomiques-en-espagne\/les-10-meilleures-visites-gastronomiques-de-madrid\/\" target=\"_blank\" rel=\"noreferrer noopener\" class=\"rank-math-link\">meilleures visites guid\u00e9es gastronomiques de Madrid<\/a>.<\/strong><\/p>\n\n<h3 class=\"wp-block-heading\"><span class=\"ez-toc-section\" id=\"3_Visites_gastronomiques_a_Barcelone\"><\/span>3. Visites gastronomiques \u00e0 Barcelone<span class=\"ez-toc-section-end\"><\/span><\/h3>\n\n<p>Barcelone est la capitale de la Catalogne, une communaut\u00e9 autonome d&rsquo;Espagne. Elle est situ\u00e9e dans le nord-est du pays et est principalement visit\u00e9e pour sa forte culture et son patrimoine.  <\/p>\n\n<p>La ville enti\u00e8re \u00e9tait le terrain de jeu d&rsquo;Antoni Gaudi et est maintenant la galerie mondiale de ses chefs-d&rsquo;\u0153uvre.<\/p>\n\n<p><strong>D\u00e9couvre les <a href=\"https:\/\/www.spanishfoodguide.com\/fr\/voyages-gastronomiques-en-espagne\/les-meilleurs-circuits-gastronomiques-de-barcelone\/\" target=\"_blank\" aria-label=\"best food tours in Barcelona (opens in a new tab)\" rel=\"noreferrer noopener\" class=\"rank-math-link\">meilleures visites guid\u00e9es gastronomiques de Barcelone<\/a>.<\/strong><\/p>\n","protected":false},"excerpt":{"rendered":"<p>Tu vas passer des vacances bien m\u00e9rit\u00e9es en Espagne, ou tu veux explorer les diff\u00e9rentes facettes de ce joyau europ\u00e9en ? L&rsquo;une des diff\u00e9rentes fa\u00e7ons d&rsquo;en savoir plus sur la culture du pays est de plonger dans le monde merveilleux de la cuisine espagnole. En essayant de la d\u00e9crire en deux mots, je devrais dire&#8230;<\/p>\n","protected":false},"author":2,"featured_media":7829,"parent":0,"menu_order":0,"comment_status":"closed","ping_status":"closed","template":"","meta":{"_acf_changed":false,"disable-jtr":false,"_kad_post_transparent":"","_kad_post_title":"","_kad_post_layout":"","_kad_post_sidebar_id":"","_kad_post_content_style":"","_kad_post_vertical_padding":"","_kad_post_feature":"","_kad_post_feature_position":"","_kad_post_header":false,"_kad_post_footer":false,"_kad_post_classname":"","footnotes":""},"class_list":["post-8374","page","type-page","status-publish","has-post-thumbnail","hentry"],"acf":[],"_links":{"self":[{"href":"https:\/\/www.spanishfoodguide.com\/fr\/wp-json\/wp\/v2\/pages\/8374","targetHints":{"allow":["GET"]}}],"collection":[{"href":"https:\/\/www.spanishfoodguide.com\/fr\/wp-json\/wp\/v2\/pages"}],"about":[{"href":"https:\/\/www.spanishfoodguide.com\/fr\/wp-json\/wp\/v2\/types\/page"}],"author":[{"embeddable":true,"href":"https:\/\/www.spanishfoodguide.com\/fr\/wp-json\/wp\/v2\/users\/2"}],"replies":[{"embeddable":true,"href":"https:\/\/www.spanishfoodguide.com\/fr\/wp-json\/wp\/v2\/comments?post=8374"}],"version-history":[{"count":2,"href":"https:\/\/www.spanishfoodguide.com\/fr\/wp-json\/wp\/v2\/pages\/8374\/revisions"}],"predecessor-version":[{"id":11502,"href":"https:\/\/www.spanishfoodguide.com\/fr\/wp-json\/wp\/v2\/pages\/8374\/revisions\/11502"}],"wp:featuredmedia":[{"embeddable":true,"href":"https:\/\/www.spanishfoodguide.com\/fr\/wp-json\/wp\/v2\/media\/7829"}],"wp:attachment":[{"href":"https:\/\/www.spanishfoodguide.com\/fr\/wp-json\/wp\/v2\/media?parent=8374"}],"curies":[{"name":"wp","href":"https:\/\/api.w.org\/{rel}","templated":true}]}}