{"id":8304,"date":"2022-09-30T09:51:55","date_gmt":"2022-09-30T09:51:55","guid":{"rendered":"https:\/\/www.spanishfoodguide.com\/a-propos-de-spanish-food-guide\/"},"modified":"2026-03-29T06:22:46","modified_gmt":"2026-03-29T06:22:46","slug":"a-propos-de-spanish-food-guide","status":"publish","type":"page","link":"https:\/\/www.spanishfoodguide.com\/fr\/a-propos-de-spanish-food-guide\/","title":{"rendered":"\u00c0 propos de Spanish Food Guide"},"content":{"rendered":"\n<div class=\"wp-block-group has-background is-layout-constrained wp-container-core-group-is-layout-ca0eebd3 wp-block-group-is-layout-constrained\" style=\"border-radius:12px;background-color:#fff7ed;padding-top:40px;padding-right:24px;padding-bottom:40px;padding-left:24px\">\n<h2 class=\"wp-block-heading has-text-align-center\" style=\"font-size:28px\">Notre Mission<\/h2>\n\n\n\n<p class=\"has-text-align-center\" style=\"font-size:18px\">Spanish Food Guide rend la cuisine espagnole authentique accessible aux cuisiniers amateurs du monde entier. Fond\u00e9 en 2020, nous publions des recettes test\u00e9es, des guides d&rsquo;ingr\u00e9dients approfondis et des recommandations de tours gastronomiques \u2014 le tout cr\u00e9\u00e9 par une \u00e9quipe profond\u00e9ment ancr\u00e9e dans les traditions culinaires espagnoles.<\/p>\n<\/div>\n\n\n\n<div style=\"height:40px\" aria-hidden=\"true\" class=\"wp-block-spacer\"><\/div>\n\n\n\n<div class=\"wp-block-group has-border-color has-background is-layout-constrained wp-container-core-group-is-layout-14734b6c wp-block-group-is-layout-constrained\" style=\"border-color:#e5e7eb;border-width:1px;border-radius:12px;background-color:#ffffff;padding-top:32px;padding-right:24px;padding-bottom:32px;padding-left:24px\">\n<h2 class=\"wp-block-heading has-text-align-center\" style=\"font-size:28px\">Pourquoi faire confiance \u00e0 Spanish Food Guide ?<\/h2>\n\n\n\n<div class=\"wp-block-columns is-layout-flex wp-container-core-columns-is-layout-d90f3ace wp-block-columns-is-layout-flex\">\n<div class=\"wp-block-column is-layout-flow wp-block-column-is-layout-flow\" style=\"padding-top:16px;padding-bottom:16px\">\n<p class=\"has-text-align-center has-text-color\" style=\"color:#ea580c;font-size:36px;font-weight:700\">90+<\/p>\n\n\n\n<p class=\"has-text-align-center has-text-color\" style=\"color:#6b7280;font-size:14px\">Recettes test\u00e9es publi\u00e9es<\/p>\n<\/div>\n\n\n\n<div class=\"wp-block-column is-layout-flow wp-block-column-is-layout-flow\" style=\"padding-top:16px;padding-bottom:16px\">\n<p class=\"has-text-align-center has-text-color\" style=\"color:#ea580c;font-size:36px;font-weight:700\">9<\/p>\n\n\n\n<p class=\"has-text-align-center has-text-color\" style=\"color:#6b7280;font-size:14px\">Langues disponibles<\/p>\n<\/div>\n\n\n\n<div class=\"wp-block-column is-layout-flow wp-block-column-is-layout-flow\" style=\"padding-top:16px;padding-bottom:16px\">\n<p class=\"has-text-align-center has-text-color\" style=\"color:#ea580c;font-size:36px;font-weight:700\">5+<\/p>\n\n\n\n<p class=\"has-text-align-center has-text-color\" style=\"color:#6b7280;font-size:14px\">Ans de cuisine espagnole<\/p>\n<\/div>\n\n\n\n<div class=\"wp-block-column is-layout-flow wp-block-column-is-layout-flow\" style=\"padding-top:16px;padding-bottom:16px\">\n<p class=\"has-text-align-center has-text-color\" style=\"color:#ea580c;font-size:36px;font-weight:700\">17<\/p>\n\n\n\n<p class=\"has-text-align-center has-text-color\" style=\"color:#6b7280;font-size:14px\">R\u00e9gions espagnoles explor\u00e9es<\/p>\n<\/div>\n<\/div>\n<\/div>\n\n\n\n<div style=\"height:40px\" aria-hidden=\"true\" class=\"wp-block-spacer\"><\/div>\n\n\n\n<h2 class=\"wp-block-heading has-text-align-center\" style=\"font-size:28px\">Notre \u00c9quipe<\/h2>\n\n\n\n<p class=\"has-text-align-center has-text-color\" style=\"color:#6b7280\">Chaque recette est d\u00e9velopp\u00e9e, test\u00e9e et v\u00e9rifi\u00e9e par notre \u00e9quipe de professionnels culinaires ayant une exp\u00e9rience directe de la culture gastronomique espagnole.<\/p>\n\n\n\n<div style=\"height:24px\" aria-hidden=\"true\" class=\"wp-block-spacer\"><\/div>\n\n\n\n<div class=\"wp-block-group has-border-color has-background is-layout-constrained wp-container-core-group-is-layout-14734b6c wp-block-group-is-layout-constrained\" style=\"border-color:#e5e7eb;border-width:1px;border-radius:12px;background-color:#ffffff;padding-top:32px;padding-right:24px;padding-bottom:32px;padding-left:24px\">\n<div class=\"wp-block-columns is-layout-flex wp-container-core-columns-is-layout-9d6595d7 wp-block-columns-is-layout-flex\">\n<div class=\"wp-block-column is-layout-flow wp-block-column-is-layout-flow\" style=\"flex-basis:30%\">\n<figure class=\"wp-block-image aligncenter size-medium is-style-rounded\"><img decoding=\"async\" src=\"https:\/\/www.spanishfoodguide.com\/wp-content\/uploads\/2021\/01\/Tim_Kroeger_Founder.jpg\" alt=\"Tim Kroeger - Fondateur &amp; Sp\u00e9cialiste des Voyages Gastronomiques en Espagne\" title=\"\"><\/figure>\n<\/div>\n\n\n\n<div class=\"wp-block-column is-layout-flow wp-block-column-is-layout-flow\" style=\"flex-basis:70%\">\n<h3 class=\"wp-block-heading has-text-color\" style=\"color:#ea580c;font-size:22px\">Tim Kroeger<\/h3>\n\n\n\n<p class=\"has-text-color\" style=\"color:#6b7280;font-size:14px;font-weight:600\"><p style=\"color:#6b7280;font-size:14px;font-weight:600\">Fondateur &amp; Sp\u00e9cialiste des Voyages Gastronomiques en Espagne<\/p><\/p>\n\n\n\n<p>Tim Kroeger est le fondateur de Spanish Food Guide et a explor\u00e9 la culture gastronomique espagnole dans ses diverses r\u00e9gions, des bars \u00e0 pintxos du Pays Basque aux tourn\u00e9es de tapas en Andalousie. Il a fond\u00e9 Spanish Food Guide en 2020 pour rendre les recettes espagnoles authentiques accessibles aux cuisiniers amateurs du monde entier.<\/p>\n\n\n\n<p>Tim s\u00e9lectionne personnellement les recommandations de tours gastronomiques du site en se basant sur son exp\u00e9rience directe et supervise la direction \u00e9ditoriale de tout le contenu publi\u00e9. Il est \u00e9galement le fondateur d&rsquo;Universal Traveller et sp\u00e9cialiste des voyages de bien-\u00eatre de luxe bas\u00e9 \u00e0 Bangkok.<\/p>\n<\/div>\n<\/div>\n<\/div>\n\n\n\n<div style=\"height:24px\" aria-hidden=\"true\" class=\"wp-block-spacer\"><\/div>\n\n\n\n<div class=\"wp-block-group has-border-color has-background is-layout-constrained wp-container-core-group-is-layout-14734b6c wp-block-group-is-layout-constrained\" style=\"border-color:#e5e7eb;border-width:1px;border-radius:12px;background-color:#ffffff;padding-top:32px;padding-right:24px;padding-bottom:32px;padding-left:24px\">\n<div class=\"wp-block-columns is-layout-flex wp-container-core-columns-is-layout-9d6595d7 wp-block-columns-is-layout-flex\">\n<div class=\"wp-block-column is-layout-flow wp-block-column-is-layout-flow\" style=\"flex-basis:30%\">\n<figure class=\"wp-block-image aligncenter size-medium is-style-rounded\"><img decoding=\"async\" src=\"https:\/\/www.spanishfoodguide.com\/wp-content\/uploads\/2021\/01\/Maria_Mora_Food_Journalist.jpg\" alt=\"Maria A. Mora - Journaliste Gastronomique &amp; \u00c9ditrice de Recettes | Dipl\u00f4m\u00e9e en Journalisme\" title=\"\"><\/figure>\n<\/div>\n\n\n\n<div class=\"wp-block-column is-layout-flow wp-block-column-is-layout-flow\" style=\"flex-basis:70%\">\n<h3 class=\"wp-block-heading has-text-color\" style=\"color:#ea580c;font-size:22px\">Maria A. Mora<\/h3>\n\n\n\n<p class=\"has-text-color\" style=\"color:#6b7280;font-size:14px;font-weight:600\"><p style=\"color:#6b7280;font-size:14px;font-weight:600\">Journaliste Gastronomique &amp; \u00c9ditrice de Recettes | Dipl\u00f4m\u00e9e en Journalisme<\/p><\/p>\n\n\n\n<p>Maria A. Mora est journaliste gastronomique dipl\u00f4m\u00e9e en journalisme, sp\u00e9cialis\u00e9e dans les traditions culinaires espagnoles, les ingr\u00e9dients r\u00e9gionaux et les techniques de cuisine maison. Elle est \u00e9ditrice des recettes de Spanish Food Guide, v\u00e9rifiant la pr\u00e9cision et l&rsquo;authenticit\u00e9 culturelle de tout le contenu publi\u00e9.<\/p>\n\n\n\n<p>L&rsquo;expertise de Maria garantit que chaque recette du site refl\u00e8te des m\u00e9thodes de cuisine et des profils de saveur authentiquement espagnols, s&rsquo;appuyant sur sa vaste connaissance de la cuisine r\u00e9gionale de la Galice aux \u00celes Canaries.<\/p>\n<\/div>\n<\/div>\n<\/div>\n\n\n\n<div style=\"height:24px\" aria-hidden=\"true\" class=\"wp-block-spacer\"><\/div>\n\n\n\n<div class=\"wp-block-group has-border-color has-background is-layout-constrained wp-container-core-group-is-layout-14734b6c wp-block-group-is-layout-constrained\" style=\"border-color:#e5e7eb;border-width:1px;border-radius:12px;background-color:#ffffff;padding-top:32px;padding-right:24px;padding-bottom:32px;padding-left:24px\">\n<div class=\"wp-block-columns is-layout-flex wp-container-core-columns-is-layout-9d6595d7 wp-block-columns-is-layout-flex\">\n<div class=\"wp-block-column is-layout-flow wp-block-column-is-layout-flow\" style=\"flex-basis:30%\">\n<figure class=\"wp-block-image aligncenter size-medium is-style-rounded\"><img decoding=\"async\" src=\"https:\/\/www.spanishfoodguide.com\/wp-content\/uploads\/2021\/01\/Universal-Traveller-Food-Expert-Pauline-Joie.jpg\" alt=\"Pauline Joie - R\u00e9dactrice Culinaire &amp; D\u00e9veloppeuse de Recettes | Dipl\u00f4m\u00e9e en Tourisme\" title=\"\"><\/figure>\n<\/div>\n\n\n\n<div class=\"wp-block-column is-layout-flow wp-block-column-is-layout-flow\" style=\"flex-basis:70%\">\n<h3 class=\"wp-block-heading has-text-color\" style=\"color:#ea580c;font-size:22px\">Pauline Joie<\/h3>\n\n\n\n<p class=\"has-text-color\" style=\"color:#6b7280;font-size:14px;font-weight:600\"><p style=\"color:#6b7280;font-size:14px;font-weight:600\">R\u00e9dactrice Culinaire &amp; D\u00e9veloppeuse de Recettes | Dipl\u00f4m\u00e9e en Tourisme<\/p><\/p>\n\n\n\n<p>Pauline Joie est r\u00e9dactrice culinaire et d\u00e9veloppeuse de recettes dipl\u00f4m\u00e9e en Tourisme. Elle d\u00e9veloppe et teste des recettes pour Spanish Food Guide, en se concentrant sur l&rsquo;accessibilit\u00e9 des plats traditionnels espagnols pour les cuisiniers amateurs internationaux.<\/p>\n\n\n\n<p>Pauline apporte une perspective mondiale \u00e0 la cuisine espagnole, adaptant les techniques traditionnelles pour les cuisines du monde entier tout en pr\u00e9servant les saveurs authentiques qui rendent chaque plat sp\u00e9cial.<\/p>\n<\/div>\n<\/div>\n<\/div>\n\n\n\n<div style=\"height:40px\" aria-hidden=\"true\" class=\"wp-block-spacer\"><\/div>\n\n\n\n<div class=\"wp-block-group has-background is-layout-constrained wp-container-core-group-is-layout-14734b6c wp-block-group-is-layout-constrained\" style=\"border-left-color:#ea580c;border-left-width:4px;border-radius:12px;background-color:#fff7ed;padding-top:32px;padding-right:24px;padding-bottom:32px;padding-left:24px\">\n\n<h2 class=\"wp-block-heading\" style=\"font-size:24px\">Nos Standards \u00c9ditoriaux<\/h2>\n\n\n<p>Nous maintenons chaque contenu de Spanish Food Guide \u00e0 de hauts standards \u00e9ditoriaux. Voici comment nous travaillons :<\/p>\n\n\n<p><strong>D\u00e9veloppement &amp; Test des Recettes.<\/strong> Chaque recette est d\u00e9velopp\u00e9e par notre \u00e9quipe culinaire, test\u00e9e en cuisine et v\u00e9rifi\u00e9e par notre \u00e9ditrice avant publication. Nous incluons des mesures pr\u00e9cises, des instructions \u00e9tape par \u00e9tape claires et des conseils bas\u00e9s sur une exp\u00e9rience r\u00e9elle de cuisine.<\/p>\n\n\n<p><strong>Authenticit\u00e9 Culturelle.<\/strong> Notre \u00e9quipe a une exp\u00e9rience directe de la culture gastronomique espagnole dans de multiples r\u00e9gions. Nous consultons des sources traditionnelles et des connaissances culinaires locales pour nous assurer que notre contenu repr\u00e9sente fid\u00e8lement la diversit\u00e9 de la cuisine espagnole.<\/p>\n\n\n<p><strong>Recommandations de Tours Gastronomiques.<\/strong> Nos guides de tours gastronomiques sont bas\u00e9s sur des recherches de premi\u00e8re main et des visites personnelles. Nous \u00e9valuons les tours selon la qualit\u00e9, le rapport qualit\u00e9-prix et l&rsquo;authenticit\u00e9 avant de les recommander \u00e0 nos lecteurs.<\/p>\n\n\n<p><strong>Transparence.<\/strong> Certains liens sur Spanish Food Guide sont des liens d&rsquo;affiliation, ce qui signifie que nous pouvons recevoir une petite commission si tu r\u00e9serves via ceux-ci. Cela n&rsquo;influence jamais nos recommandations. Consulte notre <a href=\"\/fr\/affiliate-disclaimer\/\">Clause de Non-responsabilit\u00e9 d&rsquo;Affiliation<\/a> pour tous les d\u00e9tails.<\/p>\n\n<\/div>\n\n\n\n<div style=\"height:40px\" aria-hidden=\"true\" class=\"wp-block-spacer\"><\/div>\n\n\n\n<div class=\"wp-block-group has-border-color has-background is-layout-constrained wp-container-core-group-is-layout-14734b6c wp-block-group-is-layout-constrained\" style=\"border-color:#bbf7d0;border-width:1px;border-radius:12px;background-color:#f0fdf4;padding-top:32px;padding-right:24px;padding-bottom:32px;padding-left:24px\">\n\n<h2 class=\"wp-block-heading has-text-align-center\" style=\"font-size:24px\">Nous Contacter<\/h2>\n\n\n<p class=\"has-text-align-center\">Tu as une question sur une recette, tu souhaites sugg\u00e9rer un sujet ou tu es int\u00e9ress\u00e9(e) par une collaboration ? Nous serions ravis de t&rsquo;entendre.<\/p>\n\n\n<div class=\"wp-block-buttons is-content-justification-center is-layout-flex wp-container-core-buttons-is-layout-16018d1d wp-block-buttons-is-layout-flex\">\n\n<div class=\"wp-block-button\"><a class=\"wp-block-button__link has-vivid-green-cyan-background-color has-background wp-element-button\" href=\"\/fr\/contacto\/\" style=\"border-radius:8px\">Contacte-nous<\/a><\/div>\n\n\n<div class=\"wp-block-button is-style-outline is-style-outline--1\"><a class=\"wp-block-button__link wp-element-button\" href=\"\/fr\/work-with-us\/\" style=\"border-radius:8px\">Collaborer avec nous<\/a><\/div>\n\n<\/div>\n\n<\/div>\n","protected":false},"excerpt":{"rendered":"<p>Notre Mission Spanish Food Guide rend la cuisine espagnole authentique accessible aux cuisiniers amateurs du monde entier. Fond\u00e9 en 2020, nous publions des recettes test\u00e9es, des guides d&rsquo;ingr\u00e9dients approfondis et des recommandations de tours gastronomiques \u2014 le tout cr\u00e9\u00e9 par une \u00e9quipe profond\u00e9ment ancr\u00e9e dans les traditions culinaires espagnoles. Pourquoi faire confiance \u00e0 Spanish Food&#8230;<\/p>\n","protected":false},"author":1,"featured_media":0,"parent":0,"menu_order":0,"comment_status":"closed","ping_status":"closed","template":"","meta":{"_acf_changed":false,"disable-jtr":false,"_kad_post_transparent":"","_kad_post_title":"","_kad_post_layout":"","_kad_post_sidebar_id":"","_kad_post_content_style":"","_kad_post_vertical_padding":"","_kad_post_feature":"","_kad_post_feature_position":"","_kad_post_header":false,"_kad_post_footer":false,"_kad_post_classname":"","footnotes":""},"class_list":["post-8304","page","type-page","status-publish","hentry"],"acf":[],"_links":{"self":[{"href":"https:\/\/www.spanishfoodguide.com\/fr\/wp-json\/wp\/v2\/pages\/8304","targetHints":{"allow":["GET"]}}],"collection":[{"href":"https:\/\/www.spanishfoodguide.com\/fr\/wp-json\/wp\/v2\/pages"}],"about":[{"href":"https:\/\/www.spanishfoodguide.com\/fr\/wp-json\/wp\/v2\/types\/page"}],"author":[{"embeddable":true,"href":"https:\/\/www.spanishfoodguide.com\/fr\/wp-json\/wp\/v2\/users\/1"}],"replies":[{"embeddable":true,"href":"https:\/\/www.spanishfoodguide.com\/fr\/wp-json\/wp\/v2\/comments?post=8304"}],"version-history":[{"count":7,"href":"https:\/\/www.spanishfoodguide.com\/fr\/wp-json\/wp\/v2\/pages\/8304\/revisions"}],"predecessor-version":[{"id":11690,"href":"https:\/\/www.spanishfoodguide.com\/fr\/wp-json\/wp\/v2\/pages\/8304\/revisions\/11690"}],"wp:attachment":[{"href":"https:\/\/www.spanishfoodguide.com\/fr\/wp-json\/wp\/v2\/media?parent=8304"}],"curies":[{"name":"wp","href":"https:\/\/api.w.org\/{rel}","templated":true}]}}