{"id":8283,"date":"2022-09-30T09:51:11","date_gmt":"2022-09-30T09:51:11","guid":{"rendered":"https:\/\/www.spanishfoodguide.com\/contacte-moi\/"},"modified":"2022-09-30T09:51:11","modified_gmt":"2022-09-30T09:51:11","slug":"contacte-moi","status":"publish","type":"page","link":"https:\/\/www.spanishfoodguide.com\/fr\/contacte-moi\/","title":{"rendered":"Contacte-moi"},"content":{"rendered":"\n<h2 class=\"has-text-align-center wp-block-heading\"><strong>QUESTIONS ? FEEDBACK ? PLAINTES ?<\/strong><\/h2>\n\n<p>Merci de ta visite sur mon site Web et de ton int\u00e9r\u00eat pour la nourriture et les recettes espagnoles.<\/p>\n\n<p>N&rsquo;h\u00e9site pas \u00e0 m&rsquo;envoyer un message. Je suis \u00e9galement reconnaissante pour les critiques constructives et les points d&rsquo;am\u00e9lioration.<\/p>\n\n<p>Lorsque nous nous trouverons au m\u00eame endroit dans ce petit monde, j&rsquo;aimerais beaucoup te rencontrer, prendre un verre et discuter un peu.<\/p>\n\n<p><strong><a href=\"mailto:tim@spanishfoodguide.com\" target=\"_blank\" rel=\"noreferrer noopener\">tim@spanishfoodguide.com<\/a><\/strong><\/p>\n","protected":false},"excerpt":{"rendered":"<p>QUESTIONS ? FEEDBACK ? PLAINTES ? Merci de ta visite sur mon site Web et de ton int\u00e9r\u00eat pour la nourriture et les recettes espagnoles. N&rsquo;h\u00e9site pas \u00e0 m&rsquo;envoyer un message. Je suis \u00e9galement reconnaissante pour les critiques constructives et les points d&rsquo;am\u00e9lioration. Lorsque nous nous trouverons au m\u00eame endroit dans ce petit monde, j&rsquo;aimerais&#8230;<\/p>\n","protected":false},"author":1,"featured_media":0,"parent":0,"menu_order":0,"comment_status":"closed","ping_status":"closed","template":"","meta":{"_acf_changed":false,"disable-jtr":false,"_kad_post_transparent":"","_kad_post_title":"","_kad_post_layout":"","_kad_post_sidebar_id":"","_kad_post_content_style":"","_kad_post_vertical_padding":"","_kad_post_feature":"","_kad_post_feature_position":"","_kad_post_header":false,"_kad_post_footer":false,"_kad_post_classname":"","footnotes":""},"class_list":["post-8283","page","type-page","status-publish","hentry"],"acf":[],"_links":{"self":[{"href":"https:\/\/www.spanishfoodguide.com\/fr\/wp-json\/wp\/v2\/pages\/8283","targetHints":{"allow":["GET"]}}],"collection":[{"href":"https:\/\/www.spanishfoodguide.com\/fr\/wp-json\/wp\/v2\/pages"}],"about":[{"href":"https:\/\/www.spanishfoodguide.com\/fr\/wp-json\/wp\/v2\/types\/page"}],"author":[{"embeddable":true,"href":"https:\/\/www.spanishfoodguide.com\/fr\/wp-json\/wp\/v2\/users\/1"}],"replies":[{"embeddable":true,"href":"https:\/\/www.spanishfoodguide.com\/fr\/wp-json\/wp\/v2\/comments?post=8283"}],"version-history":[{"count":1,"href":"https:\/\/www.spanishfoodguide.com\/fr\/wp-json\/wp\/v2\/pages\/8283\/revisions"}],"predecessor-version":[{"id":8284,"href":"https:\/\/www.spanishfoodguide.com\/fr\/wp-json\/wp\/v2\/pages\/8283\/revisions\/8284"}],"wp:attachment":[{"href":"https:\/\/www.spanishfoodguide.com\/fr\/wp-json\/wp\/v2\/media?parent=8283"}],"curies":[{"name":"wp","href":"https:\/\/api.w.org\/{rel}","templated":true}]}}