{"id":9717,"date":"2023-11-28T07:31:07","date_gmt":"2023-11-28T07:31:07","guid":{"rendered":"https:\/\/www.spanishfoodguide.com\/spanish-food-guide-mapa-del-sitio\/"},"modified":"2026-03-28T13:42:13","modified_gmt":"2026-03-28T13:42:13","slug":"spanish-food-guide-mapa-del-sitio","status":"publish","type":"page","link":"https:\/\/www.spanishfoodguide.com\/es\/spanish-food-guide-mapa-del-sitio\/","title":{"rendered":"Spanish Food Guide Mapa del sitio"},"content":{"rendered":"\n<div class=\"wp-block-group quick-answer is-layout-flow wp-block-group-is-layout-flow\" style=\"border-left-color:#65b32e;border-left-width:4px;padding-top:1rem;padding-right:1.5rem;padding-bottom:1rem;padding-left:1.5rem\">\n<p style=\"font-style:normal;font-weight:700\">&#x26a1; Respuesta R\u00e1pida<\/p>\n\n\n\n<p>Este art\u00edculo explora <strong>Spanish Food Guide Mapa del sitio<\/strong> y ofrece una visi\u00f3n de la cultura gastron\u00f3mica espa\u00f1ola, tradiciones y experiencias culinarias aut\u00e9nticas.<\/p>\n<\/div>\n\n\n\n\n<p>[rank_math_html_sitemap]<\/p>\n","protected":false},"excerpt":{"rendered":"<p>&#x26a1; Respuesta R\u00e1pida Este art\u00edculo explora Spanish Food Guide Mapa del sitio y ofrece una visi\u00f3n de la cultura gastron\u00f3mica espa\u00f1ola, tradiciones y experiencias culinarias aut\u00e9nticas.<\/p>\n","protected":false},"author":1,"featured_media":0,"parent":0,"menu_order":0,"comment_status":"closed","ping_status":"closed","template":"","meta":{"_acf_changed":false,"disable-jtr":false,"_kad_post_transparent":"","_kad_post_title":"","_kad_post_layout":"","_kad_post_sidebar_id":"","_kad_post_content_style":"","_kad_post_vertical_padding":"","_kad_post_feature":"","_kad_post_feature_position":"","_kad_post_header":false,"_kad_post_footer":false,"_kad_post_classname":"","footnotes":""},"class_list":["post-9717","page","type-page","status-publish","hentry"],"acf":[],"_links":{"self":[{"href":"https:\/\/www.spanishfoodguide.com\/es\/wp-json\/wp\/v2\/pages\/9717","targetHints":{"allow":["GET"]}}],"collection":[{"href":"https:\/\/www.spanishfoodguide.com\/es\/wp-json\/wp\/v2\/pages"}],"about":[{"href":"https:\/\/www.spanishfoodguide.com\/es\/wp-json\/wp\/v2\/types\/page"}],"author":[{"embeddable":true,"href":"https:\/\/www.spanishfoodguide.com\/es\/wp-json\/wp\/v2\/users\/1"}],"replies":[{"embeddable":true,"href":"https:\/\/www.spanishfoodguide.com\/es\/wp-json\/wp\/v2\/comments?post=9717"}],"version-history":[{"count":4,"href":"https:\/\/www.spanishfoodguide.com\/es\/wp-json\/wp\/v2\/pages\/9717\/revisions"}],"predecessor-version":[{"id":11186,"href":"https:\/\/www.spanishfoodguide.com\/es\/wp-json\/wp\/v2\/pages\/9717\/revisions\/11186"}],"wp:attachment":[{"href":"https:\/\/www.spanishfoodguide.com\/es\/wp-json\/wp\/v2\/media?parent=9717"}],"curies":[{"name":"wp","href":"https:\/\/api.w.org\/{rel}","templated":true}]}}