{"id":246,"date":"2020-05-14T22:03:48","date_gmt":"2020-05-14T22:03:48","guid":{"rendered":"https:\/\/www.spanishfoodguide.com\/?page_id=246"},"modified":"2026-03-28T13:42:37","modified_gmt":"2026-03-28T13:42:37","slug":"descargo-de-responsabilidad-del-afiliado","status":"publish","type":"page","link":"https:\/\/www.spanishfoodguide.com\/es\/descargo-de-responsabilidad-del-afiliado\/","title":{"rendered":"Descargo de responsabilidad del afiliado"},"content":{"rendered":"\n<div class=\"wp-block-group quick-answer is-layout-flow wp-block-group-is-layout-flow\" style=\"border-left-color:#65b32e;border-left-width:4px;padding-top:1rem;padding-right:1.5rem;padding-bottom:1rem;padding-left:1.5rem\">\n<p style=\"font-style:normal;font-weight:700\">&#x26a1; Respuesta R\u00e1pida<\/p>\n\n\n\n<p>Este art\u00edculo explora <strong>Descargo de responsabilidad del afiliado<\/strong> y ofrece una visi\u00f3n de la cultura gastron\u00f3mica espa\u00f1ola, tradiciones y experiencias culinarias aut\u00e9nticas.<\/p>\n<\/div>\n\n\n\n\n\n<p>Ciertos productos \/ servicios y enlaces a productos \/ servicios son enlaces afiliados, y puedo ganar una comisi\u00f3n por cualquier compra que realice. Ocasionalmente, me compensan por dar mi opini\u00f3n honesta sobre productos y \/ o servicios. Esto no tendr\u00e1 un costo adicional para usted.<\/p>\n\n\n\n<p>Te menciono estos productos y servicios porque creo en ellos y quiero ayudarte a mejorar tu vida. Solo recomiendo productos o servicios que considero que le brindan valor. Con una divulgaci\u00f3n completa, por supuesto, Universal Traveler es un negocio con fines de lucro, lo que significa que s\u00ed obtengo ingresos con este sitio web.<\/p>\n\n\n\n<p>Para que sea f\u00e1cil para los dos, debe asumir que cualquier enlace que lo lleve a productos o servicios son enlaces de afiliados y que recibir\u00e9 una comisi\u00f3n por su compra.<\/p>\n\n\n\n<p>Se hacen todos los esfuerzos para garantizar que los enlaces de afiliados se divulguen de acuerdo con la FTC.<\/p>\n\n\n\n<p>Como Asociado de Amazon, gano de compras que califican.<\/p>\n\n\n\n<p>Este blog acepta formas de publicidad en efectivo, patrocinio, inserciones pagas u otras formas de compensaci\u00f3n.<\/p>\n\n\n\n<p>Este blog cumple con los est\u00e1ndares de marketing de boca en boca. Creemos en la honestidad de la relaci\u00f3n, opini\u00f3n e identidad. La compensaci\u00f3n recibida puede influir en el contenido publicitario, los temas o las publicaciones realizadas en este blog. Ese contenido, espacio publicitario o publicaci\u00f3n se identificar\u00e1 claramente como contenido pagado o patrocinado.<\/p>\n\n\n\n<p>El propietario (s) de este blog es compensado por dar su opini\u00f3n sobre productos, servicios, sitios web y varios otros temas. A pesar de que el propietario (s) de este blog recibe una compensaci\u00f3n por nuestras publicaciones o anuncios, siempre damos nuestras opiniones, hallazgos, creencias o experiencias honestas sobre esos temas o productos. Las opiniones y opiniones expresadas en este blog son exclusivamente de los bloggers. Cualquier reclamo de producto, estad\u00edstica, cotizaci\u00f3n u otra representaci\u00f3n sobre un producto o servicio debe verificarse con el fabricante, proveedor o parte en cuesti\u00f3n.<\/p>\n\n\n\n<p><a href=\"https:\/\/www.spanishfoodguide.com\/es\/politica-de-privacidad\/\" target=\"_blank\" rel=\"noreferrer noopener\">Pol\u00edtica de privacidad<\/a><\/p>\n","protected":false},"excerpt":{"rendered":"<p>&#x26a1; Respuesta R\u00e1pida Este art\u00edculo explora Descargo de responsabilidad del afiliado y ofrece una visi\u00f3n de la cultura gastron\u00f3mica espa\u00f1ola, tradiciones y experiencias culinarias aut\u00e9nticas. Ciertos productos \/ servicios y enlaces a productos \/ servicios son enlaces afiliados, y puedo ganar una comisi\u00f3n por cualquier compra que realice. Ocasionalmente, me compensan por dar mi opini\u00f3n&#8230;<\/p>\n","protected":false},"author":1,"featured_media":0,"parent":0,"menu_order":0,"comment_status":"closed","ping_status":"closed","template":"","meta":{"_acf_changed":false,"disable-jtr":false,"_kad_post_transparent":"","_kad_post_title":"","_kad_post_layout":"","_kad_post_sidebar_id":"","_kad_post_content_style":"","_kad_post_vertical_padding":"","_kad_post_feature":"","_kad_post_feature_position":"","_kad_post_header":false,"_kad_post_footer":false,"_kad_post_classname":"","footnotes":""},"class_list":["post-246","page","type-page","status-publish","hentry"],"acf":[],"_links":{"self":[{"href":"https:\/\/www.spanishfoodguide.com\/es\/wp-json\/wp\/v2\/pages\/246","targetHints":{"allow":["GET"]}}],"collection":[{"href":"https:\/\/www.spanishfoodguide.com\/es\/wp-json\/wp\/v2\/pages"}],"about":[{"href":"https:\/\/www.spanishfoodguide.com\/es\/wp-json\/wp\/v2\/types\/page"}],"author":[{"embeddable":true,"href":"https:\/\/www.spanishfoodguide.com\/es\/wp-json\/wp\/v2\/users\/1"}],"replies":[{"embeddable":true,"href":"https:\/\/www.spanishfoodguide.com\/es\/wp-json\/wp\/v2\/comments?post=246"}],"version-history":[{"count":2,"href":"https:\/\/www.spanishfoodguide.com\/es\/wp-json\/wp\/v2\/pages\/246\/revisions"}],"predecessor-version":[{"id":11192,"href":"https:\/\/www.spanishfoodguide.com\/es\/wp-json\/wp\/v2\/pages\/246\/revisions\/11192"}],"wp:attachment":[{"href":"https:\/\/www.spanishfoodguide.com\/es\/wp-json\/wp\/v2\/media?parent=246"}],"curies":[{"name":"wp","href":"https:\/\/api.w.org\/{rel}","templated":true}]}}