{"id":244,"date":"2020-05-14T21:59:43","date_gmt":"2020-05-14T21:59:43","guid":{"rendered":"https:\/\/www.spanishfoodguide.com\/?page_id=244"},"modified":"2021-06-03T15:12:29","modified_gmt":"2021-06-03T15:12:29","slug":"contacto","status":"publish","type":"page","link":"https:\/\/www.spanishfoodguide.com\/es\/contacto\/","title":{"rendered":"Contacto"},"content":{"rendered":"\n<p class=\"has-text-align-center\"><strong>PREGUNTAS, RETROALIMENTACI\u00d3Nes, QUEJAS?<\/strong><\/p>\n\n\n\n<p>Gracias por visitar mi sitio web y tu inter\u00e9s en la comida espa\u00f1ola &amp; recetas.<\/p>\n\n\n\n<p>Por favor, si\u00e9ntase libre de enviarme un mensaje. Tambi\u00e9n estoy agradecido por cr\u00edticas constructivas y puntos de mejora.<\/p>\n\n\n\n<p>Cuando estemos en el mismo lugar en este peque\u00f1o mundo, me encantar\u00eda conocerte, tomar una copa y conversar un poco.<\/p>\n\n\n\n<p><strong><a rel=\"noreferrer noopener\" href=\"mailto:tim@spanishfoodguide.com\" target=\"_blank\">tim@spanishfoodguide.com<\/a><\/strong><\/p>\n","protected":false},"excerpt":{"rendered":"<p>PREGUNTAS, RETROALIMENTACI\u00d3Nes, QUEJAS? Gracias por visitar mi sitio web y tu inter\u00e9s en la comida espa\u00f1ola &amp; recetas. Por favor, si\u00e9ntase libre de enviarme un mensaje. Tambi\u00e9n estoy agradecido por cr\u00edticas constructivas y puntos de mejora. Cuando estemos en el mismo lugar en este peque\u00f1o mundo, me encantar\u00eda conocerte, tomar una copa y conversar un&#8230;<\/p>\n","protected":false},"author":1,"featured_media":0,"parent":0,"menu_order":0,"comment_status":"closed","ping_status":"closed","template":"","meta":{"_acf_changed":false,"disable-jtr":false,"_kad_post_transparent":"","_kad_post_title":"","_kad_post_layout":"","_kad_post_sidebar_id":"","_kad_post_content_style":"","_kad_post_vertical_padding":"","_kad_post_feature":"","_kad_post_feature_position":"","_kad_post_header":false,"_kad_post_footer":false,"_kad_post_classname":"","footnotes":""},"class_list":["post-244","page","type-page","status-publish","hentry"],"acf":[],"_links":{"self":[{"href":"https:\/\/www.spanishfoodguide.com\/es\/wp-json\/wp\/v2\/pages\/244","targetHints":{"allow":["GET"]}}],"collection":[{"href":"https:\/\/www.spanishfoodguide.com\/es\/wp-json\/wp\/v2\/pages"}],"about":[{"href":"https:\/\/www.spanishfoodguide.com\/es\/wp-json\/wp\/v2\/types\/page"}],"author":[{"embeddable":true,"href":"https:\/\/www.spanishfoodguide.com\/es\/wp-json\/wp\/v2\/users\/1"}],"replies":[{"embeddable":true,"href":"https:\/\/www.spanishfoodguide.com\/es\/wp-json\/wp\/v2\/comments?post=244"}],"version-history":[{"count":1,"href":"https:\/\/www.spanishfoodguide.com\/es\/wp-json\/wp\/v2\/pages\/244\/revisions"}],"predecessor-version":[{"id":245,"href":"https:\/\/www.spanishfoodguide.com\/es\/wp-json\/wp\/v2\/pages\/244\/revisions\/245"}],"wp:attachment":[{"href":"https:\/\/www.spanishfoodguide.com\/es\/wp-json\/wp\/v2\/media?parent=244"}],"curies":[{"name":"wp","href":"https:\/\/api.w.org\/{rel}","templated":true}]}}