{"id":2414,"date":"2021-05-27T14:46:58","date_gmt":"2021-05-27T14:46:58","guid":{"rendered":"https:\/\/www.spanishfoodguide.com\/?page_id=2414"},"modified":"2026-03-28T13:42:26","modified_gmt":"2026-03-28T13:42:26","slug":"tours-gastronomicos-en-espana","status":"publish","type":"page","link":"https:\/\/www.spanishfoodguide.com\/es\/tours-gastronomicos-en-espana\/","title":{"rendered":"Rutas gastron\u00f3micas por Espa\u00f1a"},"content":{"rendered":"\n<p>\u00bfVas a pasar unas merecidas vacaciones en Espa\u00f1a, o quieres explorar las diferentes facetas de esta joya europea?  <\/p>\n\n<p>Una de las diversas formas de conocer la cultura del pa\u00eds es sumergirse en el maravilloso mundo de la cocina espa\u00f1ola. Al intentar describirlo en dos palabras, tendr\u00eda que decir que la cocina es sencilla y reconfortante.  <\/p>\n\n<p>Cuando se trata de probar la cocina espa\u00f1ola, es muy f\u00e1cil sentirse abrumado por la gran cantidad de platos sabrosos que debes probar y los ingredientes tradicionales con los que debes familiarizarte.  <\/p>\n\n<p>Cada regi\u00f3n tiene su propia historia que compartir a trav\u00e9s de la comida, y cada bocado es una expedici\u00f3n propia.<\/p>\n\n<p>Por eso, una de las formas m\u00e1s eficaces de conocer la cocina espa\u00f1ola es participar en un tour gastron\u00f3mico por Espa\u00f1a durante tu visita. Sea cual sea la regi\u00f3n que visites, su cultura gastron\u00f3mica es algo que realmente querr\u00e1s explorar.  <\/p>\n\n<figure class=\"wp-block-image size-full\"><img loading=\"lazy\" decoding=\"async\" width=\"800\" height=\"427\" src=\"https:\/\/www.spanishfoodguide.com\/wp-content\/uploads\/2021\/08\/Spanish-Gazpacho-Tapas.jpg\" alt=\"\" class=\"wp-image-4213\" title=\"\" srcset=\"https:\/\/www.spanishfoodguide.com\/wp-content\/uploads\/2021\/08\/Spanish-Gazpacho-Tapas.jpg 800w, https:\/\/www.spanishfoodguide.com\/wp-content\/uploads\/2021\/08\/Spanish-Gazpacho-Tapas-300x160.jpg 300w, https:\/\/www.spanishfoodguide.com\/wp-content\/uploads\/2021\/08\/Spanish-Gazpacho-Tapas-768x410.jpg 768w, https:\/\/www.spanishfoodguide.com\/wp-content\/uploads\/2021\/08\/Spanish-Gazpacho-Tapas-735x392.jpg 735w, https:\/\/www.spanishfoodguide.com\/wp-content\/uploads\/2021\/08\/Spanish-Gazpacho-Tapas-335x179.jpg 335w, https:\/\/www.spanishfoodguide.com\/wp-content\/uploads\/2021\/08\/Spanish-Gazpacho-Tapas-347x185.jpg 347w, https:\/\/www.spanishfoodguide.com\/wp-content\/uploads\/2021\/08\/Spanish-Gazpacho-Tapas-520x278.jpg 520w, https:\/\/www.spanishfoodguide.com\/wp-content\/uploads\/2021\/08\/Spanish-Gazpacho-Tapas-640x342.jpg 640w\" sizes=\"auto, (max-width: 800px) 100vw, 800px\" \/><figcaption>\u00a9Sarsmis v\u00eda Canva.com<\/figcaption><\/figure>\n<p>Los mejores viajes gastron\u00f3micos por Espa\u00f1a te har\u00e1n probar muchos de los tesoros gastron\u00f3micos m\u00e1s emblem\u00e1ticos que hist\u00f3ricamente conectaron a Espa\u00f1a con el resto del mundo.<\/p>\n\n<p>Algunos de los alimentos m\u00e1s apreciados que seguramente formar\u00e1n parte de los viajes gastron\u00f3micos por Espa\u00f1a son las tradicionales <a aria-label=\"Spanish tapas (opens in a new tab)\" rel=\"noreferrer noopener\" href=\"https:\/\/www.spanishfoodguide.com\/es\/recetas\/tapas-espanolas-con-recetas-faciles\/\" target=\"_blank\" class=\"rank-math-link\">tapas espa\u00f1olas<\/a>, los reconfortantes <a aria-label=\"Spanish breakfasts (opens in a new tab)\" rel=\"noreferrer noopener\" href=\"https:\/\/www.spanishfoodguide.com\/es\/desayuno\/desayuno-espanol-desayunos-espanoles-recetas\/\" target=\"_blank\" class=\"rank-math-link\">desayunos espa\u00f1oles<\/a>, el <a aria-label=\"Spanish summer wine (opens in a new tab)\" rel=\"noreferrer noopener\" href=\"https:\/\/www.spanishfoodguide.com\/es\/bebidas\/receta-facil-de-tinto-de-verano\/\" target=\"_blank\" class=\"rank-math-link\">vino de verano espa\u00f1ol<\/a>, los dulces <a aria-label=\"Spanish desserts (opens in a new tab)\" rel=\"noreferrer noopener\" href=\"https:\/\/www.spanishfoodguide.com\/es\/postres\/postres-espanoles-tradicionales\/\" target=\"_blank\" class=\"rank-math-link\">postres espa\u00f1oles<\/a> e incluso los <a aria-label=\"Spanish vegetarian dishes (opens in a new tab)\" rel=\"noreferrer noopener\" href=\"https:\/\/www.spanishfoodguide.com\/es\/recetas\/recetas-vegetarianas-espanolas-faciles-tapas-vegetarianas\/\" target=\"_blank\" class=\"rank-math-link\">platos vegetarianos espa\u00f1oles<\/a>.<\/p>\n\n<p>Deja que los experimentados gu\u00edas locales te lleven a los cl\u00e1sicos favoritos del barrio y a las joyas ocultas.  <\/p>\n\n<p>Tanto si est\u00e1s explorando M\u00e1laga, Madrid, Barcelona o m\u00e1s all\u00e1, un apasionado gastr\u00f3nomo, chef o camarero residente estar\u00e1 a tu servicio.<\/p>\n\n<div class=\"wp-block-group quick-answer is-layout-flow wp-block-group-is-layout-flow\" style=\"border-left-color:#65b32e;border-left-width:4px;padding-top:1rem;padding-right:1.5rem;padding-bottom:1rem;padding-left:1.5rem\">\n<p style=\"font-style:normal;font-weight:700\">&#x26a1; Respuesta R\u00e1pida<\/p>\n\n\n\n<p>Esta gu\u00eda presenta los mejores tours gastron\u00f3micos, seleccionados por calidad, valor y experiencias aut\u00e9nticas. Hemos investigado personalmente cada recomendaci\u00f3n.<\/p>\n<\/div>\n\n\n\n<div id=\"ez-toc-container\" class=\"ez-toc-v2_0_82_2 counter-hierarchy ez-toc-counter ez-toc-grey ez-toc-container-direction\">\n<div class=\"ez-toc-title-container\">\n<p class=\"ez-toc-title\" style=\"cursor:inherit\">Table of Contents<\/p>\n<span class=\"ez-toc-title-toggle\"><a href=\"#\" class=\"ez-toc-pull-right ez-toc-btn ez-toc-btn-xs ez-toc-btn-default ez-toc-toggle\" aria-label=\"Alternar tabla de contenidos\"><span class=\"ez-toc-js-icon-con\"><span class=\"\"><span class=\"eztoc-hide\" style=\"display:none;\">Toggle<\/span><span class=\"ez-toc-icon-toggle-span\"><svg style=\"fill: #999;color:#999\" xmlns=\"http:\/\/www.w3.org\/2000\/svg\" class=\"list-377408\" width=\"20px\" height=\"20px\" viewBox=\"0 0 24 24\" fill=\"none\"><path d=\"M6 6H4v2h2V6zm14 0H8v2h12V6zM4 11h2v2H4v-2zm16 0H8v2h12v-2zM4 16h2v2H4v-2zm16 0H8v2h12v-2z\" fill=\"currentColor\"><\/path><\/svg><svg style=\"fill: #999;color:#999\" class=\"arrow-unsorted-368013\" xmlns=\"http:\/\/www.w3.org\/2000\/svg\" width=\"10px\" height=\"10px\" viewBox=\"0 0 24 24\" version=\"1.2\" baseProfile=\"tiny\"><path d=\"M18.2 9.3l-6.2-6.3-6.2 6.3c-.2.2-.3.4-.3.7s.1.5.3.7c.2.2.4.3.7.3h11c.3 0 .5-.1.7-.3.2-.2.3-.5.3-.7s-.1-.5-.3-.7zM5.8 14.7l6.2 6.3 6.2-6.3c.2-.2.3-.5.3-.7s-.1-.5-.3-.7c-.2-.2-.4-.3-.7-.3h-11c-.3 0-.5.1-.7.3-.2.2-.3.5-.3.7s.1.5.3.7z\"\/><\/svg><\/span><\/span><\/span><\/a><\/span><\/div>\n<nav><ul class='ez-toc-list ez-toc-list-level-1 eztoc-toggle-hide-by-default' ><li class='ez-toc-page-1 ez-toc-heading-level-2'><a class=\"ez-toc-link ez-toc-heading-1\" href=\"https:\/\/www.spanishfoodguide.com\/es\/tours-gastronomicos-en-espana\/#Las_mejores_rutas_gastronomicas_de_Espana\" >Las mejores rutas gastron\u00f3micas de Espa\u00f1a<\/a><ul class='ez-toc-list-level-3' ><li class='ez-toc-heading-level-3'><a class=\"ez-toc-link ez-toc-heading-2\" href=\"https:\/\/www.spanishfoodguide.com\/es\/tours-gastronomicos-en-espana\/#1_Rutas_gastronomicas_en_Malaga\" >1. Rutas gastron\u00f3micas en M\u00e1laga<\/a><\/li><li class='ez-toc-page-1 ez-toc-heading-level-3'><a class=\"ez-toc-link ez-toc-heading-3\" href=\"https:\/\/www.spanishfoodguide.com\/es\/tours-gastronomicos-en-espana\/#2_Visitas_gastronomicas_en_Madrid\" >2. Visitas gastron\u00f3micas en Madrid<\/a><\/li><li class='ez-toc-page-1 ez-toc-heading-level-3'><a class=\"ez-toc-link ez-toc-heading-4\" href=\"https:\/\/www.spanishfoodguide.com\/es\/tours-gastronomicos-en-espana\/#3_Rutas_gastronomicas_en_Barcelona\" >3. Rutas gastron\u00f3micas en Barcelona<\/a><\/li><\/ul><\/li><\/ul><\/nav><\/div>\n<h2 class=\"has-text-align-center wp-block-heading\"><span class=\"ez-toc-section\" id=\"Las_mejores_rutas_gastronomicas_de_Espana\"><\/span>Las mejores rutas gastron\u00f3micas de Espa\u00f1a<span class=\"ez-toc-section-end\"><\/span><\/h2>\n\n<h3 class=\"wp-block-heading\"><span class=\"ez-toc-section\" id=\"1_Rutas_gastronomicas_en_Malaga\"><\/span>1. Rutas gastron\u00f3micas en M\u00e1laga<span class=\"ez-toc-section-end\"><\/span><\/h3>\n\n<p>M\u00e1laga es una ciudad costera situada en la regi\u00f3n sur de Andaluc\u00eda. Es conocida por muchos como la capital de la impresionante Costa del Sol.  <\/p>\n\n<p>Adem\u00e1s de ser el lugar de nacimiento de Pablo Picasso, la ciudad de M\u00e1laga tambi\u00e9n es conocida por ser el hogar de la cocina andaluza.<\/p>\n\n<p><strong>Consulta las <a aria-label=\"Best Food Tours in Malaga (opens in a new tab)\" rel=\"noreferrer noopener\" href=\"https:\/\/www.spanishfoodguide.com\/es\/tours-gastronomicos-en-espana\/mejores-tours-gastronomicos-de-malaga\/\" target=\"_blank\" class=\"rank-math-link\">mejores rutas gastron\u00f3micas de M\u00e1laga<\/a>.<\/strong><\/p>\n\n<h3 class=\"wp-block-heading\"><span class=\"ez-toc-section\" id=\"2_Visitas_gastronomicas_en_Madrid\"><\/span>2. Visitas gastron\u00f3micas en Madrid<span class=\"ez-toc-section-end\"><\/span><\/h3>\n\n<p>La ciudad de Madrid, capital de Espa\u00f1a, es una pr\u00f3spera metr\u00f3polis en el coraz\u00f3n de la Pen\u00ednsula Ib\u00e9rica. Es visitada por muchos por su riqueza art\u00edstica y cultural.  <\/p>\n\n<p>Esta gran ciudad se considera un crisol de todas las diferentes cocinas regionales de Espa\u00f1a.<\/p>\n\n<p><strong>Consulta las <a aria-label=\"Best Food Tours in Madrid (opens in a new tab)\" href=\"https:\/\/www.spanishfoodguide.com\/es\/tours-gastronomicos-en-espana\/mejores-tours-gastronomicos-de-madrid\/\" target=\"_blank\" rel=\"noreferrer noopener\" class=\"rank-math-link\">mejores rutas gastron\u00f3micas de Madrid<\/a>.<\/strong><\/p>\n\n<h3 class=\"wp-block-heading\"><span class=\"ez-toc-section\" id=\"3_Rutas_gastronomicas_en_Barcelona\"><\/span>3. Rutas gastron\u00f3micas en Barcelona<span class=\"ez-toc-section-end\"><\/span><\/h3>\n\n<p>Barcelona es la capital de Catalu\u00f1a, una comunidad aut\u00f3noma de Espa\u00f1a. Est\u00e1 situada en el noreste del pa\u00eds y es visitada principalmente por su fuerte cultura y patrimonio.  <\/p>\n\n<p>Toda la ciudad fue el patio de recreo de Antoni Gaud\u00ed y ahora es la galer\u00eda mundial de sus obras maestras.<\/p>\n\n<p><strong>Consulta las <a href=\"https:\/\/www.spanishfoodguide.com\/es\/tours-gastronomicos-en-espana\/mejores-tours-gastronomicos-en-barcelona\/\" target=\"_blank\" aria-label=\"best food tours in Barcelona (opens in a new tab)\" rel=\"noreferrer noopener\" class=\"rank-math-link\">mejores rutas gastron\u00f3micas de Barcelona<\/a>.<\/strong><\/p>\n","protected":false},"excerpt":{"rendered":"<p>\u00bfVas a pasar unas merecidas vacaciones en Espa\u00f1a, o quieres explorar las diferentes facetas de esta joya europea? Una de las diversas formas de conocer la cultura del pa\u00eds es sumergirse en el maravilloso mundo de la cocina espa\u00f1ola. Al intentar describirlo en dos palabras, tendr\u00eda que decir que la cocina es sencilla y reconfortante&#8230;.<\/p>\n","protected":false},"author":2,"featured_media":1432,"parent":0,"menu_order":0,"comment_status":"closed","ping_status":"closed","template":"","meta":{"_acf_changed":false,"disable-jtr":false,"_kad_post_transparent":"","_kad_post_title":"","_kad_post_layout":"","_kad_post_sidebar_id":"","_kad_post_content_style":"","_kad_post_vertical_padding":"","_kad_post_feature":"","_kad_post_feature_position":"","_kad_post_header":false,"_kad_post_footer":false,"_kad_post_classname":"","footnotes":""},"class_list":["post-2414","page","type-page","status-publish","has-post-thumbnail","hentry"],"acf":[],"_links":{"self":[{"href":"https:\/\/www.spanishfoodguide.com\/es\/wp-json\/wp\/v2\/pages\/2414","targetHints":{"allow":["GET"]}}],"collection":[{"href":"https:\/\/www.spanishfoodguide.com\/es\/wp-json\/wp\/v2\/pages"}],"about":[{"href":"https:\/\/www.spanishfoodguide.com\/es\/wp-json\/wp\/v2\/types\/page"}],"author":[{"embeddable":true,"href":"https:\/\/www.spanishfoodguide.com\/es\/wp-json\/wp\/v2\/users\/2"}],"replies":[{"embeddable":true,"href":"https:\/\/www.spanishfoodguide.com\/es\/wp-json\/wp\/v2\/comments?post=2414"}],"version-history":[{"count":13,"href":"https:\/\/www.spanishfoodguide.com\/es\/wp-json\/wp\/v2\/pages\/2414\/revisions"}],"predecessor-version":[{"id":11189,"href":"https:\/\/www.spanishfoodguide.com\/es\/wp-json\/wp\/v2\/pages\/2414\/revisions\/11189"}],"wp:featuredmedia":[{"embeddable":true,"href":"https:\/\/www.spanishfoodguide.com\/es\/wp-json\/wp\/v2\/media\/1432"}],"wp:attachment":[{"href":"https:\/\/www.spanishfoodguide.com\/es\/wp-json\/wp\/v2\/media?parent=2414"}],"curies":[{"name":"wp","href":"https:\/\/api.w.org\/{rel}","templated":true}]}}