{"id":4757,"date":"2021-08-28T12:24:59","date_gmt":"2021-08-28T12:24:59","guid":{"rendered":"https:\/\/www.spanishfoodguide.com\/?page_id=4757"},"modified":"2026-03-28T13:20:53","modified_gmt":"2026-03-28T13:20:53","slug":"spanien-kulinariktouren","status":"publish","type":"page","link":"https:\/\/www.spanishfoodguide.com\/de\/spanien-kulinariktouren\/","title":{"rendered":"Spanien Essen Touren"},"content":{"rendered":"\n<p>F\u00e4hrst du in deinen wohlverdienten Urlaub nach Spanien oder m\u00f6chtest du die verschiedenen Facetten dieses europ\u00e4ischen Juwels erkunden?  <\/p>\n\n<p>Eine der vielen M\u00f6glichkeiten, mehr \u00fcber die Kultur des Landes zu erfahren, besteht darin, in die wunderbare Welt der spanischen K\u00fcche einzutauchen. Wenn ich versuche, es in zwei Worten zu beschreiben, w\u00fcrde ich sagen, dass die K\u00fcche einfach und herzerw\u00e4rmend ist.  <\/p>\n\n<p>Wenn es darum geht, die spanische K\u00fcche zu probieren, ist man schnell \u00fcberw\u00e4ltigt von der schieren Menge an leckeren Gerichten, die man probieren muss, und den traditionellen Zutaten, mit denen man sich vertraut machen muss.  <\/p>\n\n<p>Jede Region hat ihre eigene Geschichte, die sie durch ihr Essen erz\u00e4hlt, und jeder Bissen ist eine Entdeckungsreise f\u00fcr sich.<\/p>\n\n<p>Deshalb ist eine der besten M\u00f6glichkeiten, die spanische K\u00fcche kennenzulernen, die Teilnahme an einer kulinarischen Tour durch Spanien. Egal, welche Region du besuchst, die Esskultur ist etwas, das du unbedingt erkunden solltest.  <\/p>\n\n<figure class=\"wp-block-image size-full\"><img loading=\"lazy\" decoding=\"async\" width=\"800\" height=\"427\" src=\"https:\/\/www.spanishfoodguide.com\/wp-content\/uploads\/2021\/08\/Spanish-Gazpacho-Tapas.jpg\" alt=\"\" class=\"wp-image-4213\" title=\"\" srcset=\"https:\/\/www.spanishfoodguide.com\/wp-content\/uploads\/2021\/08\/Spanish-Gazpacho-Tapas.jpg 800w, https:\/\/www.spanishfoodguide.com\/wp-content\/uploads\/2021\/08\/Spanish-Gazpacho-Tapas-300x160.jpg 300w, https:\/\/www.spanishfoodguide.com\/wp-content\/uploads\/2021\/08\/Spanish-Gazpacho-Tapas-768x410.jpg 768w, https:\/\/www.spanishfoodguide.com\/wp-content\/uploads\/2021\/08\/Spanish-Gazpacho-Tapas-735x392.jpg 735w, https:\/\/www.spanishfoodguide.com\/wp-content\/uploads\/2021\/08\/Spanish-Gazpacho-Tapas-335x179.jpg 335w, https:\/\/www.spanishfoodguide.com\/wp-content\/uploads\/2021\/08\/Spanish-Gazpacho-Tapas-347x185.jpg 347w, https:\/\/www.spanishfoodguide.com\/wp-content\/uploads\/2021\/08\/Spanish-Gazpacho-Tapas-520x278.jpg 520w, https:\/\/www.spanishfoodguide.com\/wp-content\/uploads\/2021\/08\/Spanish-Gazpacho-Tapas-640x342.jpg 640w\" sizes=\"auto, (max-width: 800px) 100vw, 800px\" \/><figcaption>\u00a9Sarsmis via Canva.com<\/figcaption><\/figure>\n<p>Auf den besten kulinarischen Touren durch Spanien kannst du viele der kultigsten gastronomischen Sch\u00e4tze probieren, die Spanien historisch mit dem Rest der Welt verbunden haben.<\/p>\n\n<p>Zu den beliebten Speisen, die auf einer Spanienreise nicht fehlen d\u00fcrfen, geh\u00f6ren traditionelle <a aria-label=\"Spanish tapas (opens in a new tab)\" rel=\"noreferrer noopener\" href=\"https:\/\/www.spanishfoodguide.com\/de\/rezepte\/spanische-tapas-rezepte\/\" target=\"_blank\" class=\"rank-math-link\">spanische Tapas<\/a>, ein gem\u00fctliches <a aria-label=\"Spanish breakfasts (opens in a new tab)\" rel=\"noreferrer noopener\" href=\"https:\/\/www.spanishfoodguide.com\/de\/fruehstueck\/spanisches-fruehstuck-rezepte\/\" target=\"_blank\" class=\"rank-math-link\">spanisches Fr\u00fchst\u00fcck<\/a>, <a aria-label=\"Spanish summer wine (opens in a new tab)\" rel=\"noreferrer noopener\" href=\"https:\/\/www.spanishfoodguide.com\/de\/getraenke\/tinto-de-verano-rezept-spanischer-cocktail-mit-rotwein-und-sprite\/\" target=\"_blank\" class=\"rank-math-link\">spanischer Sommerwein<\/a>, s\u00fc\u00dfe <a aria-label=\"Spanish desserts (opens in a new tab)\" rel=\"noreferrer noopener\" href=\"https:\/\/www.spanishfoodguide.com\/de\/nachspeisen\/spanische-desserts-nachspeisen-rezepte\/\" target=\"_blank\" class=\"rank-math-link\">spanische Desserts<\/a> und sogar <a aria-label=\"Spanish vegetarian dishes (opens in a new tab)\" rel=\"noreferrer noopener\" href=\"https:\/\/www.spanishfoodguide.com\/de\/rezepte\/spanische-vegetarische-tapas-rezepte\/\" target=\"_blank\" class=\"rank-math-link\">spanische vegetarische Gerichte<\/a>!<\/p>\n\n<p>Lass dich von den erfahrenen lokalen Guides zu den Klassikern und versteckten Juwelen des Viertels f\u00fchren.  <\/p>\n\n<p>Egal, ob du M\u00e1laga, Madrid, Barcelona oder andere St\u00e4dte erkundest, ein leidenschaftlicher Gastronom, Koch oder Barkeeper wird dir zur Seite stehen.<\/p>\n\n<div class=\"wp-block-group quick-answer is-layout-flow wp-block-group-is-layout-flow\" style=\"border-left-color:#65b32e;border-left-width:4px;padding-top:1rem;padding-right:1.5rem;padding-bottom:1rem;padding-left:1.5rem\">\n<p style=\"font-style:normal;font-weight:700\">&#x26a1; Schnelle Antwort<\/p>\n\n\n\n<p>Dieser Leitfaden stellt die besten Food-Touren vor, kuratiert nach Qualit\u00e4t, Preis-Leistung und authentischen Erlebnissen. Wir haben jede Empfehlung pers\u00f6nlich recherchiert.<\/p>\n<\/div>\n\n\n\n<div id=\"ez-toc-container\" class=\"ez-toc-v2_0_82_2 counter-hierarchy ez-toc-counter ez-toc-grey ez-toc-container-direction\">\n<div class=\"ez-toc-title-container\">\n<p class=\"ez-toc-title\" style=\"cursor:inherit\">Table of Contents<\/p>\n<span class=\"ez-toc-title-toggle\"><a href=\"#\" class=\"ez-toc-pull-right ez-toc-btn ez-toc-btn-xs ez-toc-btn-default ez-toc-toggle\" aria-label=\"Toggle Table of Content\"><span class=\"ez-toc-js-icon-con\"><span class=\"\"><span class=\"eztoc-hide\" style=\"display:none;\">Toggle<\/span><span class=\"ez-toc-icon-toggle-span\"><svg style=\"fill: #999;color:#999\" xmlns=\"http:\/\/www.w3.org\/2000\/svg\" class=\"list-377408\" width=\"20px\" height=\"20px\" viewBox=\"0 0 24 24\" fill=\"none\"><path d=\"M6 6H4v2h2V6zm14 0H8v2h12V6zM4 11h2v2H4v-2zm16 0H8v2h12v-2zM4 16h2v2H4v-2zm16 0H8v2h12v-2z\" fill=\"currentColor\"><\/path><\/svg><svg style=\"fill: #999;color:#999\" class=\"arrow-unsorted-368013\" xmlns=\"http:\/\/www.w3.org\/2000\/svg\" width=\"10px\" height=\"10px\" viewBox=\"0 0 24 24\" version=\"1.2\" baseProfile=\"tiny\"><path d=\"M18.2 9.3l-6.2-6.3-6.2 6.3c-.2.2-.3.4-.3.7s.1.5.3.7c.2.2.4.3.7.3h11c.3 0 .5-.1.7-.3.2-.2.3-.5.3-.7s-.1-.5-.3-.7zM5.8 14.7l6.2 6.3 6.2-6.3c.2-.2.3-.5.3-.7s-.1-.5-.3-.7c-.2-.2-.4-.3-.7-.3h-11c-.3 0-.5.1-.7.3-.2.2-.3.5-.3.7s.1.5.3.7z\"\/><\/svg><\/span><\/span><\/span><\/a><\/span><\/div>\n<nav><ul class='ez-toc-list ez-toc-list-level-1 eztoc-toggle-hide-by-default' ><li class='ez-toc-page-1 ez-toc-heading-level-2'><a class=\"ez-toc-link ez-toc-heading-1\" href=\"https:\/\/www.spanishfoodguide.com\/de\/spanien-kulinariktouren\/#Die_besten_Essenstouren_in_Spanien\" >Die besten Essenstouren in Spanien<\/a><ul class='ez-toc-list-level-3' ><li class='ez-toc-heading-level-3'><a class=\"ez-toc-link ez-toc-heading-2\" href=\"https:\/\/www.spanishfoodguide.com\/de\/spanien-kulinariktouren\/#1_Essenstouren_in_Malaga\" >1. Essenstouren in M\u00e1laga<\/a><\/li><li class='ez-toc-page-1 ez-toc-heading-level-3'><a class=\"ez-toc-link ez-toc-heading-3\" href=\"https:\/\/www.spanishfoodguide.com\/de\/spanien-kulinariktouren\/#2_Essenstouren_in_Madrid\" >2. Essenstouren in Madrid<\/a><\/li><li class='ez-toc-page-1 ez-toc-heading-level-3'><a class=\"ez-toc-link ez-toc-heading-4\" href=\"https:\/\/www.spanishfoodguide.com\/de\/spanien-kulinariktouren\/#3_Essenstouren_in_Barcelona\" >3. Essenstouren in Barcelona<\/a><\/li><\/ul><\/li><\/ul><\/nav><\/div>\n<h2 class=\"has-text-align-center wp-block-heading\"><span class=\"ez-toc-section\" id=\"Die_besten_Essenstouren_in_Spanien\"><\/span>Die besten Essenstouren in Spanien<span class=\"ez-toc-section-end\"><\/span><\/h2>\n\n<h3 class=\"wp-block-heading\"><span class=\"ez-toc-section\" id=\"1_Essenstouren_in_Malaga\"><\/span>1. Essenstouren in M\u00e1laga<span class=\"ez-toc-section-end\"><\/span><\/h3>\n\n<p>M\u00e1laga ist eine Stadt am Meer in der s\u00fcdlichen Region Andalusien. Sie ist vielen als Hauptstadt der atemberaubenden Costa del Sol bekannt.  <\/p>\n\n<p>Die Stadt M\u00e1laga ist nicht nur der Geburtsort von Pablo Picasso, sondern auch f\u00fcr die andalusische K\u00fcche bekannt.<\/p>\n\n<p><strong>Schau dir die <a aria-label=\"Best Food Tours in Malaga (opens in a new tab)\" rel=\"noreferrer noopener\" href=\"https:\/\/www.spanishfoodguide.com\/de\/spanien-kulinariktouren\/malaga-kulinariktouren\/\" target=\"_blank\" class=\"rank-math-link\">besten kulinarischen Touren in M\u00e1laga<\/a> an.<\/strong><\/p>\n\n<h3 class=\"wp-block-heading\"><span class=\"ez-toc-section\" id=\"2_Essenstouren_in_Madrid\"><\/span>2. Essenstouren in Madrid<span class=\"ez-toc-section-end\"><\/span><\/h3>\n\n<p>Madrid, die Hauptstadt Spaniens, ist eine bl\u00fchende Metropole im Herzen der Iberischen Halbinsel. Sie wird von vielen wegen ihrer reichen Kunst und Kultur besucht.  <\/p>\n\n<p>Diese gro\u00dfe Stadt gilt als Schmelztiegel der verschiedenen regionalen K\u00fcchen Spaniens.<\/p>\n\n<p><strong>Schau dir die <a aria-label=\"Best Food Tours in Madrid (opens in a new tab)\" href=\"https:\/\/www.spanishfoodguide.com\/de\/spanien-kulinariktouren\/die-10-besten-madrider-essenstouren\/\" target=\"_blank\" rel=\"noreferrer noopener\" class=\"rank-math-link\">besten kulinarischen Touren in Madrid<\/a> an.<\/strong><\/p>\n\n<h3 class=\"wp-block-heading\"><span class=\"ez-toc-section\" id=\"3_Essenstouren_in_Barcelona\"><\/span>3. Essenstouren in Barcelona<span class=\"ez-toc-section-end\"><\/span><\/h3>\n\n<p>Barcelona ist die Hauptstadt von Katalonien, einer autonomen Gemeinschaft in Spanien. Sie liegt im nord\u00f6stlichen Teil des Landes und wird vor allem wegen ihrer starken Kultur und ihres Erbes besucht.  <\/p>\n\n<p>Die ganze Stadt war Antoni Gaudis Spielplatz und ist heute die Weltgalerie seiner Meisterwerke.<\/p>\n\n<p><strong>Schau dir die <a href=\"https:\/\/www.spanishfoodguide.com\/de\/spanien-kulinariktouren\/beste-barcelona-essen-touren\/\" target=\"_blank\" aria-label=\"best food tours in Barcelona (opens in a new tab)\" rel=\"noreferrer noopener\" class=\"rank-math-link\">besten kulinarischen Touren in Barcelona<\/a> an.<\/strong><\/p>\n","protected":false},"excerpt":{"rendered":"<p>F\u00e4hrst du in deinen wohlverdienten Urlaub nach Spanien oder m\u00f6chtest du die verschiedenen Facetten dieses europ\u00e4ischen Juwels erkunden? Eine der vielen M\u00f6glichkeiten, mehr \u00fcber die Kultur des Landes zu erfahren, besteht darin, in die wunderbare Welt der spanischen K\u00fcche einzutauchen. Wenn ich versuche, es in zwei Worten zu beschreiben, w\u00fcrde ich sagen, dass die K\u00fcche&#8230;<\/p>\n","protected":false},"author":2,"featured_media":2976,"parent":0,"menu_order":0,"comment_status":"closed","ping_status":"closed","template":"","meta":{"_acf_changed":false,"disable-jtr":false,"_kad_post_transparent":"","_kad_post_title":"","_kad_post_layout":"","_kad_post_sidebar_id":"","_kad_post_content_style":"","_kad_post_vertical_padding":"","_kad_post_feature":"","_kad_post_feature_position":"","_kad_post_header":false,"_kad_post_footer":false,"_kad_post_classname":"","footnotes":""},"class_list":["post-4757","page","type-page","status-publish","has-post-thumbnail","hentry"],"acf":[],"_links":{"self":[{"href":"https:\/\/www.spanishfoodguide.com\/de\/wp-json\/wp\/v2\/pages\/4757","targetHints":{"allow":["GET"]}}],"collection":[{"href":"https:\/\/www.spanishfoodguide.com\/de\/wp-json\/wp\/v2\/pages"}],"about":[{"href":"https:\/\/www.spanishfoodguide.com\/de\/wp-json\/wp\/v2\/types\/page"}],"author":[{"embeddable":true,"href":"https:\/\/www.spanishfoodguide.com\/de\/wp-json\/wp\/v2\/users\/2"}],"replies":[{"embeddable":true,"href":"https:\/\/www.spanishfoodguide.com\/de\/wp-json\/wp\/v2\/comments?post=4757"}],"version-history":[{"count":7,"href":"https:\/\/www.spanishfoodguide.com\/de\/wp-json\/wp\/v2\/pages\/4757\/revisions"}],"predecessor-version":[{"id":11070,"href":"https:\/\/www.spanishfoodguide.com\/de\/wp-json\/wp\/v2\/pages\/4757\/revisions\/11070"}],"wp:featuredmedia":[{"embeddable":true,"href":"https:\/\/www.spanishfoodguide.com\/de\/wp-json\/wp\/v2\/media\/2976"}],"wp:attachment":[{"href":"https:\/\/www.spanishfoodguide.com\/de\/wp-json\/wp\/v2\/media?parent=4757"}],"curies":[{"name":"wp","href":"https:\/\/api.w.org\/{rel}","templated":true}]}}