{"id":4746,"date":"2021-08-28T12:20:35","date_gmt":"2021-08-28T12:20:35","guid":{"rendered":"https:\/\/www.spanishfoodguide.com\/?page_id=4746"},"modified":"2026-03-28T14:54:55","modified_gmt":"2026-03-28T14:54:55","slug":"malaga-kulinariktouren","status":"publish","type":"page","link":"https:\/\/www.spanishfoodguide.com\/de\/spanien-kulinariktouren\/malaga-kulinariktouren\/","title":{"rendered":"Beste Malaga Food Touren"},"content":{"rendered":"\n<p><strong><span style=\"color:#ff6600\" class=\"has-inline-color\">Lerne die historische Stadt durch ihre k\u00f6stliche K\u00fcche kennen, indem du diese kulinarischen Touren durch M\u00e1laga buchst, einschlie\u00dflich der Tapas-Touren in M\u00e1laga, die dir einen Vorgeschmack auf die typischen Snacks in Spanien geben.<\/span><\/strong><\/p>\n\n<p>Die Gastronomieszene in M\u00e1laga ist vielf\u00e4ltig. Spanien ist ber\u00fchmt f\u00fcr seine k\u00f6stlichen Tapas.  <\/p>\n\n<p>Den Tapas-Touren in M\u00e1laga kann man kaum widerstehen, denn du h\u00fcpfst von Tapas-Bar zu Tapas-Bar und trinkst zu den Snacks auch noch leckeren spanischen Wein.<\/p>\n\n<p>Das ist auch eines der <a href=\"https:\/\/www.universal-traveller.com\/malaga-city-guide-best-things-to-do-in-malaga-spain\" target=\"_blank\" aria-label=\"best things to do in Malaga (opens in a new tab)\" rel=\"noreferrer noopener\" class=\"rank-math-link\">besten Dinge, die man in M\u00e1laga tun kann<\/a>!<\/p>\n\n<p>Nimm an einer der besten kulinarischen Touren durch M\u00e1laga teil und erlebe die Stadt von ihrer sch\u00f6nsten Seite!<\/p>\n\n<div class=\"wp-block-group quick-answer is-layout-flow wp-block-group-is-layout-flow\" style=\"border-left-color:#65b32e;border-left-width:4px;padding-top:1rem;padding-right:1.5rem;padding-bottom:1rem;padding-left:1.5rem\">\n<p style=\"font-style:normal;font-weight:700\">&#x26a1; Schnelle Antwort<\/p>\n\n\n\n<p>Dieser Leitfaden stellt die besten Food-Touren vor, kuratiert nach Qualit\u00e4t, Preis-Leistung und authentischen Erlebnissen. Wir haben jede Empfehlung pers\u00f6nlich recherchiert.<\/p>\n<\/div>\n\n\n\n<div id=\"ez-toc-container\" class=\"ez-toc-v2_0_82_2 counter-hierarchy ez-toc-counter ez-toc-grey ez-toc-container-direction\">\n<div class=\"ez-toc-title-container\">\n<p class=\"ez-toc-title\" style=\"cursor:inherit\">Table of Contents<\/p>\n<span class=\"ez-toc-title-toggle\"><a href=\"#\" class=\"ez-toc-pull-right ez-toc-btn ez-toc-btn-xs ez-toc-btn-default ez-toc-toggle\" aria-label=\"Toggle Table of Content\"><span class=\"ez-toc-js-icon-con\"><span class=\"\"><span class=\"eztoc-hide\" style=\"display:none;\">Toggle<\/span><span class=\"ez-toc-icon-toggle-span\"><svg style=\"fill: #999;color:#999\" xmlns=\"http:\/\/www.w3.org\/2000\/svg\" class=\"list-377408\" width=\"20px\" height=\"20px\" viewBox=\"0 0 24 24\" fill=\"none\"><path d=\"M6 6H4v2h2V6zm14 0H8v2h12V6zM4 11h2v2H4v-2zm16 0H8v2h12v-2zM4 16h2v2H4v-2zm16 0H8v2h12v-2z\" fill=\"currentColor\"><\/path><\/svg><svg style=\"fill: #999;color:#999\" class=\"arrow-unsorted-368013\" xmlns=\"http:\/\/www.w3.org\/2000\/svg\" width=\"10px\" height=\"10px\" viewBox=\"0 0 24 24\" version=\"1.2\" baseProfile=\"tiny\"><path d=\"M18.2 9.3l-6.2-6.3-6.2 6.3c-.2.2-.3.4-.3.7s.1.5.3.7c.2.2.4.3.7.3h11c.3 0 .5-.1.7-.3.2-.2.3-.5.3-.7s-.1-.5-.3-.7zM5.8 14.7l6.2 6.3 6.2-6.3c.2-.2.3-.5.3-.7s-.1-.5-.3-.7c-.2-.2-.4-.3-.7-.3h-11c-.3 0-.5.1-.7.3-.2.2-.3.5-.3.7s.1.5.3.7z\"\/><\/svg><\/span><\/span><\/span><\/a><\/span><\/div>\n<nav><ul class='ez-toc-list ez-toc-list-level-1 eztoc-toggle-hide-by-default' ><li class='ez-toc-page-1 ez-toc-heading-level-2'><a class=\"ez-toc-link ez-toc-heading-1\" href=\"https:\/\/www.spanishfoodguide.com\/de\/spanien-kulinariktouren\/malaga-kulinariktouren\/#1_Malaga_Food_Tour\" >1. Malaga Food Tour<\/a><\/li><li class='ez-toc-page-1 ez-toc-heading-level-2'><a class=\"ez-toc-link ez-toc-heading-2\" href=\"https:\/\/www.spanishfoodguide.com\/de\/spanien-kulinariktouren\/malaga-kulinariktouren\/#2_Malaga_Foodie_Tour_auf_dem_Atarazanas_Markt\" >2. Malaga Foodie Tour auf dem Atarazanas Markt<\/a><\/li><li class='ez-toc-page-1 ez-toc-heading-level-2'><a class=\"ez-toc-link ez-toc-heading-3\" href=\"https:\/\/www.spanishfoodguide.com\/de\/spanien-kulinariktouren\/malaga-kulinariktouren\/#3_Malaga_Tapas_Crawl\" >3. Malaga Tapas Crawl<\/a><\/li><li class='ez-toc-page-1 ez-toc-heading-level-2'><a class=\"ez-toc-link ez-toc-heading-4\" href=\"https:\/\/www.spanishfoodguide.com\/de\/spanien-kulinariktouren\/malaga-kulinariktouren\/#4_Malaga_3-Stunden_Food_Walking_Tour\" >4. Malaga 3-Stunden Food Walking Tour<\/a><\/li><li class='ez-toc-page-1 ez-toc-heading-level-2'><a class=\"ez-toc-link ez-toc-heading-5\" href=\"https:\/\/www.spanishfoodguide.com\/de\/spanien-kulinariktouren\/malaga-kulinariktouren\/#5_Malaga_Taste-of-Spain_Walking_Food_Tour\" >5. Malaga Taste-of-Spain Walking Food Tour<\/a><\/li><li class='ez-toc-page-1 ez-toc-heading-level-2'><a class=\"ez-toc-link ez-toc-heading-6\" href=\"https:\/\/www.spanishfoodguide.com\/de\/spanien-kulinariktouren\/malaga-kulinariktouren\/#6_Malaga_Lokales_Essen_und_Wein_Gefuehrte_Tour\" >6. Malaga Lokales Essen und Wein Gef\u00fchrte Tour<\/a><\/li><li class='ez-toc-page-1 ez-toc-heading-level-2'><a class=\"ez-toc-link ez-toc-heading-7\" href=\"https:\/\/www.spanishfoodguide.com\/de\/spanien-kulinariktouren\/malaga-kulinariktouren\/#7_Malaga_Tapas_Verkostungstour\" >7. Malaga Tapas Verkostungstour<\/a><\/li><\/ul><\/nav><\/div>\n<h2 class=\"wp-block-heading\"><span class=\"ez-toc-section\" id=\"1_Malaga_Food_Tour\"><\/span>1. Malaga Food Tour<span class=\"ez-toc-section-end\"><\/span><\/h2>\n\n<p>Die Innenstadt von M\u00e1laga wartet darauf, von dir entdeckt zu werden! Genie\u00dfe diese <a aria-label=\" (opens in a new tab)\" class=\"rank-math-link\" href=\"https:\/\/www.getyourguide.com\/mlaga-l402\/malaga-food-tour-t382919\/?partner_id=RJQ408Z&amp;utm_medium=online_publisher&amp;utm_source=universal_traveller&amp;placement=content-top\" target=\"_blank\" rel=\"noreferrer noopener nofollow\">Malaga Food Tour<\/a>, die dich zu vier Restaurants f\u00fchrt, die f\u00fcr ihre lokalen Spezialit\u00e4ten bekannt sind.<\/p>\n\n<p>Komm hungrig, denn du wirst verschiedene spanische Spezialit\u00e4ten probieren &#8211; von herzhaften Vorspeisen bis hin zu s\u00fc\u00dfen Nachspeisen.<\/p>\n\n<p>Viele der Speisen, die du auf dieser dreieinhalbst\u00fcndigen Food Tour genie\u00dfen kannst, sind einfach die besten spanischen Tapas. Lerne die Klassiker wie Tortilla de Patatas, Chorizo de Bellota und Croquetas Caseras kennen.<\/p>\n\n<p>Es ist auch deine Chance, den beliebtesten spanischen Wein zusammen mit anderen Getr\u00e4nken wie Sangria, <a href=\"https:\/\/www.spanishfoodguide.com\/de\/getraenke\/tinto-de-verano-rezept-spanischer-cocktail-mit-rotwein-und-sprite\/\" target=\"_blank\" aria-label=\"tinto de verano (opens in a new tab)\" rel=\"noreferrer noopener\" class=\"rank-math-link\">Tinto de Verano<\/a> und Bier zu trinken.<\/p>\n\n<p><strong>Inbegriffen:<\/strong><\/p>\n\n<ul class=\"wp-block-list\"><li>Essen und Trinken inklusive<\/li><li>Wandertour<\/li><\/ul>\n\n<p class=\"has-text-align-center\"><strong><a aria-label=\"Details und Preise auf GetYourGuide ansehen (opens in a new tab)\" class=\"rank-math-link\" href=\"https:\/\/www.getyourguide.com\/mlaga-l402\/malaga-food-tour-t382919\/?partner_id=RJQ408Z&amp;utm_medium=online_publisher&amp;utm_source=universal_traveller&amp;placement=content-top\" target=\"_blank\" rel=\"noreferrer noopener nofollow\">Details und Preise auf GetYourGuide ansehen<\/a><\/strong><\/p>\n\n<h2 class=\"wp-block-heading\"><span class=\"ez-toc-section\" id=\"2_Malaga_Foodie_Tour_auf_dem_Atarazanas_Markt\"><\/span>2. Malaga Foodie Tour auf dem Atarazanas Markt<span class=\"ez-toc-section-end\"><\/span><\/h2>\n\n<figure class=\"wp-block-image size-full\"><img loading=\"lazy\" decoding=\"async\" width=\"750\" height=\"359\" src=\"https:\/\/www.spanishfoodguide.com\/wp-content\/uploads\/2020\/08\/Best-Malaga-Food-Tours1.jpg\" alt=\"Beste Malaga Food Touren\" class=\"wp-image-1371\" title=\"\" srcset=\"https:\/\/www.spanishfoodguide.com\/wp-content\/uploads\/2020\/08\/Best-Malaga-Food-Tours1.jpg 750w, https:\/\/www.spanishfoodguide.com\/wp-content\/uploads\/2020\/08\/Best-Malaga-Food-Tours1-300x144.jpg 300w\" sizes=\"auto, (max-width: 750px) 100vw, 750px\" \/><figcaption>\u00a9 Spanish Food Guide von Tim Kroeger<\/figcaption><\/figure>\n\n<p>Wenn du den ultimativen gastronomischen Genuss suchst, solltest du an einer <a aria-label=\" (opens in a new tab)\" class=\"rank-math-link\" href=\"https:\/\/www.getyourguide.com\/mlaga-l402\/malaga-foodie-tour-of-atarazanas-market-t373095\/?partner_id=RJQ408Z&amp;utm_medium=online_publisher&amp;utm_source=universal_traveller&amp;placement=content-top\" target=\"_blank\" rel=\"noreferrer noopener nofollow\">Malaga Foodie Tour<\/a> teilnehmen. Bei dieser Aktivit\u00e4t besuchst du die \u00e4lteste Weinkellerei M\u00e1lagas, den Zentralmarkt Atarazanas und traditionelle Ultramarinos.<\/p>\n\n<p>Der Zentralmarkt von Atarazanas ist nicht nur f\u00fcr deinen Magen, sondern auch f\u00fcr deine Augen ein wahrer Genuss. Das Geb\u00e4ude, in dem sich der Markt befindet, war fr\u00fcher eine Werft arabischen Ursprungs.  <\/p>\n\n<p>Wenn du einen traditionellen Lebensmittelladen der Ultramarinos besuchst, kannst du hier ein paar leckere Vorspeisen wie <a aria-label=\"Jamon Iberico (opens in a new tab)\" class=\"rank-math-link\" rel=\"noreferrer noopener\" href=\"https:\/\/www.spanishfoodguide.com\/de\/spanische-zutaten\/spanischer-schinken-alles-ueber-jamon-serrano-und-jamon-iberico\/\" target=\"_blank\">Jamon Iberico<\/a> probieren, gepaart mit einem Glas spanischen Wein oder Wermut.  <\/p>\n\n<p><strong>Inbegriffen:<\/strong><\/p>\n\n<ul class=\"wp-block-list\"><li>Vorspeisen (iberischer Schinken, Salchich\u00f3n, Morcilla, Manchego-K\u00e4se und Oliven)<\/li><li>Wein oder Wermut<\/li><li>Oliven\u00f6l-Verkostung<\/li><\/ul>\n\n<p><strong><a aria-label=\"Details und Preise auf GetYourGuide ansehen (opens in a new tab)\" class=\"rank-math-link\" href=\"https:\/\/www.getyourguide.com\/mlaga-l402\/malaga-foodie-tour-of-atarazanas-market-t373095\/?partner_id=RJQ408Z&amp;utm_medium=online_publisher&amp;utm_source=universal_traveller&amp;placement=content-top\" target=\"_blank\" rel=\"noreferrer noopener nofollow\">Details und Preise auf GetYourGuide ansehen<\/a><\/strong><\/p>\n\n<h2 class=\"wp-block-heading\"><span class=\"ez-toc-section\" id=\"3_Malaga_Tapas_Crawl\"><\/span>3. Malaga Tapas Crawl<span class=\"ez-toc-section-end\"><\/span><\/h2>\n\n<figure class=\"wp-block-image size-full\"><img loading=\"lazy\" decoding=\"async\" width=\"750\" height=\"750\" src=\"https:\/\/www.spanishfoodguide.com\/wp-content\/uploads\/2020\/05\/Gambas-al-Ajillo-Recipe-Spanish-Garlic-Shrimp1.jpg\" alt=\"Gambas al Ajillo in eine kleine Sch&#xFC;ssel geben.\" class=\"wp-image-314\" title=\"\" srcset=\"https:\/\/www.spanishfoodguide.com\/wp-content\/uploads\/2020\/05\/Gambas-al-Ajillo-Recipe-Spanish-Garlic-Shrimp1.jpg 750w, https:\/\/www.spanishfoodguide.com\/wp-content\/uploads\/2020\/05\/Gambas-al-Ajillo-Recipe-Spanish-Garlic-Shrimp1-300x300.jpg 300w, https:\/\/www.spanishfoodguide.com\/wp-content\/uploads\/2020\/05\/Gambas-al-Ajillo-Recipe-Spanish-Garlic-Shrimp1-150x150.jpg 150w, https:\/\/www.spanishfoodguide.com\/wp-content\/uploads\/2020\/05\/Gambas-al-Ajillo-Recipe-Spanish-Garlic-Shrimp1-100x100.jpg 100w, https:\/\/www.spanishfoodguide.com\/wp-content\/uploads\/2020\/05\/Gambas-al-Ajillo-Recipe-Spanish-Garlic-Shrimp1-200x200.jpg 200w, https:\/\/www.spanishfoodguide.com\/wp-content\/uploads\/2020\/05\/Gambas-al-Ajillo-Recipe-Spanish-Garlic-Shrimp1-320x320.jpg 320w, https:\/\/www.spanishfoodguide.com\/wp-content\/uploads\/2020\/05\/Gambas-al-Ajillo-Recipe-Spanish-Garlic-Shrimp1-480x480.jpg 480w, https:\/\/www.spanishfoodguide.com\/wp-content\/uploads\/2020\/05\/Gambas-al-Ajillo-Recipe-Spanish-Garlic-Shrimp1-720x720.jpg 720w, https:\/\/www.spanishfoodguide.com\/wp-content\/uploads\/2020\/05\/Gambas-al-Ajillo-Recipe-Spanish-Garlic-Shrimp1-735x735.jpg 735w\" sizes=\"auto, (max-width: 750px) 100vw, 750px\" \/><figcaption>\u00a9 Spanish Food Guide von Tim Kroeger<\/figcaption><\/figure>\n\n<p>Lass dich von deinem erfahrenen lokalen Guide zu den besten Pl\u00e4tzen f\u00fchren, um die besten <a aria-label=\"Spanish cold tapas (opens in a new tab)\" rel=\"noreferrer noopener\" href=\"https:\/\/www.spanishfoodguide.com\/de\/rezepte\/rezepte-fuer-spanische-kalte-tapas\/\" target=\"_blank\" class=\"rank-math-link\">kalten spanischen Tapas<\/a> und andere Tapas-Grundnahrungsmittel auf dieser <a href=\"https:\/\/www.getyourguide.com\/mlaga-l402\/malaga-tapas-crawl-t345196\/?partner_id=RJQ408Z&amp;utm_medium=online_publisher&amp;utm_source=universal_traveller&amp;placement=content-top\" target=\"_blank\" aria-label=\"ultimate Malaga Tapas Crawl (opens in a new tab)\" rel=\"noreferrer noopener nofollow\" class=\"rank-math-link\">ultimativen Malaga Tapas Crawl<\/a> zu probieren.<\/p>\n\n<p>Drei Stunden lang wird dein Appetit mit Andalusiens beliebten Tapas gestillt, w\u00e4hrend du von einer Tapas-Bar zur n\u00e4chsten gehst. Auf deinem Reiseplan stehen f\u00fcnf lokale Bars und etwa zehn bis zw\u00f6lf verschiedene Sorten spanischer Tapas auf deinem Degustationsmen\u00fc.<\/p>\n\n<p>Wenn du eine der Tapas-Touren in M\u00e1laga buchst, erf\u00e4hrst du mehr \u00fcber die Esskultur und die reiche Geschichte der Stadt.<\/p>\n\n<p><strong>Inbegriffen:<\/strong><\/p>\n\n<ul class=\"wp-block-list\"><li>10-12 Portionen Tapas<\/li><li>Lokaler F\u00fchrer<\/li><li>4-5 Getr\u00e4nke<\/li><li>Dessert<\/li><\/ul>\n\n<p><strong><a aria-label=\"Details und Preise auf GetYourGuide ansehen (opens in a new tab)\" class=\"rank-math-link\" href=\"https:\/\/www.getyourguide.com\/mlaga-l402\/malaga-tapas-crawl-t345196\/?partner_id=RJQ408Z&amp;utm_medium=online_publisher&amp;utm_source=universal_traveller&amp;placement=content-top\" target=\"_blank\" rel=\"noreferrer noopener nofollow\">Details und Preise auf GetYourGuide ansehen<\/a><\/strong><\/p>\n\n<h2 class=\"wp-block-heading\"><span class=\"ez-toc-section\" id=\"4_Malaga_3-Stunden_Food_Walking_Tour\"><\/span>4. Malaga 3-Stunden Food Walking Tour<span class=\"ez-toc-section-end\"><\/span><\/h2>\n\n<p>Stunden, die du mit gutem Essen verbringst, sind gut investierte Stunden! Nimm an der <a aria-label=\" (opens in a new tab)\" class=\"rank-math-link\" href=\"https:\/\/www.getyourguide.com\/mlaga-l402\/malaga-3-hours-gourmet-walking-tour-t33779\/?partner_id=RJQ408Z&amp;utm_medium=online_publisher&amp;utm_source=universal_traveller&amp;placement=content-top\" target=\"_blank\" rel=\"noreferrer noopener nofollow\">3-st\u00fcndigen Food Walking Tour durch M\u00e1laga<\/a> teil, die dich zu den authentischsten Essenspl\u00e4tzen der Stadt f\u00fchrt.<\/p>\n\n<p>Erkunde den lokalen Markt in M\u00e1laga und erhalte einen Einblick in den Alltag der Einwohner &#8211; und in ihre Eink\u00e4ufe -.  <\/p>\n\n<p>Wie w\u00e4re es mit Schokolade zum Fr\u00fchst\u00fcck? Es wird dich begeistern, dass ein traditionelles <a href=\"https:\/\/www.spanishfoodguide.com\/de\/fruehstueck\/spanisches-fruehstuck-rezepte\/\" target=\"_blank\" aria-label=\"Spanish breakfast (opens in a new tab)\" rel=\"noreferrer noopener\" class=\"rank-math-link\">spanisches Fr\u00fchst\u00fcck<\/a> mit Schokolade und Churros Teil deiner Malaga Food Tour ist.<\/p>\n\n<p>Danach kannst du dir von deinem erfahrenen lokalen Guide die historischen Orte in der Nachbarschaft zeigen lassen. Die maurische Festung und das r\u00f6mische Amphitheater sind nur einige der Sehensw\u00fcrdigkeiten, die du besuchen wirst.<\/p>\n\n<p><strong>Inbegriffen:<\/strong><\/p>\n\n<ul class=\"wp-block-list\"><li>Spaziergang mit einem lizenzierten Reiseleiter<\/li><li>Fr\u00fchst\u00fcck mit traditioneller Schokolade und Churros (typisch spanisches Fr\u00fchst\u00fcck)<\/li><li>Verkostungen an Marktst\u00e4nden<\/li><li>Verkostung von iberischem Schinken und Manchego-K\u00e4se bester Qualit\u00e4t<\/li><li>Frisches Obst der Saison<\/li><li>Typisches lokales Eis aus Turr\u00f3n (ger\u00f6stete Mandeln, Zimt und Honig)<\/li><\/ul>\n\n<p><strong><a aria-label=\"Details und Preise auf GetYourGuide ansehen (opens in a new tab)\" class=\"rank-math-link\" href=\"https:\/\/www.getyourguide.com\/mlaga-l402\/malaga-3-hours-gourmet-walking-tour-t33779\/?partner_id=RJQ408Z&amp;utm_medium=online_publisher&amp;utm_source=universal_traveller&amp;placement=content-top\" target=\"_blank\" rel=\"noreferrer noopener nofollow\">Details und Preise auf GetYourGuide ansehen<\/a><\/strong><\/p>\n\n<h2 class=\"wp-block-heading\"><span class=\"ez-toc-section\" id=\"5_Malaga_Taste-of-Spain_Walking_Food_Tour\"><\/span>5. Malaga Taste-of-Spain Walking Food Tour<span class=\"ez-toc-section-end\"><\/span><\/h2>\n\n<figure class=\"wp-block-image size-full\"><img loading=\"lazy\" decoding=\"async\" width=\"750\" height=\"1569\" src=\"https:\/\/www.spanishfoodguide.com\/wp-content\/uploads\/2020\/08\/Best-Malaga-Food-Tours3.jpg\" alt=\"Beste Malaga Food Touren\" class=\"wp-image-1377\" title=\"\" srcset=\"https:\/\/www.spanishfoodguide.com\/wp-content\/uploads\/2020\/08\/Best-Malaga-Food-Tours3.jpg 750w, https:\/\/www.spanishfoodguide.com\/wp-content\/uploads\/2020\/08\/Best-Malaga-Food-Tours3-143x300.jpg 143w, https:\/\/www.spanishfoodguide.com\/wp-content\/uploads\/2020\/08\/Best-Malaga-Food-Tours3-489x1024.jpg 489w, https:\/\/www.spanishfoodguide.com\/wp-content\/uploads\/2020\/08\/Best-Malaga-Food-Tours3-734x1536.jpg 734w\" sizes=\"auto, (max-width: 750px) 100vw, 750px\" \/><figcaption>\u00a9 Spanish Food Guide von Tim Kroeger<\/figcaption><\/figure>\n\n<p>Die <a href=\"https:\/\/www.getyourguide.com\/mlaga-l402\/malaga-taste-of-spain-walking-food-tour-t364680\/?partner_id=RJQ408Z&amp;utm_medium=online_publisher&amp;utm_source=universal_traveller&amp;placement=content-top\" target=\"_blank\" aria-label=\" (opens in a new tab)\" rel=\"noreferrer noopener nofollow\" class=\"rank-math-link\">Malaga Taste-of-Spain Walking Food Tour <\/a>ist eine der besten Malaga Food Touren, die du buchen kannst.<\/p>\n\n<p>Du kannst nicht nur die traditionellen Gerichte probieren, die es in jedem Haushalt Malagas gibt, sondern auch die Wahrzeichen der Stadt sehen.<\/p>\n\n<p>Sei bereit, einige der authentischsten spanischen Tapas zu probieren, die du je gegessen hast. Wenn du dich fleischlos ern\u00e4hrst, brauchst du dich keine Sorgen zu machen, denn in M\u00e1laga gibt es viele <a aria-label=\"Spanish vegetarian tapas (opens in a new tab)\" href=\"https:\/\/www.spanishfoodguide.com\/de\/rezepte\/spanische-vegetarische-tapas-rezepte\/\" target=\"_blank\" rel=\"noreferrer noopener\" class=\"rank-math-link\">vegetarische spanische Tapas<\/a>, die du probieren kannst.<\/p>\n\n<p>Die K\u00fcche und Kultur Spaniens und M\u00e1lagas sind eng miteinander verbunden, so dass es unm\u00f6glich ist, das eine zu erkunden und das andere nicht.<\/p>\n\n<p><strong>Inbegriffen:<\/strong><\/p>\n\n<ul class=\"wp-block-list\"><li>Volles Mittagessen<\/li><li>14 verschiedene Tapas<\/li><li>Getr\u00e4nke<\/li><\/ul>\n\n<p><strong><a aria-label=\"Details und Preise auf GetYourGuide ansehen (opens in a new tab)\" class=\"rank-math-link\" href=\"https:\/\/www.getyourguide.com\/mlaga-l402\/malaga-taste-of-spain-walking-food-tour-t364680\/?partner_id=RJQ408Z&amp;utm_medium=online_publisher&amp;utm_source=universal_traveller&amp;placement=content-top\" target=\"_blank\" rel=\"noreferrer noopener nofollow\">Details und Preise auf GetYourGuide ansehen<\/a><\/strong><\/p>\n\n<h2 class=\"wp-block-heading\"><span class=\"ez-toc-section\" id=\"6_Malaga_Lokales_Essen_und_Wein_Gefuehrte_Tour\"><\/span>6. Malaga Lokales Essen und Wein Gef\u00fchrte Tour<span class=\"ez-toc-section-end\"><\/span><\/h2>\n\n<figure class=\"wp-block-image size-full\"><img loading=\"lazy\" decoding=\"async\" width=\"750\" height=\"750\" src=\"https:\/\/www.spanishfoodguide.com\/wp-content\/uploads\/2020\/08\/Best-Malaga-Food-Tours-01.jpg\" alt=\"Beste Malaga Essen Touren-01\" class=\"wp-image-1368\" title=\"\" srcset=\"https:\/\/www.spanishfoodguide.com\/wp-content\/uploads\/2020\/08\/Best-Malaga-Food-Tours-01.jpg 750w, https:\/\/www.spanishfoodguide.com\/wp-content\/uploads\/2020\/08\/Best-Malaga-Food-Tours-01-300x300.jpg 300w, https:\/\/www.spanishfoodguide.com\/wp-content\/uploads\/2020\/08\/Best-Malaga-Food-Tours-01-150x150.jpg 150w, https:\/\/www.spanishfoodguide.com\/wp-content\/uploads\/2020\/08\/Best-Malaga-Food-Tours-01-100x100.jpg 100w\" sizes=\"auto, (max-width: 750px) 100vw, 750px\" \/><figcaption>\u00a9 Spanish Food Guide von Tim Kroeger<\/figcaption><\/figure>\n\n<p>Tapas-Touren in M\u00e1laga sind nachts etwas ganz Besonderes! Nimm an der <a aria-label=\" (opens in a new tab)\" class=\"rank-math-link\" href=\"https:\/\/www.getyourguide.com\/mlaga-l402\/malaga-local-food-and-wine-guided-tour-t364675\/?partner_id=RJQ408Z&amp;utm_medium=online_publisher&amp;utm_source=universal_traveller&amp;placement=content-top\" target=\"_blank\" rel=\"noreferrer noopener nofollow\">Malaga Local Food and Wine Guided Tour<\/a> teil, die kurz nach Sonnenuntergang beginnt.<\/p>\n\n<p>Triff deinen erfahrenen Reiseleiter und erlebe, wie die ganze Stadt f\u00fcr den Abend erleuchtet wird. Springe von einer Bar und einem Restaurant zum n\u00e4chsten, um einige der besten und authentischen spanischen Gerichte zu probieren.<\/p>\n\n<p>Was passt gut zur traditionellen spanischen K\u00fcche? Gute lokale Getr\u00e4nke und Wein nat\u00fcrlich. Probiere auf dieser dreist\u00fcndigen Food Tour nur die besten Mischungen.<\/p>\n\n<p><strong>Inbegriffen:<\/strong><\/p>\n\n<ul class=\"wp-block-list\"><li>Essen und Trinken<\/li><\/ul>\n\n<p><strong><a aria-label=\"Details und Preise auf GetYourGuide ansehen (opens in a new tab)\" class=\"rank-math-link\" href=\"https:\/\/www.getyourguide.com\/mlaga-l402\/malaga-local-food-and-wine-guided-tour-t364675\/?partner_id=RJQ408Z&amp;utm_medium=online_publisher&amp;utm_source=universal_traveller&amp;placement=content-top\" target=\"_blank\" rel=\"noreferrer noopener nofollow\">Details und Preise auf GetYourGuide ansehen<\/a><\/strong><\/p>\n\n<h2 class=\"wp-block-heading\"><span class=\"ez-toc-section\" id=\"7_Malaga_Tapas_Verkostungstour\"><\/span>7. Malaga Tapas Verkostungstour<span class=\"ez-toc-section-end\"><\/span><\/h2>\n\n<figure class=\"wp-block-image size-full\"><img loading=\"lazy\" decoding=\"async\" width=\"750\" height=\"1569\" src=\"https:\/\/www.spanishfoodguide.com\/wp-content\/uploads\/2020\/08\/Best-Malaga-Food-Tours2.jpg\" alt=\"Beste Malaga Essen Touren-01\" class=\"wp-image-1374\" title=\"\" srcset=\"https:\/\/www.spanishfoodguide.com\/wp-content\/uploads\/2020\/08\/Best-Malaga-Food-Tours2.jpg 750w, https:\/\/www.spanishfoodguide.com\/wp-content\/uploads\/2020\/08\/Best-Malaga-Food-Tours2-143x300.jpg 143w, https:\/\/www.spanishfoodguide.com\/wp-content\/uploads\/2020\/08\/Best-Malaga-Food-Tours2-489x1024.jpg 489w, https:\/\/www.spanishfoodguide.com\/wp-content\/uploads\/2020\/08\/Best-Malaga-Food-Tours2-734x1536.jpg 734w\" sizes=\"auto, (max-width: 750px) 100vw, 750px\" \/><figcaption>\u00a9 Spanish Food Guide von Tim Kroeger<\/figcaption><\/figure>\n\n<p>Diese <a href=\"https:\/\/www.getyourguide.com\/mlaga-l402\/malaga-tapas-tour-t56013\/?partner_id=RJQ408Z&amp;utm_medium=online_publisher&amp;utm_source=universal_traveller&amp;placement=content-top\" target=\"_blank\" aria-label=\" (opens in a new tab)\" rel=\"noreferrer noopener nofollow\" class=\"rank-math-link\">Malaga Tapas Tasting Tour<\/a> ist eine der Malaga Food Touren, die du buchen solltest, wenn du etwas abseits der \u00fcblichen Touristenstr\u00f6me erleben m\u00f6chtest.<\/p>\n\n<p>Dreieinhalb Stunden lang wird deine kleine Gruppe von einem erfahrenen Reiseleiter gef\u00fchrt, der dich zum Mercado Central de Atarazanas und dar\u00fcber hinaus bringt.<\/p>\n\n<p>Sieben Tapas aus vier Tapas-Stationen warten auf dich, w\u00e4hrend du die Altstadt erkundest. W\u00e4hrend du einige der besten Snacks probierst, die M\u00e1laga zu bieten hat, erf\u00e4hrst du mehr \u00fcber die Geschichte der Stadt.<\/p>\n\n<p><strong><strong>Inklusive<\/strong>:<\/strong><\/p>\n\n<ul class=\"wp-block-list\"><li>Besuch des Atarazanas-Marktes<\/li><li>7 Verkostungen<\/li><li>4 Getr\u00e4nke (Rot- oder Wei\u00dfwein, Bier oder Softdrink)<\/li><li>Verkostung von iberischem Schinken<\/li><\/ul>\n\n<p><strong><a aria-label=\"Details und Preise auf GetYourGuide ansehen (opens in a new tab)\" class=\"rank-math-link\" href=\"https:\/\/www.getyourguide.com\/mlaga-l402\/malaga-tapas-tour-t56013\/?partner_id=RJQ408Z&amp;utm_medium=online_publisher&amp;utm_source=universal_traveller&amp;placement=content-top\" target=\"_blank\" rel=\"noreferrer noopener nofollow\">Details und Preise auf GetYourGuide ansehen<\/a><\/strong><\/p>\n","protected":false},"excerpt":{"rendered":"<p>Lerne die historische Stadt durch ihre k\u00f6stliche K\u00fcche kennen, indem du diese kulinarischen Touren durch M\u00e1laga buchst, einschlie\u00dflich der Tapas-Touren in M\u00e1laga, die dir einen Vorgeschmack auf die typischen Snacks in Spanien geben. Die Gastronomieszene in M\u00e1laga ist vielf\u00e4ltig. Spanien ist ber\u00fchmt f\u00fcr seine k\u00f6stlichen Tapas. Den Tapas-Touren in M\u00e1laga kann man kaum widerstehen, denn&#8230;<\/p>\n","protected":false},"author":1,"featured_media":1371,"parent":4757,"menu_order":0,"comment_status":"closed","ping_status":"closed","template":"","meta":{"_acf_changed":false,"disable-jtr":false,"_kad_post_transparent":"","_kad_post_title":"","_kad_post_layout":"","_kad_post_sidebar_id":"","_kad_post_content_style":"","_kad_post_vertical_padding":"","_kad_post_feature":"","_kad_post_feature_position":"","_kad_post_header":false,"_kad_post_footer":false,"_kad_post_classname":"","footnotes":""},"class_list":["post-4746","page","type-page","status-publish","has-post-thumbnail","hentry"],"acf":[],"_links":{"self":[{"href":"https:\/\/www.spanishfoodguide.com\/de\/wp-json\/wp\/v2\/pages\/4746","targetHints":{"allow":["GET"]}}],"collection":[{"href":"https:\/\/www.spanishfoodguide.com\/de\/wp-json\/wp\/v2\/pages"}],"about":[{"href":"https:\/\/www.spanishfoodguide.com\/de\/wp-json\/wp\/v2\/types\/page"}],"author":[{"embeddable":true,"href":"https:\/\/www.spanishfoodguide.com\/de\/wp-json\/wp\/v2\/users\/1"}],"replies":[{"embeddable":true,"href":"https:\/\/www.spanishfoodguide.com\/de\/wp-json\/wp\/v2\/comments?post=4746"}],"version-history":[{"count":13,"href":"https:\/\/www.spanishfoodguide.com\/de\/wp-json\/wp\/v2\/pages\/4746\/revisions"}],"predecessor-version":[{"id":11667,"href":"https:\/\/www.spanishfoodguide.com\/de\/wp-json\/wp\/v2\/pages\/4746\/revisions\/11667"}],"up":[{"embeddable":true,"href":"https:\/\/www.spanishfoodguide.com\/de\/wp-json\/wp\/v2\/pages\/4757"}],"wp:featuredmedia":[{"embeddable":true,"href":"https:\/\/www.spanishfoodguide.com\/de\/wp-json\/wp\/v2\/media\/1371"}],"wp:attachment":[{"href":"https:\/\/www.spanishfoodguide.com\/de\/wp-json\/wp\/v2\/media?parent=4746"}],"curies":[{"name":"wp","href":"https:\/\/api.w.org\/{rel}","templated":true}]}}