{"id":235,"date":"2020-05-14T21:53:42","date_gmt":"2020-05-14T21:53:42","guid":{"rendered":"https:\/\/www.spanishfoodguide.com\/?page_id=235"},"modified":"2026-03-28T13:54:33","modified_gmt":"2026-03-28T13:54:33","slug":"about","status":"publish","type":"page","link":"https:\/\/www.spanishfoodguide.com\/de\/about\/","title":{"rendered":"\u00dcber den Spanish Food Guide"},"content":{"rendered":"\n<div class=\"wp-block-group has-background is-layout-constrained wp-container-core-group-is-layout-ca0eebd3 wp-block-group-is-layout-constrained\" style=\"border-radius:12px;background-color:#fff7ed;padding-top:40px;padding-right:24px;padding-bottom:40px;padding-left:24px\">\n<h2 class=\"wp-block-heading has-text-align-center\" style=\"font-size:28px\">Unsere Mission<\/h2>\n\n\n\n<p class=\"has-text-align-center\" style=\"font-size:18px\">Spanish Food Guide macht authentische spanische K\u00fcche f\u00fcr Hobbyk\u00f6che weltweit zug\u00e4nglich. Gegr\u00fcndet im Jahr 2020, ver\u00f6ffentlichen wir getestete Rezepte, ausf\u00fchrliche Zutatenleitf\u00e4den und kuratierte Food-Tour-Empfehlungen \u2014 alles erstellt von einem Team mit tiefen Wurzeln in Spaniens kulinarischen Traditionen.<\/p>\n<\/div>\n\n\n\n<div style=\"height:40px\" aria-hidden=\"true\" class=\"wp-block-spacer\"><\/div>\n\n\n\n<div class=\"wp-block-group has-border-color has-background is-layout-constrained wp-container-core-group-is-layout-14734b6c wp-block-group-is-layout-constrained\" style=\"border-color:#e5e7eb;border-width:1px;border-radius:12px;background-color:#ffffff;padding-top:32px;padding-right:24px;padding-bottom:32px;padding-left:24px\">\n<h2 class=\"wp-block-heading has-text-align-center\" style=\"font-size:28px\">Warum Spanish Food Guide vertrauen?<\/h2>\n\n\n\n<div class=\"wp-block-columns is-layout-flex wp-container-core-columns-is-layout-d90f3ace wp-block-columns-is-layout-flex\">\n<div class=\"wp-block-column is-layout-flow wp-block-column-is-layout-flow\" style=\"padding-top:16px;padding-bottom:16px\">\n<p class=\"has-text-align-center has-text-color\" style=\"color:#ea580c;font-size:36px;font-weight:700\">90+<\/p>\n\n\n\n<p class=\"has-text-align-center has-text-color\" style=\"color:#6b7280;font-size:14px\">Getestete Rezepte ver\u00f6ffentlicht<\/p>\n<\/div>\n\n\n\n<div class=\"wp-block-column is-layout-flow wp-block-column-is-layout-flow\" style=\"padding-top:16px;padding-bottom:16px\">\n<p class=\"has-text-align-center has-text-color\" style=\"color:#ea580c;font-size:36px;font-weight:700\">9<\/p>\n\n\n\n<p class=\"has-text-align-center has-text-color\" style=\"color:#6b7280;font-size:14px\">Verf\u00fcgbare Sprachen<\/p>\n<\/div>\n\n\n\n<div class=\"wp-block-column is-layout-flow wp-block-column-is-layout-flow\" style=\"padding-top:16px;padding-bottom:16px\">\n<p class=\"has-text-align-center has-text-color\" style=\"color:#ea580c;font-size:36px;font-weight:700\">5+<\/p>\n\n\n\n<p class=\"has-text-align-center has-text-color\" style=\"color:#6b7280;font-size:14px\">Jahre spanische K\u00fcche<\/p>\n<\/div>\n\n\n\n<div class=\"wp-block-column is-layout-flow wp-block-column-is-layout-flow\" style=\"padding-top:16px;padding-bottom:16px\">\n<p class=\"has-text-align-center has-text-color\" style=\"color:#ea580c;font-size:36px;font-weight:700\">17<\/p>\n\n\n\n<p class=\"has-text-align-center has-text-color\" style=\"color:#6b7280;font-size:14px\">Spanische Regionen erkundet<\/p>\n<\/div>\n<\/div>\n<\/div>\n\n\n\n<div style=\"height:40px\" aria-hidden=\"true\" class=\"wp-block-spacer\"><\/div>\n\n\n\n<h2 class=\"wp-block-heading has-text-align-center\" style=\"font-size:28px\">Unser Team<\/h2>\n\n\n\n<p class=\"has-text-align-center has-text-color\" style=\"color:#6b7280\">Jedes Rezept wird von unserem Team kulinarischer Fachleute mit direkter Erfahrung in der spanischen Esskultur entwickelt, getestet und \u00fcberpr\u00fcft.<\/p>\n\n\n\n<div style=\"height:24px\" aria-hidden=\"true\" class=\"wp-block-spacer\"><\/div>\n\n\n\n<div class=\"wp-block-group has-border-color has-background is-layout-constrained wp-container-core-group-is-layout-14734b6c wp-block-group-is-layout-constrained\" style=\"border-color:#e5e7eb;border-width:1px;border-radius:12px;background-color:#ffffff;padding-top:32px;padding-right:24px;padding-bottom:32px;padding-left:24px\">\n<div class=\"wp-block-columns is-layout-flex wp-container-core-columns-is-layout-9d6595d7 wp-block-columns-is-layout-flex\">\n<div class=\"wp-block-column is-layout-flow wp-block-column-is-layout-flow\" style=\"flex-basis:30%\">\n<figure class=\"wp-block-image aligncenter size-medium is-style-rounded\"><img decoding=\"async\" src=\"https:\/\/www.spanishfoodguide.com\/wp-content\/uploads\/2021\/01\/Tim_Kroeger_Founder.jpg\" alt=\"Tim Kroeger - Gr\u00fcnder &amp; Spezialist f\u00fcr kulinarische Reisen in Spanien\" title=\"\"><\/figure>\n<\/div>\n\n\n\n<div class=\"wp-block-column is-layout-flow wp-block-column-is-layout-flow\" style=\"flex-basis:70%\">\n<h3 class=\"wp-block-heading has-text-color\" style=\"color:#ea580c;font-size:22px\">Tim Kroeger<\/h3>\n\n\n\n<p class=\"has-text-color\" style=\"color:#6b7280;font-size:14px;font-weight:600\"><p style=\"color:#6b7280;font-size:14px;font-weight:600\">Gr\u00fcnder &amp; Spezialist f\u00fcr kulinarische Reisen in Spanien<\/p><\/p>\n\n\n\n<p>Tim Kroeger ist der Gr\u00fcnder von Spanish Food Guide und hat Spaniens Esskultur in seinen vielf\u00e4ltigen Regionen erkundet \u2014 von Pintxos-Bars im Baskenland bis zu Tapas-Touren in Andalusien. Er gr\u00fcndete Spanish Food Guide im Jahr 2020, um authentische spanische Rezepte f\u00fcr Hobbyk\u00f6che weltweit zug\u00e4nglich zu machen.<\/p>\n\n\n\n<p>Tim kuratiert pers\u00f6nlich die Food-Tour-Empfehlungen der Website basierend auf eigenen Erfahrungen und leitet die redaktionelle Ausrichtung aller ver\u00f6ffentlichten Inhalte. Er ist auch der Gr\u00fcnder von Universal Traveller und ein Spezialist f\u00fcr Luxus-Wellness-Reisen mit Sitz in Bangkok.<\/p>\n<\/div>\n<\/div>\n<\/div>\n\n\n\n<div style=\"height:24px\" aria-hidden=\"true\" class=\"wp-block-spacer\"><\/div>\n\n\n\n<div class=\"wp-block-group has-border-color has-background is-layout-constrained wp-container-core-group-is-layout-14734b6c wp-block-group-is-layout-constrained\" style=\"border-color:#e5e7eb;border-width:1px;border-radius:12px;background-color:#ffffff;padding-top:32px;padding-right:24px;padding-bottom:32px;padding-left:24px\">\n<div class=\"wp-block-columns is-layout-flex wp-container-core-columns-is-layout-9d6595d7 wp-block-columns-is-layout-flex\">\n<div class=\"wp-block-column is-layout-flow wp-block-column-is-layout-flow\" style=\"flex-basis:30%\">\n<figure class=\"wp-block-image aligncenter size-medium is-style-rounded\"><img decoding=\"async\" src=\"https:\/\/www.spanishfoodguide.com\/wp-content\/uploads\/2021\/01\/Maria_Mora_Food_Journalist.jpg\" alt=\"Maria A. Mora - Food-Journalistin &amp; Rezeptredakteurin | Abschluss in Journalismus\" title=\"\"><\/figure>\n<\/div>\n\n\n\n<div class=\"wp-block-column is-layout-flow wp-block-column-is-layout-flow\" style=\"flex-basis:70%\">\n<h3 class=\"wp-block-heading has-text-color\" style=\"color:#ea580c;font-size:22px\">Maria A. Mora<\/h3>\n\n\n\n<p class=\"has-text-color\" style=\"color:#6b7280;font-size:14px;font-weight:600\"><p style=\"color:#6b7280;font-size:14px;font-weight:600\">Food-Journalistin &amp; Rezeptredakteurin | Abschluss in Journalismus<\/p><\/p>\n\n\n\n<p>Maria A. Mora ist eine Food-Journalistin mit einem Abschluss in Journalismus, die sich auf spanische kulinarische Traditionen, regionale Zutaten und Kochtechniken f\u00fcr zu Hause spezialisiert hat. Sie ist Rezeptredakteurin bei Spanish Food Guide und \u00fcberpr\u00fcft die Genauigkeit und kulturelle Authentizit\u00e4t aller ver\u00f6ffentlichten Rezepte.<\/p>\n\n\n\n<p>Marias Expertise stellt sicher, dass jedes Rezept auf der Website echte spanische Kochmethoden und Geschmacksprofile widerspiegelt \u2014 basierend auf ihrem umfassenden Wissen \u00fcber regionale K\u00fcche von Galicien bis zu den Kanarischen Inseln.<\/p>\n<\/div>\n<\/div>\n<\/div>\n\n\n\n<div style=\"height:24px\" aria-hidden=\"true\" class=\"wp-block-spacer\"><\/div>\n\n\n\n<div class=\"wp-block-group has-border-color has-background is-layout-constrained wp-container-core-group-is-layout-14734b6c wp-block-group-is-layout-constrained\" style=\"border-color:#e5e7eb;border-width:1px;border-radius:12px;background-color:#ffffff;padding-top:32px;padding-right:24px;padding-bottom:32px;padding-left:24px\">\n<div class=\"wp-block-columns is-layout-flex wp-container-core-columns-is-layout-9d6595d7 wp-block-columns-is-layout-flex\">\n<div class=\"wp-block-column is-layout-flow wp-block-column-is-layout-flow\" style=\"flex-basis:30%\">\n<figure class=\"wp-block-image aligncenter size-medium is-style-rounded\"><img decoding=\"async\" src=\"https:\/\/www.spanishfoodguide.com\/wp-content\/uploads\/2021\/01\/Universal-Traveller-Food-Expert-Pauline-Joie.jpg\" alt=\"Pauline Joie - Kulinarische Autorin &amp; Rezeptentwicklerin | Abschluss in Tourismus\" title=\"\"><\/figure>\n<\/div>\n\n\n\n<div class=\"wp-block-column is-layout-flow wp-block-column-is-layout-flow\" style=\"flex-basis:70%\">\n<h3 class=\"wp-block-heading has-text-color\" style=\"color:#ea580c;font-size:22px\">Pauline Joie<\/h3>\n\n\n\n<p class=\"has-text-color\" style=\"color:#6b7280;font-size:14px;font-weight:600\"><p style=\"color:#6b7280;font-size:14px;font-weight:600\">Kulinarische Autorin &amp; Rezeptentwicklerin | Abschluss in Tourismus<\/p><\/p>\n\n\n\n<p>Pauline Joie ist kulinarische Autorin und Rezeptentwicklerin mit einem Abschluss in Tourismus. Sie entwickelt und testet Rezepte f\u00fcr Spanish Food Guide und konzentriert sich darauf, traditionelle spanische Gerichte f\u00fcr internationale Hobbyk\u00f6che zug\u00e4nglich zu machen.<\/p>\n\n\n\n<p>Pauline bringt eine globale Perspektive in die spanische K\u00fcche ein und passt traditionelle Techniken f\u00fcr K\u00fcchen auf der ganzen Welt an \u2014 dabei bewahrt sie die authentischen Aromen, die jedes Gericht besonders machen.<\/p>\n<\/div>\n<\/div>\n<\/div>\n\n\n\n<div style=\"height:40px\" aria-hidden=\"true\" class=\"wp-block-spacer\"><\/div>\n\n\n\n<div class=\"wp-block-group has-background is-layout-constrained wp-container-core-group-is-layout-14734b6c wp-block-group-is-layout-constrained\" style=\"border-left-color:#ea580c;border-left-width:4px;border-radius:12px;background-color:#fff7ed;padding-top:32px;padding-right:24px;padding-bottom:32px;padding-left:24px\">\n\n<h2 class=\"wp-block-heading\" style=\"font-size:24px\">Unsere redaktionellen Standards<\/h2>\n\n\n<p>Wir halten jeden Inhalt auf Spanish Food Guide an hohe redaktionelle Standards. So arbeiten wir:<\/p>\n\n\n<p><strong>Rezeptentwicklung &amp; Tests.<\/strong> Jedes Rezept wird von unserem K\u00fcchenteam entwickelt, auf Genauigkeit getestet und vor der Ver\u00f6ffentlichung von unserer Rezeptredakteurin \u00fcberpr\u00fcft. Wir verwenden pr\u00e4zise Mengenangaben, klare Schritt-f\u00fcr-Schritt-Anleitungen und Tipps aus echter Kocherfahrung.<\/p>\n\n\n<p><strong>Kulturelle Authentizit\u00e4t.<\/strong> Unser Team hat direkte Erfahrung mit der spanischen Esskultur in verschiedenen Regionen. Wir konsultieren traditionelle Quellen und lokales kulinarisches Wissen, um sicherzustellen, dass unsere Inhalte die Vielfalt der spanischen K\u00fcche genau widerspiegeln.<\/p>\n\n\n<p><strong>Food-Tour-Empfehlungen.<\/strong> Unsere Food-Tour-Guides basieren auf pers\u00f6nlicher Recherche und eigenen Besuchen. Wir bewerten Touren nach Qualit\u00e4t, Preis-Leistung und Authentizit\u00e4t, bevor wir sie unseren Lesern empfehlen.<\/p>\n\n\n<p><strong>Transparenz.<\/strong> Einige Links auf Spanish Food Guide sind Affiliate-Links. Das bedeutet, wir erhalten m\u00f6glicherweise eine kleine Provision, wenn du \u00fcber diese buchst. Dies beeinflusst niemals unsere Empfehlungen. Weitere Details findest du in unserem <a href=\"\/de\/affiliate-disclaimer\/\">Affiliate-Haftungsausschluss<\/a>.<\/p>\n\n<\/div>\n\n\n\n<div style=\"height:40px\" aria-hidden=\"true\" class=\"wp-block-spacer\"><\/div>\n\n\n\n<div class=\"wp-block-group has-border-color has-background is-layout-constrained wp-container-core-group-is-layout-14734b6c wp-block-group-is-layout-constrained\" style=\"border-color:#bbf7d0;border-width:1px;border-radius:12px;background-color:#f0fdf4;padding-top:32px;padding-right:24px;padding-bottom:32px;padding-left:24px\">\n\n<h2 class=\"wp-block-heading has-text-align-center\" style=\"font-size:24px\">Kontakt<\/h2>\n\n\n<p class=\"has-text-align-center\">Hast du eine Frage zu einem Rezept, m\u00f6chtest du ein Thema vorschlagen oder bist du an einer Zusammenarbeit interessiert? Wir freuen uns, von dir zu h\u00f6ren.<\/p>\n\n\n<div class=\"wp-block-buttons is-content-justification-center is-layout-flex wp-container-core-buttons-is-layout-16018d1d wp-block-buttons-is-layout-flex\">\n\n<div class=\"wp-block-button\"><a class=\"wp-block-button__link has-vivid-green-cyan-background-color has-background wp-element-button\" href=\"\/de\/contacto\/\" style=\"border-radius:8px\">Kontaktiere uns<\/a><\/div>\n\n\n<div class=\"wp-block-button is-style-outline is-style-outline--1\"><a class=\"wp-block-button__link wp-element-button\" href=\"\/de\/work-with-us\/\" style=\"border-radius:8px\">Zusammenarbeit<\/a><\/div>\n\n<\/div>\n\n<\/div>\n","protected":false},"excerpt":{"rendered":"<p>Unsere Mission Spanish Food Guide macht authentische spanische K\u00fcche f\u00fcr Hobbyk\u00f6che weltweit zug\u00e4nglich. Gegr\u00fcndet im Jahr 2020, ver\u00f6ffentlichen wir getestete Rezepte, ausf\u00fchrliche Zutatenleitf\u00e4den und kuratierte Food-Tour-Empfehlungen \u2014 alles erstellt von einem Team mit tiefen Wurzeln in Spaniens kulinarischen Traditionen. Warum Spanish Food Guide vertrauen? 90+ Getestete Rezepte ver\u00f6ffentlicht 9 Verf\u00fcgbare Sprachen 5+ Jahre spanische K\u00fcche&#8230;<\/p>\n","protected":false},"author":1,"featured_media":0,"parent":0,"menu_order":0,"comment_status":"closed","ping_status":"closed","template":"","meta":{"_acf_changed":false,"disable-jtr":false,"_kad_post_transparent":"","_kad_post_title":"","_kad_post_layout":"","_kad_post_sidebar_id":"","_kad_post_content_style":"","_kad_post_vertical_padding":"","_kad_post_feature":"","_kad_post_feature_position":"","_kad_post_header":false,"_kad_post_footer":false,"_kad_post_classname":"","footnotes":""},"class_list":["post-235","page","type-page","status-publish","hentry"],"acf":[],"_links":{"self":[{"href":"https:\/\/www.spanishfoodguide.com\/de\/wp-json\/wp\/v2\/pages\/235","targetHints":{"allow":["GET"]}}],"collection":[{"href":"https:\/\/www.spanishfoodguide.com\/de\/wp-json\/wp\/v2\/pages"}],"about":[{"href":"https:\/\/www.spanishfoodguide.com\/de\/wp-json\/wp\/v2\/types\/page"}],"author":[{"embeddable":true,"href":"https:\/\/www.spanishfoodguide.com\/de\/wp-json\/wp\/v2\/users\/1"}],"replies":[{"embeddable":true,"href":"https:\/\/www.spanishfoodguide.com\/de\/wp-json\/wp\/v2\/comments?post=235"}],"version-history":[{"count":13,"href":"https:\/\/www.spanishfoodguide.com\/de\/wp-json\/wp\/v2\/pages\/235\/revisions"}],"predecessor-version":[{"id":11212,"href":"https:\/\/www.spanishfoodguide.com\/de\/wp-json\/wp\/v2\/pages\/235\/revisions\/11212"}],"wp:attachment":[{"href":"https:\/\/www.spanishfoodguide.com\/de\/wp-json\/wp\/v2\/media?parent=235"}],"curies":[{"name":"wp","href":"https:\/\/api.w.org\/{rel}","templated":true}]}}