{"id":224,"date":"2020-05-14T21:44:22","date_gmt":"2020-05-14T21:44:22","guid":{"rendered":"https:\/\/www.spanishfoodguide.com\/?page_id=224"},"modified":"2021-06-03T15:12:44","modified_gmt":"2021-06-03T15:12:44","slug":"kontakt","status":"publish","type":"page","link":"https:\/\/www.spanishfoodguide.com\/de\/kontakt\/","title":{"rendered":"Kontakt"},"content":{"rendered":"\n<p class=\"has-text-align-center\"><strong>FRAGEN? FEEDBACK? BESCHWERDEN?<\/strong><\/p>\n\n\n\n<p>Vielen Dank f\u00fcr deinen Besuch auf meiner Website und dein Interesse an Spanischen Gerichten &amp; Rezepten.<\/p>\n\n\n\n<p>Ich freue mich \u00fcber deine Nachricht und bin dankbar f\u00fcr konstruktive Kritik und Verbesserungspunkte.<\/p>\n\n\n\n<p>Wenn wir zuf\u00e4llig am selben Ort in dieser kleinen Welt sind, w\u00fcrde ich mich freuen, dich kennenzulernen, etwas zu trinken und ein bisschen zu plaudern.<\/p>\n\n\n\n<p><strong><a rel=\"noreferrer noopener\" href=\"mailto:tim@spanishfoodguide.com\" target=\"_blank\">tim@spanishfoodguide.com<\/a><\/strong><\/p>\n","protected":false},"excerpt":{"rendered":"<p>FRAGEN? FEEDBACK? BESCHWERDEN? Vielen Dank f\u00fcr deinen Besuch auf meiner Website und dein Interesse an Spanischen Gerichten &amp; Rezepten. Ich freue mich \u00fcber deine Nachricht und bin dankbar f\u00fcr konstruktive Kritik und Verbesserungspunkte. Wenn wir zuf\u00e4llig am selben Ort in dieser kleinen Welt sind, w\u00fcrde ich mich freuen, dich kennenzulernen, etwas zu trinken und ein&#8230;<\/p>\n","protected":false},"author":1,"featured_media":0,"parent":0,"menu_order":0,"comment_status":"closed","ping_status":"closed","template":"","meta":{"_acf_changed":false,"disable-jtr":false,"_kad_post_transparent":"","_kad_post_title":"","_kad_post_layout":"","_kad_post_sidebar_id":"","_kad_post_content_style":"","_kad_post_vertical_padding":"","_kad_post_feature":"","_kad_post_feature_position":"","_kad_post_header":false,"_kad_post_footer":false,"_kad_post_classname":"","footnotes":""},"class_list":["post-224","page","type-page","status-publish","hentry"],"acf":[],"_links":{"self":[{"href":"https:\/\/www.spanishfoodguide.com\/de\/wp-json\/wp\/v2\/pages\/224","targetHints":{"allow":["GET"]}}],"collection":[{"href":"https:\/\/www.spanishfoodguide.com\/de\/wp-json\/wp\/v2\/pages"}],"about":[{"href":"https:\/\/www.spanishfoodguide.com\/de\/wp-json\/wp\/v2\/types\/page"}],"author":[{"embeddable":true,"href":"https:\/\/www.spanishfoodguide.com\/de\/wp-json\/wp\/v2\/users\/1"}],"replies":[{"embeddable":true,"href":"https:\/\/www.spanishfoodguide.com\/de\/wp-json\/wp\/v2\/comments?post=224"}],"version-history":[{"count":1,"href":"https:\/\/www.spanishfoodguide.com\/de\/wp-json\/wp\/v2\/pages\/224\/revisions"}],"predecessor-version":[{"id":225,"href":"https:\/\/www.spanishfoodguide.com\/de\/wp-json\/wp\/v2\/pages\/224\/revisions\/225"}],"wp:attachment":[{"href":"https:\/\/www.spanishfoodguide.com\/de\/wp-json\/wp\/v2\/media?parent=224"}],"curies":[{"name":"wp","href":"https:\/\/api.w.org\/{rel}","templated":true}]}}