{"id":219,"date":"2020-05-14T21:30:26","date_gmt":"2020-05-14T21:30:26","guid":{"rendered":"https:\/\/www.spanishfoodguide.com\/?page_id=219"},"modified":"2020-05-14T21:30:28","modified_gmt":"2020-05-14T21:30:28","slug":"affiliate-disclaimer","status":"publish","type":"page","link":"https:\/\/www.spanishfoodguide.com\/de\/affiliate-disclaimer\/","title":{"rendered":"Affiliate Disclaimer"},"content":{"rendered":"\n<p>Bestimmte Produkte \/ Dienstleistungen und Links zu Produkten \/ Dienstleistungen sind Affiliate-Links, und ich kann eine Provision f\u00fcr alle Eink\u00e4ufe verdienen, die du t\u00e4tigst. Gelegentlich werde ich entsch\u00e4digt, um meine ehrliche Meinung zu Produkten und \/ oder Dienstleistungen zu geben. Dies verursacht dir keine zus\u00e4tzlichen Kosten.<\/p>\n\n\n\n<p>Ich erw\u00e4hne diese Produkte und Dienstleistungen, weil ich an sie glaube und dir helfen m\u00f6chte, dein Leben zu verbessern. Ich empfehle nur Produkte oder Dienstleistungen, die f\u00fcr dich von Nutzen sind. Nat\u00fcrlich ist Universal Traveller bei vollst\u00e4ndiger Offenlegung ein gewinnorientiertes Unternehmen, was bedeutet, dass ich mit dieser Website ein Einkommen erziele.<\/p>\n\n\n\n<p>Um es f\u00fcr uns beide einfacher zu machen, solltest du davon ausgehen, dass alle Links, die dich zu Produkten oder Dienstleistungen f\u00fchren, Affiliate-Links sind und dass ich Provisionen von deinem Kauf erhalte.<\/p>\n\n\n\n<p>Es werden alle Anstrengungen unternommen, um sicherzustellen, dass Affiliate-Links in \u00dcbereinstimmung mit der FTC offengelegt werden.<\/p>\n\n\n\n<p>As an Amazon Associate I earn from qualifying purchases.<\/p>\n","protected":false},"excerpt":{"rendered":"<p>Bestimmte Produkte \/ Dienstleistungen und Links zu Produkten \/ Dienstleistungen sind Affiliate-Links, und ich kann eine Provision f\u00fcr alle Eink\u00e4ufe verdienen, die du t\u00e4tigst. Gelegentlich werde ich entsch\u00e4digt, um meine ehrliche Meinung zu Produkten und \/ oder Dienstleistungen zu geben. Dies verursacht dir keine zus\u00e4tzlichen Kosten. Ich erw\u00e4hne diese Produkte und Dienstleistungen, weil ich an&#8230;<\/p>\n","protected":false},"author":1,"featured_media":0,"parent":0,"menu_order":0,"comment_status":"closed","ping_status":"closed","template":"","meta":{"_acf_changed":false,"disable-jtr":false,"_kad_post_transparent":"","_kad_post_title":"","_kad_post_layout":"","_kad_post_sidebar_id":"","_kad_post_content_style":"","_kad_post_vertical_padding":"","_kad_post_feature":"","_kad_post_feature_position":"","_kad_post_header":false,"_kad_post_footer":false,"_kad_post_classname":"","footnotes":""},"class_list":["post-219","page","type-page","status-publish","hentry"],"acf":[],"_links":{"self":[{"href":"https:\/\/www.spanishfoodguide.com\/de\/wp-json\/wp\/v2\/pages\/219","targetHints":{"allow":["GET"]}}],"collection":[{"href":"https:\/\/www.spanishfoodguide.com\/de\/wp-json\/wp\/v2\/pages"}],"about":[{"href":"https:\/\/www.spanishfoodguide.com\/de\/wp-json\/wp\/v2\/types\/page"}],"author":[{"embeddable":true,"href":"https:\/\/www.spanishfoodguide.com\/de\/wp-json\/wp\/v2\/users\/1"}],"replies":[{"embeddable":true,"href":"https:\/\/www.spanishfoodguide.com\/de\/wp-json\/wp\/v2\/comments?post=219"}],"version-history":[{"count":1,"href":"https:\/\/www.spanishfoodguide.com\/de\/wp-json\/wp\/v2\/pages\/219\/revisions"}],"predecessor-version":[{"id":220,"href":"https:\/\/www.spanishfoodguide.com\/de\/wp-json\/wp\/v2\/pages\/219\/revisions\/220"}],"wp:attachment":[{"href":"https:\/\/www.spanishfoodguide.com\/de\/wp-json\/wp\/v2\/media?parent=219"}],"curies":[{"name":"wp","href":"https:\/\/api.w.org\/{rel}","templated":true}]}}